{"id":458,"date":"2026-04-28T02:21:30","date_gmt":"2026-04-28T02:21:30","guid":{"rendered":"https:\/\/ibet365.club\/?page_id=458"},"modified":"2026-04-28T02:22:48","modified_gmt":"2026-04-28T02:22:48","slug":"ansvarligt-spil","status":"publish","type":"page","link":"https:\/\/ibet365.club\/da\/ansvarligt-spil\/","title":{"rendered":"Ansvarligt spil"},"content":{"rendered":"\n<div class=\"wp-block-columns alignfull has-ast-global-color-4-background-color has-background is-layout-flex wp-container-core-columns-is-layout-28f84493 wp-block-columns-is-layout-flex\">\n<div class=\"wp-block-column is-layout-constrained wp-block-column-is-layout-constrained\">\n<h3 class=\"wp-block-heading\" id=\"h-ansvarsfullt-spelande\">Ansvarligt spil<\/h3>\n\n\n\n<p>Du kan s\u00e6tte dine gr\u00e6nser<\/p>\n\n\n\n<p><strong>Vores engagement i ansvarligt spil<\/strong><\/p>\n\n\n\n<p>En af <a href=\"https:\/\/ibet365.club\/da\/\" data-type=\"page\" data-id=\"465\">ibets<\/a> kernev\u00e6rdier er gennemsigtighed. Vi tager dette et skridt videre ved at give dig indsigt i, hvordan du spiller \u2013 hvor meget, hvorn\u00e5r du vinder og taber. Det er derfor i vores interesse og engagement konstant at sikre, at spil ikke misbruges, og at vores kunder kan spille sikkert, ansvarligt og p\u00e5 en gennemsigtig m\u00e5de.<\/p>\n\n\n\n<p><strong>Hvordan spiller jeg ansvarligt?<\/strong><\/p>\n\n\n\n<ul class=\"wp-block-list\">\n<li>Se spil som underholdning, ikke som en indt\u00e6gtskilde.<\/li>\n\n\n\n<li>Spil kun med penge, du har r\u00e5d til at tabe. Brug indbetalings- og forbrugsgr\u00e6nser til at holde styr p\u00e5 dine bel\u00f8b.<\/li>\n\n\n\n<li>Jagt aldrig tab \u2013 det f\u00f8rer ofte til problemer.<\/li>\n\n\n\n<li>Spor, hvor meget tid du bruger p\u00e5 at spille spil. Sessionsgr\u00e6nser giver dig mulighed for at kontrollere, hvor l\u00e6nge du kan v\u00e6re logget ind.<\/li>\n\n\n\n<li>Balancer spil med andre aktiviteter. Hvis spil bliver din eneste underholdning, b\u00f8r du tage en pause og t\u00e6nke over, om det stadig er sjovt.<\/li>\n\n\n\n<li>Tag regelm\u00e6ssige pauser. Langvarig spil kan f\u00e5 dig til at miste tidsfornemmelsen.<\/li>\n\n\n\n<li>Spil ikke under p\u00e5virkning af alkohol eller n\u00e5r du er ked af det eller stresset \u2013 det forringer dine beslutningsevner.<\/li>\n\n\n\n<li>Overvej, hvor meget tid og penge du bruger p\u00e5 spil. Du kan spore din aktivitet i din kontohistorik online.<\/li>\n\n\n\n<li>S\u00e6t dig ind i vinderchancerne og hvordan produkterne fungerer.<\/li>\n\n\n\n<li>Hvis du har brug for at tale med nogen om dit spilleproblem, kan du kontakte en st\u00f8tteorganisation for ludomani.<\/li>\n<\/ul>\n\n\n\n<p><strong>Hvad er problemspil?<\/strong><\/p>\n\n\n\n<p>Problemspil involverer spil i et omfang, der bringer familielivet, personlige forhold eller fritidsaktiviteter i fare, forstyrrer eller skader dem. En problemspiller beskrives ofte som en person, der bruger mere tid og\/eller penge p\u00e5 spil, end personen har r\u00e5d til.<\/p>\n\n\n\n<p><strong>Advarselstegn p\u00e5 problemspil<\/strong><\/p>\n\n\n\n<ul class=\"wp-block-list\">\n<li>Du bruger mere tid og penge p\u00e5 gambling, end du har r\u00e5d til.<\/li>\n\n\n\n<li>Du har sv\u00e6rt ved at begr\u00e6nse eller stoppe med at spille.<\/li>\n\n\n\n<li>Konflikter med familie eller venner om penge og spil.<\/li>\n\n\n\n<li>Nedsat lyst til at g\u00f8re ting, du normalt nyder.<\/li>\n\n\n\n<li>Konstante tanker eller snak om gambling.<\/li>\n\n\n\n<li>Du lyver om eller skjuler dit spil.<\/li>\n\n\n\n<li>Du jagter tab eller pr\u00f8ver at spille dig ud af \u00f8konomiske problemer.<\/li>\n\n\n\n<li>Du spiller, indtil pengene er brugt op.<\/li>\n\n\n\n<li>Du l\u00e5ner penge, s\u00e6lger ting, optager l\u00e5n eller ignorerer regninger for at finansiere spil.<\/li>\n\n\n\n<li>Du skal spille med h\u00f8jere indsatser eller i l\u00e6ngere perioder for at f\u00e5 det samme kick.<\/li>\n\n\n\n<li>Arbejde, studier, familie eller husholdning fors\u00f8mmes p\u00e5 grund af gambling.<\/li>\n\n\n\n<li>F\u00f8lelser af bekymring, skyld, depression eller irritation.<\/li>\n<\/ul>\n\n\n\n<p><strong>V\u00e6rkt\u00f8jer der hj\u00e6lper<\/strong><\/p>\n\n\n\n<p>F\u00f8lgende v\u00e6rkt\u00f8jer hj\u00e6lper dig med at bevare kontrollen over dit spil. Du kan konfigurere spilstyring her.<\/p>\n\n\n\n<p><strong>Indbetalingsgr\u00e6nse<\/strong><\/p>\n\n\n\n<p>Indbetalingsgr\u00e6nser giver dig mulighed for at kontrollere, hvor mange penge du m\u00e5 indbetale pr. kalenderdag, uge eller m\u00e5ned.<br>N\u00e5r gr\u00e6nsen er n\u00e5et, kan du ikke indbetale mere, f\u00f8r perioden er nulstillet. Du kan stadig bruge andre ibet- tjenester og spille med de midler, der allerede er tilg\u00e6ngelige p\u00e5 din konto.<br><strong>Indstil en indbetalingsgr\u00e6nse her.<\/strong><\/p>\n\n\n\n<p><strong>Tag en pause<\/strong><\/p>\n\n\n\n<p>Hvis du \u00f8nsker en kort pause fra spil og v\u00e6ddem\u00e5l, kan du aktivere en timeout p\u00e5 24 timer, 7 dage, 30 dage eller 90 dage.<br>I pausen kan du ikke bruge din konto til spil, men du kan logge ind for at h\u00e6ve en eventuel resterende saldo .<br><strong>Indstil en timeout her.<\/strong><\/p>\n\n\n\n<p><strong>Selvtest<\/strong><\/p>\n\n\n\n<p>Gamblers Anonymous tilbyder en simpel test p\u00e5 deres hjemmeside for at vurdere, om dit spil for\u00e5rsager problemer.<br><strong>Tag testen her.<\/strong><\/p>\n\n\n\n<p><strong>Selvnedlukning<\/strong><\/p>\n\n\n\n<p>Dette v\u00e6rkt\u00f8j giver dig mulighed for at udelukke dig selv fra spil i en valgt periode. Du vil ikke kunne logge ind, f\u00f8r suspenderingen er udl\u00f8bet.<br><strong>Indstil selvudelukkelse her.<\/strong><\/p>\n\n\n\n<p><strong>Hvem kan hj\u00e6lpe?<\/strong><\/p>\n\n\n\n<p>Hvor kan du \u2013 eller en du kender \u2013 henvende dig, hvis der er et problem?<\/p>\n\n\n\n<p>Det kan v\u00e6re sv\u00e6rt at indr\u00f8mme, at man har et problem \u2013 og det er alvorligt. Spilleproblemer kan \u00f8del\u00e6gge liv. Men folk beder om hj\u00e6lp hver dag, og det er et tegn p\u00e5 styrke at g\u00f8re det. Nedenfor er organisationer, der hj\u00e6lper mennesker med spilleproblemer hver dag.<\/p>\n\n\n\n<p><strong>Organisationer<\/strong><\/p>\n\n\n\n<p><strong>Spilleterapi <\/strong>\u2013 <a href=\"http:\/\/www.gamblingtherapy.org\/\" target=\"_blank\" rel=\"noreferrer noopener\">www.gamblingtherapy.org Global service<\/a><br><strong>, <\/strong>der tilbyder gratis praktisk r\u00e5dgivning og f\u00f8lelsesm\u00e6ssig st\u00f8tte til alle, der er ber\u00f8rt af spilleproblemer.<\/p>\n\n\n\n<p><strong>Gamblers Anonymous <\/strong>\u2013 <a href=\"http:\/\/www.gamblersanonymous.org.uk\/\" target=\"_blank\" rel=\"noreferrer noopener\">www.gamblersanonymous.org.uk<\/a><br>Tilbyder fora, chatrum, materialer og vigtigst af alt m\u00f8des\u00f8gning. M\u00f8der afholdes dagligt i England, Wales og Ulster.<\/p>\n\n\n\n<p><strong>Dunlewey Afh\u00e6ngighedstjenester <\/strong>\u2013 <strong>www.dunlewey.org Gratis og fortroligt st\u00f8tte- og mentorprogram for dem <\/strong><a href=\"http:\/\/www.dunlewey.org\/\" target=\"_blank\" rel=\"noreferrer noopener\">,<\/a><br>der har problemer med deres eget eller en p\u00e5r\u00f8rendes stofmisbrug eller spil.<\/p>\n\n\n\n<p><strong>Blokering af spillesider<\/strong><\/p>\n\n\n\n<p><strong>Gamban <\/strong>\u2013 <a href=\"http:\/\/www.gamban.com\/\" target=\"_blank\" rel=\"noreferrer noopener\">www.gamban.com<\/a><br>Hvis du vil blokere adgangen til alle spillehjemmesider, findes der Gamban, en uafh\u00e6ngig organisation, der tilbyder en app , der blokerer spillesider og -apps p\u00e5 mobil, tablet og computer.<\/p>\n\n\n\n<p><strong>G\u00e6lds- og finansiel r\u00e5dgivning<\/strong><\/p>\n\n\n\n<p>Spil kan f\u00f8re til problemer med l\u00e5n og kreditkortg\u00e6ld. Fors\u00f8g ikke at spille for at betale din g\u00e6ld af. S\u00f8g i stedet hj\u00e6lp fra organisationer, der kan hj\u00e6lpe dig med at lave en plan.<\/p>\n\n\n\n<p><strong>My Money Steps <\/strong>\u2013 <a href=\"http:\/\/www.mymoneysteps.org\/\" target=\"_blank\" rel=\"noreferrer noopener\">www.mymoneysteps.org<\/a><br>Foresl\u00e5r muligheder for g\u00e6ldsh\u00e5ndtering og udvikler en personlig handlingsplan.<\/p>\n\n\n\n<p><strong>Hj\u00e6lp en ven<\/strong><\/p>\n\n\n\n<p><strong>Genkend signalerne<\/strong><\/p>\n\n\n\n<p>Ting at v\u00e6re opm\u00e6rksom p\u00e5, n\u00e5r en person, du er t\u00e6t p\u00e5, kan v\u00e6re i risiko for at skade sig selv gennem sit spil:<\/p>\n\n\n\n<ul class=\"wp-block-list\">\n<li><strong>Travlhed: <\/strong>Konstant at tale om og genopleve gevinster fra spillevirksomhed.<\/li>\n\n\n\n<li><strong>Tolerance: <\/strong>Behov for at h\u00e6ve indsatsen for det samme spark.<\/li>\n\n\n\n<li><strong>Manglende evne til at holde op: <\/strong>Har pr\u00f8vet, men fejlet.<\/li>\n\n\n\n<li><strong>Irritabilitet: <\/strong>Bliver irritabel, n\u00e5r den ikke kan spille.<\/li>\n\n\n\n<li><strong>Flugt: <\/strong>Bruger spil til at undslippe problemer derhjemme eller p\u00e5 arbejdet.<\/li>\n\n\n\n<li><strong>Jagter tab: <\/strong>Fors\u00f8ger at vinde tabte penge tilbage.<\/li>\n\n\n\n<li><strong>Skjulespil: <\/strong>Snydspil p\u00e5 telefonen, f.eks. under bordet.<\/li>\n\n\n\n<li><strong>L\u00e5n penge: <\/strong>Bed venner om penge at spille med.<\/li>\n\n\n\n<li><strong>L\u00f8gne: <\/strong>At ben\u00e6gte eller nedtone spil og tab.<\/li>\n<\/ul>\n\n\n\n<p><strong>Tror du, at du eller en anden har et problem?<\/strong><\/p>\n\n\n\n<p>Hvis du ser flere af signalerne hos en ven, s\u00e5 tag det roligt op. Et simpelt sp\u00f8rgsm\u00e5l som: &#8220;Hej, jeg har bem\u00e6rket, at du har spillet meget p\u00e5 det seneste \u2013 hvordan har du det?&#8221; kan v\u00e6re nok til at \u00e5bne op for tingene.<br>St\u00f8tte er n\u00f8glen. En delt bekymring er en halveret bekymring. Se afsnittet <strong>Hvem kan hj\u00e6lpe <\/strong>for at f\u00e5 kontakt.<\/p>\n\n\n\n<p><strong>Beskyttelse af mindre\u00e5rige<\/strong><\/p>\n\n\n\n<p>Vi \u00f8nsker ikke b\u00f8rn, der leger \u2013 slet ingen b\u00f8rn. Vi foretager aldersbekr\u00e6ftelse p\u00e5 alle konti for at sikre, at kunderne er 18 \u00e5r eller \u00e6ldre.<br>Hvis vi ikke kan bekr\u00e6fte alderen elektronisk, vil kontoen blive suspenderet, og vi vil anmode om bevis.<\/p>\n\n\n\n<p>Vi ved, at b\u00f8rn nogle gange bruger deres for\u00e6ldres telefoner, tablets og computere \u2013 og at du muligvis er logget ind. Derfor skal spilvirksomheder og for\u00e6ldre samarbejde for at beskytte b\u00f8rn mod hasardspil.<\/p>\n\n\n\n<p><strong>Tips til beskyttelse af mindre\u00e5rige<\/strong><\/p>\n\n\n\n<ul class=\"wp-block-list\">\n<li>Opbevar brugernavne, adgangskoder og betalingsoplysninger utilg\u00e6ngeligt for dem \u2013 ikke p\u00e5 et stykke papir p\u00e5 din computer.<\/li>\n\n\n\n<li>Gem ikke adgangskoder, og brug ikke autoudfyldning p\u00e5 delte enheder.<\/li>\n\n\n\n<li>Log altid ud, hvis der er b\u00f8rn i n\u00e6rheden.<\/li>\n\n\n\n<li>Installer webblokering\/ for\u00e6ldreblokering kontrol , s\u00e5som Net Nanny, til at blokere spillesider p\u00e5 b\u00e5de computer og mobil.<\/li>\n\n\n\n<li>Tal med dine b\u00f8rn om lovligheden og risiciene ved hasardspil i en ung alder.<\/li>\n\n\n\n<li>Begr\u00e6ns dine b\u00f8rns sk\u00e6rmtid.<\/li>\n\n\n\n<li>Brug indbyggede for\u00e6ldrekontroller p\u00e5 mobil\/tablet\/computer\/tv.<\/li>\n<\/ul>\n<\/div>\n<\/div>\n\n\n\n<div class=\"wp-block-columns alignfull has-black-background-color has-background is-layout-flex wp-container-core-columns-is-layout-28f84493 wp-block-columns-is-layout-flex\">\n<div class=\"wp-block-column is-layout-constrained wp-block-column-is-layout-constrained\">\n<div class=\"wp-block-columns is-layout-flex wp-container-core-columns-is-layout-28f84493 wp-block-columns-is-layout-flex\">\n<div class=\"wp-block-column is-layout-flow wp-block-column-is-layout-flow\">\n<div class=\"wp-block-columns is-not-stacked-on-mobile is-layout-flex wp-container-core-columns-is-layout-28f84493 wp-block-columns-is-layout-flex\">\n<div class=\"wp-block-column is-vertically-aligned-center is-layout-flow wp-block-column-is-layout-flow\">\n<figure class=\"wp-block-image aligncenter size-full\"><img decoding=\"async\" src=\"https:\/\/ibet-se.com\/wp-content\/uploads\/2025\/07\/Bank-Transfer-copy.webp\" alt=\"Bank Transfer\" class=\"wp-image-182\"\/><\/figure>\n<\/div>\n\n\n\n<div class=\"wp-block-column is-vertically-aligned-center is-layout-flow wp-block-column-is-layout-flow\">\n<figure class=\"wp-block-image aligncenter size-full\"><img decoding=\"async\" src=\"https:\/\/ibet-se.com\/wp-content\/uploads\/2025\/07\/VISA-copy.webp\" alt=\"Visa\" class=\"wp-image-186\"\/><\/figure>\n<\/div>\n\n\n\n<div class=\"wp-block-column is-vertically-aligned-center is-layout-flow wp-block-column-is-layout-flow\">\n<figure class=\"wp-block-image aligncenter size-full\"><img decoding=\"async\" src=\"https:\/\/ibet-se.com\/wp-content\/uploads\/2025\/07\/100-Secure-copy.webp\" alt=\"100% Secure\" class=\"wp-image-181\"\/><\/figure>\n<\/div>\n<\/div>\n<\/div>\n\n\n\n<div class=\"wp-block-column is-layout-flow wp-block-column-is-layout-flow\">\n<div class=\"wp-block-columns is-not-stacked-on-mobile is-layout-flex wp-container-core-columns-is-layout-28f84493 wp-block-columns-is-layout-flex\">\n<div class=\"wp-block-column is-vertically-aligned-center is-layout-flow wp-block-column-is-layout-flow\">\n<figure class=\"wp-block-image aligncenter size-full is-resized\"><img decoding=\"async\" src=\"https:\/\/ibet-se.com\/wp-content\/uploads\/2025\/07\/Mifinity-copy.webp\" alt=\"Mifinity\" class=\"wp-image-185\" style=\"width:100px\"\/><\/figure>\n<\/div>\n\n\n\n<div class=\"wp-block-column is-vertically-aligned-center is-layout-flow wp-block-column-is-layout-flow\">\n<figure class=\"wp-block-image aligncenter size-full\"><img decoding=\"async\" src=\"https:\/\/ibet-se.com\/wp-content\/uploads\/2025\/07\/flykk-copy.webp\" alt=\"Flykk\" class=\"wp-image-183\"\/><\/figure>\n<\/div>\n\n\n\n<div class=\"wp-block-column is-vertically-aligned-center is-layout-flow wp-block-column-is-layout-flow\">\n<figure class=\"wp-block-image aligncenter size-full is-resized\"><img decoding=\"async\" src=\"https:\/\/ibet-se.com\/wp-content\/uploads\/2025\/07\/Jetonbank-copy.webp\" alt=\"Jeton Bank\" class=\"wp-image-184\" style=\"width:100px\"\/><\/figure>\n<\/div>\n<\/div>\n<\/div>\n\n\n\n<div class=\"wp-block-column is-layout-flow wp-block-column-is-layout-flow\">\n<div class=\"wp-block-columns is-not-stacked-on-mobile is-layout-flex wp-container-core-columns-is-layout-28f84493 wp-block-columns-is-layout-flex\">\n<div class=\"wp-block-column is-vertically-aligned-center is-layout-flow wp-block-column-is-layout-flow\">\n<figure class=\"wp-block-image aligncenter size-full is-resized\"><img decoding=\"async\" src=\"https:\/\/ibet-se.com\/wp-content\/uploads\/2025\/07\/Trustly-copy.webp\" alt=\"Trustly\" class=\"wp-image-189\" style=\"width:100px\"\/><\/figure>\n<\/div>\n\n\n\n<div class=\"wp-block-column is-vertically-aligned-center is-layout-flow wp-block-column-is-layout-flow\">\n<figure class=\"wp-block-image aligncenter size-full\"><img decoding=\"async\" src=\"https:\/\/ibet-se.com\/wp-content\/uploads\/2025\/07\/Ellipse-1-copy.webp\" alt=\"Mastercard\" class=\"wp-image-187\"\/><\/figure>\n<\/div>\n\n\n\n<div class=\"wp-block-column is-vertically-aligned-center is-layout-flow wp-block-column-is-layout-flow\">\n<figure class=\"wp-block-image aligncenter size-full\"><img decoding=\"async\" src=\"https:\/\/ibet-se.com\/wp-content\/uploads\/2025\/07\/Neosurf-copy.webp\" alt=\"Neosurf\" class=\"wp-image-188\"\/><\/figure>\n<\/div>\n<\/div>\n<\/div>\n<\/div>\n<\/div>\n<\/div>\n","protected":false},"excerpt":{"rendered":"<p>Ansvarligt spil Du kan s\u00e6tte dine gr\u00e6nser Vores engagement i ansvarligt spil En af ibets kernev\u00e6rdier er gennemsigtighed. Vi tager [&hellip;]<\/p>\n","protected":false},"author":7,"featured_media":0,"parent":0,"menu_order":0,"comment_status":"closed","ping_status":"closed","template":"","meta":{"site-sidebar-layout":"default","site-content-layout":"","ast-site-content-layout":"default","site-content-style":"default","site-sidebar-style":"default","ast-global-header-display":"","ast-banner-title-visibility":"","ast-main-header-display":"","ast-hfb-above-header-display":"","ast-hfb-below-header-display":"","ast-hfb-mobile-header-display":"","site-post-title":"disabled","ast-breadcrumbs-content":"","ast-featured-img":"","footer-sml-layout":"","ast-disable-related-posts":"","theme-transparent-header-meta":"","adv-header-id-meta":"","stick-header-meta":"","header-above-stick-meta":"","header-main-stick-meta":"","header-below-stick-meta":"","astra-migrate-meta-layouts":"default","ast-page-background-enabled":"default","ast-page-background-meta":{"desktop":{"background-color":"var(--ast-global-color-5)","background-image":"","background-repeat":"repeat","background-position":"center center","background-size":"auto","background-attachment":"scroll","background-type":"","background-media":"","overlay-type":"","overlay-color":"","overlay-opacity":"","overlay-gradient":""},"tablet":{"background-color":"","background-image":"","background-repeat":"repeat","background-position":"center center","background-size":"auto","background-attachment":"scroll","background-type":"","background-media":"","overlay-type":"","overlay-color":"","overlay-opacity":"","overlay-gradient":""},"mobile":{"background-color":"","background-image":"","background-repeat":"repeat","background-position":"center center","background-size":"auto","background-attachment":"scroll","background-type":"","background-media":"","overlay-type":"","overlay-color":"","overlay-opacity":"","overlay-gradient":""}},"ast-content-background-meta":{"desktop":{"background-color":"var(--ast-global-color-4)","background-image":"","background-repeat":"repeat","background-position":"center center","background-size":"auto","background-attachment":"scroll","background-type":"","background-media":"","overlay-type":"","overlay-color":"","overlay-opacity":"","overlay-gradient":""},"tablet":{"background-color":"var(--ast-global-color-4)","background-image":"","background-repeat":"repeat","background-position":"center center","background-size":"auto","background-attachment":"scroll","background-type":"","background-media":"","overlay-type":"","overlay-color":"","overlay-opacity":"","overlay-gradient":""},"mobile":{"background-color":"var(--ast-global-color-4)","background-image":"","background-repeat":"repeat","background-position":"center center","background-size":"auto","background-attachment":"scroll","background-type":"","background-media":"","overlay-type":"","overlay-color":"","overlay-opacity":"","overlay-gradient":""}},"footnotes":""},"class_list":["post-458","page","type-page","status-publish","hentry"],"_links":{"self":[{"href":"https:\/\/ibet365.club\/da\/wp-json\/wp\/v2\/pages\/458","targetHints":{"allow":["GET"]}}],"collection":[{"href":"https:\/\/ibet365.club\/da\/wp-json\/wp\/v2\/pages"}],"about":[{"href":"https:\/\/ibet365.club\/da\/wp-json\/wp\/v2\/types\/page"}],"author":[{"embeddable":true,"href":"https:\/\/ibet365.club\/da\/wp-json\/wp\/v2\/users\/7"}],"replies":[{"embeddable":true,"href":"https:\/\/ibet365.club\/da\/wp-json\/wp\/v2\/comments?post=458"}],"version-history":[{"count":2,"href":"https:\/\/ibet365.club\/da\/wp-json\/wp\/v2\/pages\/458\/revisions"}],"predecessor-version":[{"id":479,"href":"https:\/\/ibet365.club\/da\/wp-json\/wp\/v2\/pages\/458\/revisions\/479"}],"wp:attachment":[{"href":"https:\/\/ibet365.club\/da\/wp-json\/wp\/v2\/media?parent=458"}],"curies":[{"name":"wp","href":"https:\/\/api.w.org\/{rel}","templated":true}]}}