{"id":153,"date":"2025-09-06T09:12:12","date_gmt":"2025-09-06T09:12:12","guid":{"rendered":"https:\/\/ibet365.club\/?page_id=153"},"modified":"2026-02-14T10:52:16","modified_gmt":"2026-02-14T10:52:16","slug":"vastuullinen-pelaaminen","status":"publish","type":"page","link":"https:\/\/ibet365.club\/fi\/vastuullinen-pelaaminen\/","title":{"rendered":"Vastuullinen pelaaminen"},"content":{"rendered":"\n<div class=\"wp-block-columns alignfull has-ast-global-color-4-background-color has-background is-layout-flex wp-container-core-columns-is-layout-28f84493 wp-block-columns-is-layout-flex\">\n<div class=\"wp-block-column is-layout-constrained wp-block-column-is-layout-constrained\">\n<h3 class=\"wp-block-heading\">Vastuullinen pelaaminen<\/h3>\n\n\n\n<p>Voit asettaa omat rajasi<\/p>\n\n\n\n<p><strong>Sitoutumisemme vastuulliseen pelaamiseen<\/strong><\/p>\n\n\n\n<p>Yksi ibetin ydinarvoista on l\u00e4pin\u00e4kyvyys. Viemme t\u00e4m\u00e4n askeleen pidemm\u00e4lle antamalla sinulle tietoa siit\u00e4, miten pelaat \u2013 kuinka paljon, milloin voitat ja h\u00e4vi\u00e4t. Siksi on etujemme mukaista ja sitoumuksemme mukaista jatkuvasti varmistaa, ettei pelej\u00e4 v\u00e4\u00e4rink\u00e4ytet\u00e4 ja ett\u00e4 asiakkaamme voivat pelata turvallisesti, vastuullisesti ja l\u00e4pin\u00e4kyv\u00e4sti.<\/p>\n\n\n\n<p><strong>Miten pelaan vastuullisesti?<\/strong><\/p>\n\n\n\n<ul class=\"wp-block-list\">\n<li>Pid\u00e4 pelej\u00e4 viihteen\u00e4, \u00e4l\u00e4 tulonl\u00e4hteen\u00e4.<\/li>\n\n\n\n<li>Pelaa uhkapelej\u00e4 vain rahalla, jonka sinulla on varaa h\u00e4vit\u00e4. K\u00e4yt\u00e4 talletus- ja kulutusrajoja summiesi seuraamiseen.<\/li>\n\n\n\n<li>\u00c4l\u00e4 koskaan jahtaa tappioita \u2013 se johtaa usein ongelmiin.<\/li>\n\n\n\n<li>Seuraa, kuinka paljon aikaa viet\u00e4t pelaamalla pelej\u00e4. Istuntorajoitukset antavat sinun hallita sit\u00e4, kuinka kauan voit pysy\u00e4 kirjautuneena sis\u00e4\u00e4n.<\/li>\n\n\n\n<li>Tasapainota pelaamista muiden aktiviteettien kanssa. Jos pelaamisesta tulee ainoa viihteesi, sinun kannattaa pit\u00e4\u00e4 tauko ja mietti\u00e4, onko se edelleen hauskaa.<\/li>\n\n\n\n<li>Pid\u00e4 s\u00e4\u00e4nn\u00f6llisesti taukoja. Pitk\u00e4aikainen pelaaminen voi saada sinut menett\u00e4m\u00e4\u00e4n ajantajun.<\/li>\n\n\n\n<li>\u00c4l\u00e4 pelaa uhkapelej\u00e4 alkoholin vaikutuksen alaisena tai ollessasi surullinen tai stressaantunut \u2013 se heikent\u00e4\u00e4 p\u00e4\u00e4t\u00f6ksentekokyky\u00e4si.<\/li>\n\n\n\n<li>Mieti, kuinka paljon aikaa ja rahaa k\u00e4yt\u00e4t uhkapelaamiseen. Voit seurata aktiivisuuttasi tilihistoriastasi verkossa.<\/li>\n\n\n\n<li>Tutustu voittomahdollisuuksiin ja tuotteiden toimintaan.<\/li>\n\n\n\n<li>Jos sinun t\u00e4ytyy keskustella peliriippuvuudestasi jonkun kanssa, ota yhteytt\u00e4 peliriippuvuutta tukevaan organisaatioon.<\/li>\n<\/ul>\n\n\n\n<p><strong>Mit\u00e4 on ongelmapelaaminen?<\/strong><\/p>\n\n\n\n<p>Ongelmapelaaminen tarkoittaa pelaamista siin\u00e4 m\u00e4\u00e4rin, ett\u00e4 se vaarantaa, h\u00e4iritsee tai vahingoittaa perhe-el\u00e4m\u00e4\u00e4, henkil\u00f6kohtaisia suhteita tai vapaa-ajan aktiviteetteja. Ongelmapelaajaksi kuvataan usein henkil\u00f6\u00e4, joka k\u00e4ytt\u00e4\u00e4 pelaamiseen enemm\u00e4n aikaa ja\/tai rahaa kuin h\u00e4nell\u00e4 on varaa.<\/p>\n\n\n\n<p><strong>Ongelmapelaamisen varoitusmerkit<\/strong><\/p>\n\n\n\n<ul class=\"wp-block-list\">\n<li>K\u00e4yt\u00e4t uhkapelaamiseen enemm\u00e4n aikaa ja rahaa kuin sinulla on varaa.<\/li>\n\n\n\n<li>Sinulla on vaikeuksia rajoittaa tai lopettaa uhkapelaamista.<\/li>\n\n\n\n<li>Ristiriidat perheen tai yst\u00e4vien kanssa rahasta ja uhkapeleist\u00e4.<\/li>\n\n\n\n<li>V\u00e4hentynyt halu tehd\u00e4 asioita, joista normaalisti nautit.<\/li>\n\n\n\n<li>Jatkuvat ajatukset tai puheet uhkapelaamisesta.<\/li>\n\n\n\n<li>Valehtelet uhkapelaamisestasi tai salaat sit\u00e4.<\/li>\n\n\n\n<li>Jahtaat tappioita tai yrit\u00e4t pelata tiesi ulos taloudellisista ongelmista.<\/li>\n\n\n\n<li>Pelaat, kunnes rahat loppuvat.<\/li>\n\n\n\n<li>Lainaat rahaa, myyt tavaroita, otat lainoja tai j\u00e4t\u00e4t laskut maksamatta rahoittaaksesi uhkapelaamista.<\/li>\n\n\n\n<li>Sinun t\u00e4ytyy pelata suuremmilla panoksilla tai pidempi\u00e4 aikoja saadaksesi saman potkun.<\/li>\n\n\n\n<li>Ty\u00f6, opiskelu, perhe tai kotitalous j\u00e4\u00e4v\u00e4t pelaamisen takia laiminly\u00f6nneiksi.<\/li>\n\n\n\n<li>Huolen, syyllisyyden, masennuksen tai \u00e4rsytyksen tunteet.<\/li>\n<\/ul>\n\n\n\n<p><strong>Ty\u00f6kaluja, jotka auttavat<\/strong><\/p>\n\n\n\n<p>Seuraavat ty\u00f6kalut auttavat sinua hallitsemaan pelaamistasi. Voit m\u00e4\u00e4ritt\u00e4\u00e4 peliasetukset t\u00e4\u00e4ll\u00e4.<\/p>\n\n\n\n<p><strong>Talletusraja<\/strong><\/p>\n\n\n\n<p>Talletusrajojen avulla voit hallita sit\u00e4, kuinka paljon rahaa voit tallettaa kalenterip\u00e4iv\u00e4n, viikon tai kuukauden aikana.<br>Kun raja on saavutettu, et voi tallettaa enemp\u00e4\u00e4, ennen kuin ajanjakso on nollattu. Voit edelleen k\u00e4ytt\u00e4\u00e4 muita ibet- palveluita ja pelata tilill\u00e4si jo olevilla varoilla.<br><strong>Aseta talletusraja t\u00e4\u00e4ll\u00e4.<\/strong><\/p>\n\n\n\n<p><strong>Pid\u00e4 tauko<\/strong><\/p>\n\n\n\n<p>Jos haluat pit\u00e4\u00e4 lyhyen tauon pelaamisesta ja vedonly\u00f6nnist\u00e4, voit aktivoida aikalis\u00e4n 24 tunniksi, 7 p\u00e4iv\u00e4ksi, 30 p\u00e4iv\u00e4ksi tai 90 p\u00e4iv\u00e4ksi.<br>Tauon aikana et voi k\u00e4ytt\u00e4\u00e4 tili\u00e4si uhkapelaamiseen, mutta voit kirjautua sis\u00e4\u00e4n ja nostaa j\u00e4ljell\u00e4 olevan saldon .<br><strong>Aseta aikalis\u00e4 t\u00e4st\u00e4.<\/strong><\/p>\n\n\n\n<p><strong>Itsetestaus<\/strong><\/p>\n\n\n\n<p>Gamblers Anonymous tarjoaa verkkosivuillaan yksinkertaisen testin, jolla voit arvioida, aiheuttaako pelaamisesi ongelmia.<br><strong>Tee testi t\u00e4\u00e4ll\u00e4.<\/strong><\/p>\n\n\n\n<p><strong>Itsesammutus<\/strong><\/p>\n\n\n\n<p>T\u00e4m\u00e4n ty\u00f6kalun avulla voit asettaa itsellesi pelikiellon valituksi ajaksi. Et voi kirjautua sis\u00e4\u00e4n ennen kuin pelikielto on p\u00e4\u00e4ttynyt.<br><strong>Aseta pelikielto t\u00e4\u00e4ll\u00e4.<\/strong><\/p>\n\n\n\n<p><strong>Kuka voi auttaa?<\/strong><\/p>\n\n\n\n<p>Minne sin\u00e4 \u2013 tai joku tuntemasi \u2013 voit k\u00e4\u00e4nty\u00e4 ongelmatilanteessa?<\/p>\n\n\n\n<p>Ongelman my\u00f6nt\u00e4minen voi olla vaikeaa \u2013 ja se on vakavaa. Peliongelma voi pilata el\u00e4m\u00e4n. Mutta ihmiset pyyt\u00e4v\u00e4t apua joka p\u00e4iv\u00e4, ja se on merkki vahvuudesta. Alla on organisaatioita, jotka auttavat peliongelmaisia ihmisi\u00e4 joka p\u00e4iv\u00e4.<\/p>\n\n\n\n<p><strong>Organisaatiot<\/strong><\/p>\n\n\n\n<p><strong>Peliterapia <\/strong>\u2013 <a href=\"http:\/\/www.gamblingtherapy.org\/\" target=\"_blank\" rel=\"noreferrer noopener\">www.gamblingtherapy.org Maailmanlaajuinen palvelu<\/a><br><strong>, <\/strong>joka tarjoaa maksutonta k\u00e4yt\u00e4nn\u00f6n neuvontaa ja emotionaalista tukea kaikille peliongelmista k\u00e4rsiville.<\/p>\n\n\n\n<p><strong>Gamblers Anonymous <\/strong>\u2013 <a href=\"http:\/\/www.gamblersanonymous.org.uk\/\" target=\"_blank\" rel=\"noreferrer noopener\">www.gamblersanonymous.org.uk<\/a><br>Tarjoaa foorumeita, chat-huoneita, materiaaleja ja ennen kaikkea tapaamishakua. Kokouksia pidet\u00e4\u00e4n p\u00e4ivitt\u00e4in Englannissa, Walesissa ja Ulsterissa.<\/p>\n\n\n\n<p><strong>Dunlewey Riippuvuuspalvelut <\/strong>\u2013 <a href=\"http:\/\/www.dunlewey.org\/\" target=\"_blank\" rel=\"noreferrer noopener\">www.dunlewey.org Maksuton ja luottamuksellinen tuki- ja mentorointiohjelma niille<\/a><br><strong>, <\/strong>joilla on ongelmia oman tai l\u00e4heisen p\u00e4ihteiden k\u00e4yt\u00f6n tai pelaamisen kanssa.<\/p>\n\n\n\n<p><strong>Uhkapelisivustojen est\u00e4minen<\/strong><\/p>\n\n\n\n<p><strong>Gamban <\/strong>\u2013 <a href=\"http:\/\/www.gamban.com\/\" target=\"_blank\" rel=\"noreferrer noopener\">www.gamban.com<\/a><br>Jos haluat est\u00e4\u00e4 p\u00e4\u00e4syn kaikille uhkapelisivustoille, on olemassa Gamban, riippumaton organisaatio, joka tarjoaa sovelluksen , joka est\u00e4\u00e4 uhkapelisivustoja ja -sovelluksia mobiililaitteilla, tableteilla ja tietokoneilla.<\/p>\n\n\n\n<p><strong>Velka- ja talousneuvonta<\/strong><\/p>\n\n\n\n<p>Uhkapelaaminen voi johtaa ongelmiin lainojen ja luottokorttivelkojen kanssa. \u00c4l\u00e4 yrit\u00e4 maksaa velkojasi uhkapelaamalla. Hae sen sijaan apua organisaatioilta, jotka voivat auttaa sinua tekem\u00e4\u00e4n suunnitelman.<\/p>\n\n\n\n<p><strong>My Money Steps <\/strong>\u2013 <a href=\"http:\/\/www.mymoneysteps.org\/\" target=\"_blank\" rel=\"noreferrer noopener\">www.mymoneysteps.org<\/a><br>Ehdottaa vaihtoehtoja velan hallintaan ja kehitt\u00e4\u00e4 henkil\u00f6kohtaisen toimintasuunnitelman.<\/p>\n\n\n\n<p><strong>Auta yst\u00e4v\u00e4\u00e4<\/strong><\/p>\n\n\n\n<p><strong>Tunnista signaalit<\/strong><\/p>\n\n\n\n<p>Huomioitavaa, jos l\u00e4heinen ihminen saattaa olla vaarassa vahingoittaa itse\u00e4\u00e4n uhkapelaamisen kautta:<\/p>\n\n\n\n<ul class=\"wp-block-list\">\n<li><strong>Kiire: <\/strong>Jatkuvasti uhkapelivoitoista puhuminen ja niiden uudelleen kokeminen.<\/li>\n\n\n\n<li><strong>Suvaitsevaisuus: <\/strong>Tarve nostaa panoksia samaa potkua varten.<\/li>\n\n\n\n<li><strong>Kyvytt\u00f6myys lopettaa: <\/strong>Olen yritt\u00e4nyt, mutta ep\u00e4onnistunut.<\/li>\n\n\n\n<li><strong>\u00c4rtyneisyys: <\/strong>Tulee \u00e4rtyis\u00e4ksi, kun ei pysty leikkim\u00e4\u00e4n.<\/li>\n\n\n\n<li><strong>Pako: <\/strong>K\u00e4ytt\u00e4\u00e4 pelej\u00e4 paetakseen ongelmia kotona tai ty\u00f6ss\u00e4.<\/li>\n\n\n\n<li><strong>Tappioiden per\u00e4ss\u00e4 juokseminen: <\/strong>Yritys voittaa takaisin h\u00e4vityt rahat.<\/li>\n\n\n\n<li><strong>Piiloutuminen: <\/strong>Piilopeli puhelimella, esim. p\u00f6yd\u00e4n alla.<\/li>\n\n\n\n<li><strong>Lainaa rahaa: <\/strong>Pyyd\u00e4 yst\u00e4vilt\u00e4 rahaa pelaamiseen.<\/li>\n\n\n\n<li><strong>Valheet: <\/strong>Uhkapelaamisen ja tappioiden kielt\u00e4minen tai v\u00e4h\u00e4ttely.<\/li>\n<\/ul>\n\n\n\n<p><strong>Luuletko, ett\u00e4 sinulla tai jollain muulla on ongelma?<\/strong><\/p>\n\n\n\n<p>Jos n\u00e4et yst\u00e4v\u00e4ss\u00e4si useita samoja merkkej\u00e4, ota asia rauhallisesti puheeksi. Yksinkertainen kysymys, kuten &#8221;Hei, olen huomannut, ett\u00e4 olet pelannut paljon viime aikoina \u2013 mit\u00e4 kuuluu?&#8221;, voi riitt\u00e4\u00e4 avaamaan asioita.<br>Tuki on avainasemassa. Jaettu huoli puolittaa huolen. Katso osiosta <strong>Kuka voi auttaa <\/strong>, miten voit ottaa yhteytt\u00e4.<\/p>\n\n\n\n<p><strong>Alaik\u00e4isten suojelu<\/strong><\/p>\n\n\n\n<p>Emme halua lasten leikkiv\u00e4n \u2013 ei lapsia ollenkaan. Teemme i\u00e4nvarmistuksen jokaiselle tilille varmistaaksemme, ett\u00e4 asiakkaat ovat v\u00e4hint\u00e4\u00e4n 18-vuotiaita.<br>Jos emme pysty vahvistamaan ik\u00e4\u00e4 s\u00e4hk\u00f6isesti, tili j\u00e4\u00e4dytet\u00e4\u00e4n ja pyyd\u00e4mme todisteita.<\/p>\n\n\n\n<p>Tied\u00e4mme, ett\u00e4 lapset k\u00e4ytt\u00e4v\u00e4t joskus vanhempiensa puhelimia, tabletteja ja tietokoneita \u2013 ja ett\u00e4 sin\u00e4kin saatat olla kirjautuneena sis\u00e4\u00e4n. Siksi peliyhti\u00f6iden ja vanhempien on teht\u00e4v\u00e4 yhteisty\u00f6t\u00e4 suojellakseen lapsia uhkapelaamiselta.<\/p>\n\n\n\n<p><strong>Vinkkej\u00e4 alaik\u00e4isten suojelemiseen<\/strong><\/p>\n\n\n\n<ul class=\"wp-block-list\">\n<li>Pid\u00e4 k\u00e4ytt\u00e4j\u00e4tunnukset, salasanat ja maksutiedot poissa ulottuvilta \u2013 \u00e4l\u00e4k\u00e4 paperilla tietokoneellasi.<\/li>\n\n\n\n<li>\u00c4l\u00e4 tallenna salasanoja \u00e4l\u00e4k\u00e4 k\u00e4yt\u00e4 automaattista t\u00e4ytt\u00f6\u00e4 jaetuilla laitteilla.<\/li>\n\n\n\n<li>Kirjaudu aina ulos, jos l\u00e4hell\u00e4 on lapsia.<\/li>\n\n\n\n<li>Asenna verkkoesto\/ lapsilukko hallintaty\u00f6kaluja , kuten Net Nanny, uhkapelisivustojen est\u00e4miseksi sek\u00e4 tietokoneella ett\u00e4 mobiililaitteilla.<\/li>\n\n\n\n<li>Keskustele lastesi kanssa uhkapelaamisen laillisuudesta ja riskeist\u00e4 jo nuorena.<\/li>\n\n\n\n<li>Rajoita lastesi ruutuaikaa.<\/li>\n\n\n\n<li>K\u00e4yt\u00e4 sis\u00e4\u00e4nrakennettuja lapsilukkoja mobiililaitteella\/tabletilla\/tietokoneella\/televisiossa.<\/li>\n<\/ul>\n<\/div>\n<\/div>\n\n\n\n<div class=\"wp-block-columns alignfull has-black-background-color has-background is-layout-flex wp-container-core-columns-is-layout-28f84493 wp-block-columns-is-layout-flex\">\n<div class=\"wp-block-column is-layout-constrained wp-block-column-is-layout-constrained\">\n<div class=\"wp-block-columns is-layout-flex wp-container-core-columns-is-layout-28f84493 wp-block-columns-is-layout-flex\">\n<div class=\"wp-block-column is-layout-flow wp-block-column-is-layout-flow\">\n<div class=\"wp-block-columns is-not-stacked-on-mobile is-layout-flex wp-container-core-columns-is-layout-28f84493 wp-block-columns-is-layout-flex\">\n<div class=\"wp-block-column is-vertically-aligned-center is-layout-flow wp-block-column-is-layout-flow\">\n<figure class=\"wp-block-image aligncenter size-full\"><img decoding=\"async\" src=\"https:\/\/ibet-se.com\/wp-content\/uploads\/2025\/07\/Bank-Transfer-copy.webp\" alt=\"Bank Transfer\" class=\"wp-image-182\"\/><\/figure>\n<\/div>\n\n\n\n<div class=\"wp-block-column is-vertically-aligned-center is-layout-flow wp-block-column-is-layout-flow\">\n<figure class=\"wp-block-image aligncenter size-full\"><img decoding=\"async\" src=\"https:\/\/ibet-se.com\/wp-content\/uploads\/2025\/07\/VISA-copy.webp\" alt=\"Visa\" class=\"wp-image-186\"\/><\/figure>\n<\/div>\n\n\n\n<div class=\"wp-block-column is-vertically-aligned-center is-layout-flow wp-block-column-is-layout-flow\">\n<figure class=\"wp-block-image aligncenter size-full\"><img decoding=\"async\" src=\"https:\/\/ibet-se.com\/wp-content\/uploads\/2025\/07\/100-Secure-copy.webp\" alt=\"100% Secure\" class=\"wp-image-181\"\/><\/figure>\n<\/div>\n<\/div>\n<\/div>\n\n\n\n<div class=\"wp-block-column is-layout-flow wp-block-column-is-layout-flow\">\n<div class=\"wp-block-columns is-not-stacked-on-mobile is-layout-flex wp-container-core-columns-is-layout-28f84493 wp-block-columns-is-layout-flex\">\n<div class=\"wp-block-column is-vertically-aligned-center is-layout-flow wp-block-column-is-layout-flow\">\n<figure class=\"wp-block-image aligncenter size-full is-resized\"><img decoding=\"async\" src=\"https:\/\/ibet-se.com\/wp-content\/uploads\/2025\/07\/Mifinity-copy.webp\" alt=\"Mifinity\" class=\"wp-image-185\" style=\"width:100px\"\/><\/figure>\n<\/div>\n\n\n\n<div class=\"wp-block-column is-vertically-aligned-center is-layout-flow wp-block-column-is-layout-flow\">\n<figure class=\"wp-block-image aligncenter size-full\"><img decoding=\"async\" src=\"https:\/\/ibet-se.com\/wp-content\/uploads\/2025\/07\/flykk-copy.webp\" alt=\"Flykk\" class=\"wp-image-183\"\/><\/figure>\n<\/div>\n\n\n\n<div class=\"wp-block-column is-vertically-aligned-center is-layout-flow wp-block-column-is-layout-flow\">\n<figure class=\"wp-block-image aligncenter size-full is-resized\"><img decoding=\"async\" src=\"https:\/\/ibet-se.com\/wp-content\/uploads\/2025\/07\/Jetonbank-copy.webp\" alt=\"Jeton Bank\" class=\"wp-image-184\" style=\"width:100px\"\/><\/figure>\n<\/div>\n<\/div>\n<\/div>\n\n\n\n<div class=\"wp-block-column is-layout-flow wp-block-column-is-layout-flow\">\n<div class=\"wp-block-columns is-not-stacked-on-mobile is-layout-flex wp-container-core-columns-is-layout-28f84493 wp-block-columns-is-layout-flex\">\n<div class=\"wp-block-column is-vertically-aligned-center is-layout-flow wp-block-column-is-layout-flow\">\n<figure class=\"wp-block-image aligncenter size-full is-resized\"><img decoding=\"async\" src=\"https:\/\/ibet-se.com\/wp-content\/uploads\/2025\/07\/Trustly-copy.webp\" alt=\"Trustly\" class=\"wp-image-189\" style=\"width:100px\"\/><\/figure>\n<\/div>\n\n\n\n<div class=\"wp-block-column is-vertically-aligned-center is-layout-flow wp-block-column-is-layout-flow\">\n<figure class=\"wp-block-image aligncenter size-full\"><img decoding=\"async\" src=\"https:\/\/ibet-se.com\/wp-content\/uploads\/2025\/07\/Ellipse-1-copy.webp\" alt=\"Mastercard\" class=\"wp-image-187\"\/><\/figure>\n<\/div>\n\n\n\n<div class=\"wp-block-column is-vertically-aligned-center is-layout-flow wp-block-column-is-layout-flow\">\n<figure class=\"wp-block-image aligncenter size-full\"><img decoding=\"async\" src=\"https:\/\/ibet-se.com\/wp-content\/uploads\/2025\/07\/Neosurf-copy.webp\" alt=\"Neosurf\" class=\"wp-image-188\"\/><\/figure>\n<\/div>\n<\/div>\n<\/div>\n<\/div>\n<\/div>\n<\/div>\n","protected":false},"excerpt":{"rendered":"<p>Vastuullinen pelaaminen Voit asettaa omat rajasi Sitoutumisemme vastuulliseen pelaamiseen Yksi ibetin ydinarvoista on l\u00e4pin\u00e4kyvyys. Viemme t\u00e4m\u00e4n askeleen pidemm\u00e4lle antamalla sinulle [&hellip;]<\/p>\n","protected":false},"author":7,"featured_media":0,"parent":0,"menu_order":0,"comment_status":"closed","ping_status":"closed","template":"","meta":{"site-sidebar-layout":"default","site-content-layout":"","ast-site-content-layout":"default","site-content-style":"default","site-sidebar-style":"default","ast-global-header-display":"","ast-banner-title-visibility":"","ast-main-header-display":"","ast-hfb-above-header-display":"","ast-hfb-below-header-display":"","ast-hfb-mobile-header-display":"","site-post-title":"disabled","ast-breadcrumbs-content":"","ast-featured-img":"","footer-sml-layout":"","ast-disable-related-posts":"","theme-transparent-header-meta":"","adv-header-id-meta":"","stick-header-meta":"","header-above-stick-meta":"","header-main-stick-meta":"","header-below-stick-meta":"","astra-migrate-meta-layouts":"default","ast-page-background-enabled":"default","ast-page-background-meta":{"desktop":{"background-color":"var(--ast-global-color-5)","background-image":"","background-repeat":"repeat","background-position":"center center","background-size":"auto","background-attachment":"scroll","background-type":"","background-media":"","overlay-type":"","overlay-color":"","overlay-opacity":"","overlay-gradient":""},"tablet":{"background-color":"","background-image":"","background-repeat":"repeat","background-position":"center center","background-size":"auto","background-attachment":"scroll","background-type":"","background-media":"","overlay-type":"","overlay-color":"","overlay-opacity":"","overlay-gradient":""},"mobile":{"background-color":"","background-image":"","background-repeat":"repeat","background-position":"center center","background-size":"auto","background-attachment":"scroll","background-type":"","background-media":"","overlay-type":"","overlay-color":"","overlay-opacity":"","overlay-gradient":""}},"ast-content-background-meta":{"desktop":{"background-color":"var(--ast-global-color-4)","background-image":"","background-repeat":"repeat","background-position":"center center","background-size":"auto","background-attachment":"scroll","background-type":"","background-media":"","overlay-type":"","overlay-color":"","overlay-opacity":"","overlay-gradient":""},"tablet":{"background-color":"var(--ast-global-color-4)","background-image":"","background-repeat":"repeat","background-position":"center center","background-size":"auto","background-attachment":"scroll","background-type":"","background-media":"","overlay-type":"","overlay-color":"","overlay-opacity":"","overlay-gradient":""},"mobile":{"background-color":"var(--ast-global-color-4)","background-image":"","background-repeat":"repeat","background-position":"center center","background-size":"auto","background-attachment":"scroll","background-type":"","background-media":"","overlay-type":"","overlay-color":"","overlay-opacity":"","overlay-gradient":""}},"footnotes":""},"class_list":["post-153","page","type-page","status-publish","hentry"],"_links":{"self":[{"href":"https:\/\/ibet365.club\/fi\/wp-json\/wp\/v2\/pages\/153","targetHints":{"allow":["GET"]}}],"collection":[{"href":"https:\/\/ibet365.club\/fi\/wp-json\/wp\/v2\/pages"}],"about":[{"href":"https:\/\/ibet365.club\/fi\/wp-json\/wp\/v2\/types\/page"}],"author":[{"embeddable":true,"href":"https:\/\/ibet365.club\/fi\/wp-json\/wp\/v2\/users\/7"}],"replies":[{"embeddable":true,"href":"https:\/\/ibet365.club\/fi\/wp-json\/wp\/v2\/comments?post=153"}],"version-history":[{"count":1,"href":"https:\/\/ibet365.club\/fi\/wp-json\/wp\/v2\/pages\/153\/revisions"}],"predecessor-version":[{"id":192,"href":"https:\/\/ibet365.club\/fi\/wp-json\/wp\/v2\/pages\/153\/revisions\/192"}],"wp:attachment":[{"href":"https:\/\/ibet365.club\/fi\/wp-json\/wp\/v2\/media?parent=153"}],"curies":[{"name":"wp","href":"https:\/\/api.w.org\/{rel}","templated":true}]}}