{"id":165,"date":"2025-09-06T09:17:44","date_gmt":"2025-09-06T09:17:44","guid":{"rendered":"https:\/\/ibet365.club\/?page_id=165"},"modified":"2026-02-14T10:52:16","modified_gmt":"2026-02-14T10:52:16","slug":"tietosuojakaytanto","status":"publish","type":"page","link":"https:\/\/ibet365.club\/fi\/tietosuojakaytanto\/","title":{"rendered":"Tietosuojak\u00e4yt\u00e4nt\u00f6"},"content":{"rendered":"\n<div class=\"wp-block-columns alignfull has-ast-global-color-4-background-color has-background is-layout-flex wp-container-core-columns-is-layout-28f84493 wp-block-columns-is-layout-flex\">\n<div class=\"wp-block-column is-layout-constrained wp-block-column-is-layout-constrained\">\n<h3 class=\"wp-block-heading\" id=\"h-integritetspolicy\">Tietosuojak\u00e4yt\u00e4nt\u00f6<\/h3>\n\n\n\n<p><strong>Tietosuoja- ja ev\u00e4stek\u00e4yt\u00e4nt\u00f6<\/strong><\/p>\n\n\n\n<p><strong>1. Johdanto<\/strong><\/p>\n\n\n\n<p>ibetill\u00e4 arvostamme l\u00e4pin\u00e4kyvyytt\u00e4 ja otamme yksityisyytesi eritt\u00e4in vakavasti. Arvostamme , ett\u00e4 jaat henkil\u00f6tietojasi kanssamme, ja haluamme olla avoimia siit\u00e4, miten niit\u00e4 k\u00e4ytet\u00e4\u00e4n.<\/p>\n\n\n\n<p>T\u00e4ss\u00e4 tietosuojak\u00e4yt\u00e4nn\u00f6ss\u00e4 selitet\u00e4\u00e4n, miten ja miksi henkil\u00f6tietojasi ker\u00e4t\u00e4\u00e4n verkkosivustomme www.ibet.com ja sen muunnelmien, mukaan lukien mobiilisovelluksemme ( &#8221;Sivusto&#8221;), k\u00e4yt\u00f6n kautta, miksi tietoja ker\u00e4t\u00e4\u00e4n ja miten niit\u00e4 suojataan. Olemme ottaneet k\u00e4ytt\u00f6\u00f6n turvatoimenpiteit\u00e4 tietojesi suojaamiseksi ja k\u00e4sittelemme niit\u00e4 sovellettavien tietosuojam\u00e4\u00e4r\u00e4ysten mukaisesti.<\/p>\n\n\n\n<p>T\u00e4ss\u00e4 k\u00e4yt\u00e4nn\u00f6ss\u00e4 kuvataan, miten k\u00e4sittelemme henkil\u00f6tietojasi, ja se koskee Claymore Group Limited -yrityst\u00e4 , joka yll\u00e4pit\u00e4\u00e4 www.ibet.com-sivustoa. T\u00e4ss\u00e4 k\u00e4yt\u00e4nn\u00f6ss\u00e4 yritykseen viitataan nimityksill\u00e4 \u201dme\u201d, \u201dmeit\u00e4\u201d tai \u201dmeid\u00e4n\u201d.<\/p>\n\n\n\n<p><strong>2. Mit\u00e4 tietoja ker\u00e4\u00e4mme sinulta?<\/strong><\/p>\n\n\n\n<p><strong>2.1 Itse antamasi tiedot<\/strong><\/p>\n\n\n\n<p>Ker\u00e4\u00e4mme tietoja, jotka annat vapaaehtoisesti k\u00e4ytt\u00e4ess\u00e4si Palveluita, kuten rekister\u00f6ityess\u00e4si ibet- asiakkaaksi. Jotkin tiedot ovat pakollisia tilin luomiseksi:<\/p>\n\n\n\n<ul class=\"wp-block-list\">\n<li>Yhteystiedot: nimi, sukunimi, osoite, ik\u00e4, syntym\u00e4aika, sukupuoli, s\u00e4hk\u00f6postiosoite, puhelinnumero, postinumero.<\/li>\n\n\n\n<li>Taloudelliset tiedot: pankkitiedot ja tapahtumahistoria (talletukset ja nostot kauttamme).<\/li>\n\n\n\n<li>Rahanpesun vastaisten lakis\u00e4\u00e4teisten vaatimusten vuoksi meid\u00e4n on joskus pyydett\u00e4v\u00e4 lis\u00e4asiakirjoja, kuten valokuvallinen henkil\u00f6llisyystodistus, todiste varallisuuden alkuper\u00e4st\u00e4, todiste osoitteesta jne.<\/li>\n<\/ul>\n\n\n\n<p><strong>2.2 Kolmannen osapuolen tiedot<\/strong><\/p>\n\n\n\n<p>Voimme t\u00e4ydent\u00e4\u00e4 suoraan sinulta ker\u00e4\u00e4mi\u00e4mme tietoja ulkoisista l\u00e4hteist\u00e4, kuten julkisista tietokannoista, demografisten tietojen tarjoajilta tai muilta kumppaneilta, saatavilla tiedoilla. S\u00e4\u00e4ntelyvaatimusten t\u00e4ytt\u00e4miseksi ker\u00e4\u00e4mme my\u00f6s KYC-tietoja (\u201d Tunne asiakkaasi \u201d). Sinun Asiakas \u201d) erikoistuneilta kolmannen osapuolen toimittajilta.<\/p>\n\n\n\n<p><strong>2.3 Laitteestasi automaattisesti ker\u00e4tyt tiedot<\/strong><\/p>\n\n\n\n<p>Me ja kolmannen osapuolen palveluntarjoajamme voimme ker\u00e4t\u00e4 tietoja laitteeltasi automaattisesti:<\/p>\n\n\n\n<ul class=\"wp-block-list\">\n<li>Selaimesi tai laitteesi kautta: IP-osoite, laitetyyppi, kieli ja selaintyyppi. T\u00e4m\u00e4 auttaa meit\u00e4 varmistamaan, ett\u00e4 palvelut toimivat oikein.<\/li>\n\n\n\n<li>Sovelluksen k\u00e4yt\u00f6n kautta : Kun lataat ja k\u00e4yt\u00e4t sovelluksiamme , voimme seurata k\u00e4ytt\u00f6tietoja, kuten p\u00e4iv\u00e4m\u00e4\u00e4r\u00e4\u00e4 ja kellonaikaa, jolloin sovellus muodostaa yhteyden palvelimillemme, ja mit\u00e4 tiedostoja ladataan.<\/li>\n<\/ul>\n\n\n\n<p>Lis\u00e4tietoja ev\u00e4steiden k\u00e4yt\u00f6st\u00e4 on ev\u00e4stek\u00e4yt\u00e4nn\u00f6ss\u00e4mme.<\/p>\n\n\n\n<p><strong>3. Miten k\u00e4yt\u00e4mme henkil\u00f6tietojasi?<\/strong><\/p>\n\n\n\n<p>K\u00e4sittelemme henkil\u00f6tietoja ainoastaan t\u00e4m\u00e4n tietosuojak\u00e4yt\u00e4nn\u00f6n mukaisesti. Tietoja k\u00e4ytet\u00e4\u00e4n muun muassa seuraaviin tarkoituksiin:<\/p>\n\n\n\n<ul class=\"wp-block-list\">\n<li>hallinnoida rekister\u00f6inti\u00e4si, luoda ja yll\u00e4pit\u00e4\u00e4 tili\u00e4si (mukaan lukien i\u00e4n varmennus ja petosten torjunta);<\/li>\n\n\n\n<li>hallinnoida pelej\u00e4, joihin osallistut, ja ilmoittaa sinulle voitoista tai bonuksista;<\/li>\n\n\n\n<li>k\u00e4ytt\u00e4\u00e4, parantaa ja mukauttaa palveluitamme sek\u00e4 analysoida k\u00e4ytt\u00e4jien k\u00e4ytt\u00e4ytymist\u00e4;<\/li>\n\n\n\n<li>varmistaa, ett\u00e4 verkkosivuston sis\u00e4lt\u00f6 esitet\u00e4\u00e4n parhaalla mahdollisella tavalla sinulle ja laitteellesi;<\/li>\n\n\n\n<li>l\u00e4hett\u00e4\u00e4ksemme palvelutietoja tilist\u00e4si ja tarjouksistasi sek\u00e4 markkinointiviestej\u00e4 (voit muuttaa tilisi asetuksia milloin tahansa ja kielt\u00e4yty\u00e4 markkinoinnista).<\/li>\n<\/ul>\n\n\n\n<p>Voimme k\u00e4ytt\u00e4\u00e4 tietoja my\u00f6s tutkimukseen, kuten asiakaskokemusanalyysiin, tuoteparannukseen ja kampanjoiden arviointiin.<\/p>\n\n\n\n<p>Emme koskaan myy tietojasi tai jaa niit\u00e4 markkinointitarkoituksiin ilman nimenomaista suostumustasi.<\/p>\n\n\n\n<p><strong>4. Kenen kanssa jaamme tietojasi?<\/strong><\/p>\n\n\n\n<p>Tietojasi voidaan jakaa kolmansille osapuolille palvelujemme toimittamiseksi, esimerkiksi:<\/p>\n\n\n\n<ul class=\"wp-block-list\">\n<li>Puhe- ja tekstiviestipalveluntarjoajat.<\/li>\n\n\n\n<li>Maksupalveluntarjoajat talletuksille ja nostoille.<\/li>\n\n\n\n<li>Riskien, petosten ja vaatimustenmukaisuuden toimittajat.<\/li>\n\n\n\n<li>Kumppanit, jotka parantavat asiakaskokemustasi (vain suostumuksellasi).<\/li>\n\n\n\n<li>Tutkimus ja analyysi (voit vastustaa k\u00e4sittely\u00e4 tilastollisiin\/profilointitarkoituksiin milloin tahansa ottamalla yhteytt\u00e4 osoitteeseen dpo@ibet.com).<\/li>\n<\/ul>\n\n\n\n<p>Lain niin vaatiessa tietoja voidaan luovuttaa viranomaisille, s\u00e4\u00e4ntelyelimille tai urheiluj\u00e4rjest\u00f6ille rikosten tai s\u00e4\u00e4nt\u00f6rikkomusten tutkimiseksi.<\/p>\n\n\n\n<p><strong>5. Kuinka kauan s\u00e4ilyt\u00e4mme tietojasi?<\/strong><\/p>\n\n\n\n<p>S\u00e4ilyt\u00e4mme tietojasi vain niin kauan kuin on tarpeen t\u00e4ss\u00e4 k\u00e4yt\u00e4nn\u00f6ss\u00e4 m\u00e4\u00e4riteltyjen tarkoitusten toteuttamiseksi. Kun ibet- tilisi on suljettu, s\u00e4ilyt\u00e4mme tietoja vain siin\u00e4 m\u00e4\u00e4rin kuin se on tarpeen lakis\u00e4\u00e4teisten velvoitteiden (esim. verolains\u00e4\u00e4d\u00e4nt\u00f6, rahanpesun vastainen lains\u00e4\u00e4d\u00e4nt\u00f6) noudattamiseksi tai riitojen ratkaisemiseksi. Saat lis\u00e4tietoja s\u00e4ilytysajoista omalla laink\u00e4ytt\u00f6alueellasi ottamalla yhteytt\u00e4 osoitteeseen dpo@ibet.com.<\/p>\n\n\n\n<p><strong>6. Turvallisuus, henkil\u00f6llisyyden tarkistukset ja petosten ehk\u00e4isy<\/strong><\/p>\n\n\n\n<p>Kun kirjaudut sis\u00e4\u00e4n uudelta laitteelta, ilmoitamme sinulle luvattoman k\u00e4yt\u00f6n est\u00e4miseksi. Ker\u00e4\u00e4mme tietoja, kuten laitteen tyyppi, valmistaja, IP-osoite, aikavy\u00f6hyke, k\u00e4ytt\u00f6j\u00e4rjestelm\u00e4, resoluutio ja kirjautumisaika.<\/p>\n\n\n\n<p>ibet ty\u00f6skentelee aktiivisesti urheilun rehellisyyden yll\u00e4pit\u00e4miseksi ja otteluiden manipuloinnin est\u00e4miseksi. T\u00e4m\u00e4 tapahtuu muun muassa yhteisty\u00f6ss\u00e4 International Betting Integrity Associationin (IBIA) kanssa.<\/p>\n\n\n\n<p>Tarvittaessa voimme varmistaa henkil\u00f6llisyytesi yhteisty\u00f6kumppanuuksien kautta, kuten SCHUFA (Saksa), GB Group Plc (Iso-Britannia) tai Iovation. Inc. (USA). Voimme my\u00f6s suorittaa milloin tahansa turvatarkastuksia henkil\u00f6llisyyden, i\u00e4n, tilitietojen ja tapahtumien varmentamiseksi.<\/p>\n\n\n\n<p><strong>7. Oikeutesi<\/strong><\/p>\n\n\n\n<p>Sinulla on oikeus pyyt\u00e4\u00e4 maksutta tietoa siit\u00e4, mit\u00e4 tietoja sinusta s\u00e4ilyt\u00e4mme, mist\u00e4 ne ovat per\u00e4isin, kuka on ne vastaanottanut ja miksi ne tallennetaan. Sinulla on my\u00f6s oikeus:<\/p>\n\n\n\n<ul class=\"wp-block-list\">\n<li>pyyt\u00e4\u00e4 henkil\u00f6tietojesi korjaamista, t\u00e4ydent\u00e4mist\u00e4 tai poistamista,<\/li>\n\n\n\n<li>saada tietosi siirrett\u00e4v\u00e4ksi toiselle organisaatiolle,<\/li>\n\n\n\n<li>vastustaa tietty\u00e4 k\u00e4sittely\u00e4 (esim. profilointia),<\/li>\n\n\n\n<li>peruuttaa suostumuksensa,<\/li>\n\n\n\n<li>tehd\u00e4 valitus valvontaviranomaiselle (p\u00e4\u00e4viranomainen: Tietosuoja- ja rekisterinpitovirasto komissaari Maltalla).<\/li>\n<\/ul>\n\n\n\n<p>Tiettyj\u00e4 poikkeuksia on olemassa, esimerkiksi jos luovuttaminen paljastaisi tietoja toisesta henkil\u00f6st\u00e4 tai jos lait (esim. rahanpesun vastainen laki) edellytt\u00e4v\u00e4t tietojen jatkuvaa s\u00e4ilytt\u00e4mist\u00e4.<\/p>\n\n\n\n<p><strong>8. Ulkoinen sis\u00e4lt\u00f6 ja ev\u00e4steet<\/strong><\/p>\n\n\n\n<p><strong>8.1 Ulkoinen sis\u00e4lt\u00f6<\/strong><\/p>\n\n\n\n<p>K\u00e4yt\u00e4mme joskus aktiivista JavaScript-sis\u00e4lt\u00f6\u00e4 ulkoisilta palveluntarjoajilta. T\u00e4m\u00e4 voi tarkoittaa, ett\u00e4 palveluntarjoaja saa tietoja k\u00e4ynnist\u00e4si, my\u00f6s EU:n ulkopuolella. Voit est\u00e4\u00e4 t\u00e4m\u00e4n JavaScriptin est\u00e4j\u00e4n avulla (esim. NoScript ) tai poistamalla JavaScriptin k\u00e4yt\u00f6st\u00e4 selaimessasi. Huomaa, ett\u00e4 jotkin toiminnot saattavat t\u00e4ll\u00f6in lakata toimimasta.<\/p>\n\n\n\n<p><strong>8.2 Ev\u00e4steet<\/strong><\/p>\n\n\n\n<p>K\u00e4yt\u00e4mme verkkosivustolla, sovelluksissa ja uutiskirjeiss\u00e4 ev\u00e4steit\u00e4 k\u00e4ytt\u00f6kokemuksen parantamiseksi, ominaisuuksien mahdollistamiseksi ja analyysien suorittamiseksi. Ev\u00e4steet ovat pieni\u00e4 tekstitiedostoja, jotka tallennetaan laitteellesi ja jotka voivat sis\u00e4lt\u00e4\u00e4 (henkil\u00f6kohtaisia) tietoja, kuten IP-osoitteen, k\u00e4ytt\u00f6j\u00e4rjestelm\u00e4n, tiedostojen k\u00e4ytt\u00f6oikeuden ja ajan.<\/p>\n\n\n\n<p>Voit asettaa selaimesi vastaanottamaan ilmoituksia, sallimaan ev\u00e4steet tapauskohtaisesti tai est\u00e4m\u00e4\u00e4n ne. Parhaan k\u00e4ytt\u00f6kokemuksen saavuttamiseksi suosittelemme ev\u00e4steidemme hyv\u00e4ksymist\u00e4.<\/p>\n\n\n\n<p><strong>K\u00e4ytt\u00e4m\u00e4mme ev\u00e4stetyypit:<\/strong><\/p>\n\n\n\n<ul class=\"wp-block-list\">\n<li><strong>V\u00e4ltt\u00e4m\u00e4tt\u00f6m\u00e4t ev\u00e4steet <\/strong>\u2013 v\u00e4ltt\u00e4m\u00e4tt\u00f6mi\u00e4 verkkosivuston toiminnan kannalta, eiv\u00e4t ker\u00e4\u00e4 henkil\u00f6tietoja.<\/li>\n\n\n\n<li><strong>Suorituskykyev\u00e4steet <\/strong>\u2013 analysoivat k\u00e4ytt\u00e4ytymist\u00e4 nimett\u00f6m\u00e4sti suorituskyvyn parantamiseksi.<\/li>\n\n\n\n<li><strong>Toiminnalliset ev\u00e4steet <\/strong>\u2013 muistavat k\u00e4ytt\u00e4j\u00e4n valinnat (esim. kieli), voivat sis\u00e4lt\u00e4\u00e4 henkil\u00f6tietoja.<\/li>\n\n\n\n<li><strong>Mainosev\u00e4steet <\/strong>\u2013 k\u00e4ytet\u00e4\u00e4n n\u00e4ytt\u00e4m\u00e4\u00e4n olennaista sis\u00e4lt\u00f6\u00e4 ja niit\u00e4 voidaan jakaa kolmansille osapuolille.<\/li>\n\n\n\n<li><strong>Kolmannen osapuolen ev\u00e4steet <\/strong>\u2013 ulkoisten palveluntarjoajien asettamat ev\u00e4steet, joihin sovelletaan heid\u00e4n k\u00e4yt\u00e4nt\u00f6j\u00e4\u00e4n.<\/li>\n<\/ul>\n\n\n\n<p><strong>8.3 Kolmannen osapuolen ty\u00f6kalut<\/strong><\/p>\n\n\n\n<p>K\u00e4yt\u00e4mme t\u00e4ll\u00e4 hetkell\u00e4 mm.:<\/p>\n\n\n\n<ul class=\"wp-block-list\">\n<li><strong>Google Analytics <\/strong>\u2013 verkkotilastoja varten (IP-anonymisoinnilla).<\/li>\n\n\n\n<li><strong>Iovation <\/strong>\u2013 k\u00e4ytt\u00e4jien k\u00e4ytt\u00e4ytymisen analysointiin ja petosten torjuntaan.<\/li>\n\n\n\n<li><strong>Google API:t ja Google Tag Manager <\/strong>\u2013 erilaisia sovellusohjelmointirajapintoja ja skriptej\u00e4 Googlelta.<\/li>\n<\/ul>\n\n\n\n<p><strong>9. Tietoturva<\/strong><\/p>\n\n\n\n<p>K\u00e4yt\u00e4mme teknisi\u00e4 ja organisatorisia toimenpiteit\u00e4 suojataksemme henkil\u00f6tietoja luvattomalta k\u00e4yt\u00f6lt\u00e4, katoamiselta tai muuttamiselta. Huomaa, ett\u00e4 s\u00e4hk\u00f6postiviestint\u00e4\u00e4 ei voida t\u00e4ysin suojata; suosittelemme arkaluonteisten tietojen k\u00e4sittelyyn tavallista postia.<\/p>\n\n\n\n<p><strong>10. Keit\u00e4 me olemme ja miten meihin saa yhteyden<\/strong><\/p>\n\n\n\n<p>Jos sinulla on kysytt\u00e4v\u00e4\u00e4 oikeuksistasi tai t\u00e4st\u00e4 k\u00e4yt\u00e4nn\u00f6st\u00e4, ota yhteytt\u00e4 tietosuojavastaavaamme osoitteessa dpo@ibet.com.<\/p>\n\n\n\n<p><strong>Claymore Malta Ltd,<\/strong><br>taso 3 (sviitti nro 3333), Tower Business Center<br>Triq It-Torri, Swatar<br>Birkirkara BKR 4013, MaltaS\u00e4hk\u00f6posti: support@ibet.com<\/p>\n\n\n\n<p>Claymore Malta Ltd:n kotipaikka on Maltalla ja se noudattaa GDPR:\u00e4\u00e4. Noudatamme seuraavia periaatteita: laillisuus, oikeudenmukaisuus, l\u00e4pin\u00e4kyvyys, k\u00e4ytt\u00f6tarkoituksen rajoittaminen, tietojen minimointi, tarkkuus, s\u00e4ilytyksen rajoittaminen, yksityisyys\/ luottamuksellisuus ja vastuuvelvollisuus.<\/p>\n\n\n\n<p><strong>11. Muutokset k\u00e4yt\u00e4nt\u00f6\u00f6n<\/strong><\/p>\n\n\n\n<p>Saatamme p\u00e4ivitt\u00e4\u00e4 t\u00e4t\u00e4 k\u00e4yt\u00e4nt\u00f6\u00e4 ja ilmoitamme sinulle niist\u00e4 julkaisemalla muutokset sivustolla ja l\u00e4hett\u00e4m\u00e4ll\u00e4 sinulle s\u00e4hk\u00f6postia tai viestin. Sinulle annetaan mahdollisuus hyv\u00e4ksy\u00e4 kaikki olennaiset muutokset. Muutokset astuvat voimaan niiden julkaisemisen j\u00e4lkeen, ja jatkuva k\u00e4ytt\u00f6 katsotaan hyv\u00e4ksynn\u00e4ksi.<\/p>\n\n\n\n<p><strong>Versio 2.1, Julkaisup\u00e4iv\u00e4: 06.03.2025<\/strong><\/p>\n<\/div>\n<\/div>\n\n\n\n<div class=\"wp-block-columns alignfull has-black-background-color has-background is-layout-flex wp-container-core-columns-is-layout-28f84493 wp-block-columns-is-layout-flex\">\n<div class=\"wp-block-column is-layout-constrained wp-block-column-is-layout-constrained\">\n<div class=\"wp-block-columns is-layout-flex wp-container-core-columns-is-layout-28f84493 wp-block-columns-is-layout-flex\">\n<div class=\"wp-block-column is-layout-flow wp-block-column-is-layout-flow\">\n<div class=\"wp-block-columns is-not-stacked-on-mobile is-layout-flex wp-container-core-columns-is-layout-28f84493 wp-block-columns-is-layout-flex\">\n<div class=\"wp-block-column is-vertically-aligned-center is-layout-flow wp-block-column-is-layout-flow\">\n<figure class=\"wp-block-image aligncenter size-full\"><img decoding=\"async\" src=\"https:\/\/ibet-se.com\/wp-content\/uploads\/2025\/07\/Bank-Transfer-copy.webp\" alt=\"Bank Transfer\" class=\"wp-image-182\"\/><\/figure>\n<\/div>\n\n\n\n<div class=\"wp-block-column is-vertically-aligned-center is-layout-flow wp-block-column-is-layout-flow\">\n<figure class=\"wp-block-image aligncenter size-full\"><img decoding=\"async\" src=\"https:\/\/ibet-se.com\/wp-content\/uploads\/2025\/07\/VISA-copy.webp\" alt=\"Visa\" class=\"wp-image-186\"\/><\/figure>\n<\/div>\n\n\n\n<div class=\"wp-block-column is-vertically-aligned-center is-layout-flow wp-block-column-is-layout-flow\">\n<figure class=\"wp-block-image aligncenter size-full\"><img decoding=\"async\" src=\"https:\/\/ibet-se.com\/wp-content\/uploads\/2025\/07\/100-Secure-copy.webp\" alt=\"100% Secure\" class=\"wp-image-181\"\/><\/figure>\n<\/div>\n<\/div>\n<\/div>\n\n\n\n<div class=\"wp-block-column is-layout-flow wp-block-column-is-layout-flow\">\n<div class=\"wp-block-columns is-not-stacked-on-mobile is-layout-flex wp-container-core-columns-is-layout-28f84493 wp-block-columns-is-layout-flex\">\n<div class=\"wp-block-column is-vertically-aligned-center is-layout-flow wp-block-column-is-layout-flow\">\n<figure class=\"wp-block-image aligncenter size-full is-resized\"><img decoding=\"async\" src=\"https:\/\/ibet-se.com\/wp-content\/uploads\/2025\/07\/Mifinity-copy.webp\" alt=\"Mifinity\" class=\"wp-image-185\" style=\"width:100px\"\/><\/figure>\n<\/div>\n\n\n\n<div class=\"wp-block-column is-vertically-aligned-center is-layout-flow wp-block-column-is-layout-flow\">\n<figure class=\"wp-block-image aligncenter size-full\"><img decoding=\"async\" src=\"https:\/\/ibet-se.com\/wp-content\/uploads\/2025\/07\/flykk-copy.webp\" alt=\"Flykk\" class=\"wp-image-183\"\/><\/figure>\n<\/div>\n\n\n\n<div class=\"wp-block-column is-vertically-aligned-center is-layout-flow wp-block-column-is-layout-flow\">\n<figure class=\"wp-block-image aligncenter size-full is-resized\"><img decoding=\"async\" src=\"https:\/\/ibet-se.com\/wp-content\/uploads\/2025\/07\/Jetonbank-copy.webp\" alt=\"Jeton Bank\" class=\"wp-image-184\" style=\"width:100px\"\/><\/figure>\n<\/div>\n<\/div>\n<\/div>\n\n\n\n<div class=\"wp-block-column is-layout-flow wp-block-column-is-layout-flow\">\n<div class=\"wp-block-columns is-not-stacked-on-mobile is-layout-flex wp-container-core-columns-is-layout-28f84493 wp-block-columns-is-layout-flex\">\n<div class=\"wp-block-column is-vertically-aligned-center is-layout-flow wp-block-column-is-layout-flow\">\n<figure class=\"wp-block-image aligncenter size-full is-resized\"><img decoding=\"async\" src=\"https:\/\/ibet-se.com\/wp-content\/uploads\/2025\/07\/Trustly-copy.webp\" alt=\"Trustly\" class=\"wp-image-189\" style=\"width:100px\"\/><\/figure>\n<\/div>\n\n\n\n<div class=\"wp-block-column is-vertically-aligned-center is-layout-flow wp-block-column-is-layout-flow\">\n<figure class=\"wp-block-image aligncenter size-full\"><img decoding=\"async\" src=\"https:\/\/ibet-se.com\/wp-content\/uploads\/2025\/07\/Ellipse-1-copy.webp\" alt=\"Mastercard\" class=\"wp-image-187\"\/><\/figure>\n<\/div>\n\n\n\n<div class=\"wp-block-column is-vertically-aligned-center is-layout-flow wp-block-column-is-layout-flow\">\n<figure class=\"wp-block-image aligncenter size-full\"><img decoding=\"async\" src=\"https:\/\/ibet-se.com\/wp-content\/uploads\/2025\/07\/Neosurf-copy.webp\" alt=\"Neosurf\" class=\"wp-image-188\"\/><\/figure>\n<\/div>\n<\/div>\n<\/div>\n<\/div>\n<\/div>\n<\/div>\n","protected":false},"excerpt":{"rendered":"<p>Tietosuojak\u00e4yt\u00e4nt\u00f6 Tietosuoja- ja ev\u00e4stek\u00e4yt\u00e4nt\u00f6 1. Johdanto ibetill\u00e4 arvostamme l\u00e4pin\u00e4kyvyytt\u00e4 ja otamme yksityisyytesi eritt\u00e4in vakavasti. Arvostamme , ett\u00e4 jaat henkil\u00f6tietojasi kanssamme, [&hellip;]<\/p>\n","protected":false},"author":7,"featured_media":0,"parent":0,"menu_order":0,"comment_status":"closed","ping_status":"closed","template":"","meta":{"site-sidebar-layout":"default","site-content-layout":"","ast-site-content-layout":"default","site-content-style":"default","site-sidebar-style":"default","ast-global-header-display":"","ast-banner-title-visibility":"","ast-main-header-display":"","ast-hfb-above-header-display":"","ast-hfb-below-header-display":"","ast-hfb-mobile-header-display":"","site-post-title":"disabled","ast-breadcrumbs-content":"","ast-featured-img":"","footer-sml-layout":"","ast-disable-related-posts":"","theme-transparent-header-meta":"","adv-header-id-meta":"","stick-header-meta":"","header-above-stick-meta":"","header-main-stick-meta":"","header-below-stick-meta":"","astra-migrate-meta-layouts":"default","ast-page-background-enabled":"default","ast-page-background-meta":{"desktop":{"background-color":"var(--ast-global-color-5)","background-image":"","background-repeat":"repeat","background-position":"center center","background-size":"auto","background-attachment":"scroll","background-type":"","background-media":"","overlay-type":"","overlay-color":"","overlay-opacity":"","overlay-gradient":""},"tablet":{"background-color":"","background-image":"","background-repeat":"repeat","background-position":"center center","background-size":"auto","background-attachment":"scroll","background-type":"","background-media":"","overlay-type":"","overlay-color":"","overlay-opacity":"","overlay-gradient":""},"mobile":{"background-color":"","background-image":"","background-repeat":"repeat","background-position":"center center","background-size":"auto","background-attachment":"scroll","background-type":"","background-media":"","overlay-type":"","overlay-color":"","overlay-opacity":"","overlay-gradient":""}},"ast-content-background-meta":{"desktop":{"background-color":"var(--ast-global-color-4)","background-image":"","background-repeat":"repeat","background-position":"center center","background-size":"auto","background-attachment":"scroll","background-type":"","background-media":"","overlay-type":"","overlay-color":"","overlay-opacity":"","overlay-gradient":""},"tablet":{"background-color":"var(--ast-global-color-4)","background-image":"","background-repeat":"repeat","background-position":"center center","background-size":"auto","background-attachment":"scroll","background-type":"","background-media":"","overlay-type":"","overlay-color":"","overlay-opacity":"","overlay-gradient":""},"mobile":{"background-color":"var(--ast-global-color-4)","background-image":"","background-repeat":"repeat","background-position":"center center","background-size":"auto","background-attachment":"scroll","background-type":"","background-media":"","overlay-type":"","overlay-color":"","overlay-opacity":"","overlay-gradient":""}},"footnotes":""},"class_list":["post-165","page","type-page","status-publish","hentry"],"_links":{"self":[{"href":"https:\/\/ibet365.club\/fi\/wp-json\/wp\/v2\/pages\/165","targetHints":{"allow":["GET"]}}],"collection":[{"href":"https:\/\/ibet365.club\/fi\/wp-json\/wp\/v2\/pages"}],"about":[{"href":"https:\/\/ibet365.club\/fi\/wp-json\/wp\/v2\/types\/page"}],"author":[{"embeddable":true,"href":"https:\/\/ibet365.club\/fi\/wp-json\/wp\/v2\/users\/7"}],"replies":[{"embeddable":true,"href":"https:\/\/ibet365.club\/fi\/wp-json\/wp\/v2\/comments?post=165"}],"version-history":[{"count":1,"href":"https:\/\/ibet365.club\/fi\/wp-json\/wp\/v2\/pages\/165\/revisions"}],"predecessor-version":[{"id":195,"href":"https:\/\/ibet365.club\/fi\/wp-json\/wp\/v2\/pages\/165\/revisions\/195"}],"wp:attachment":[{"href":"https:\/\/ibet365.club\/fi\/wp-json\/wp\/v2\/media?parent=165"}],"curies":[{"name":"wp","href":"https:\/\/api.w.org\/{rel}","templated":true}]}}