{"id":154,"date":"2025-09-06T09:12:12","date_gmt":"2025-09-06T09:12:12","guid":{"rendered":"https:\/\/ibet365.club\/?page_id=154"},"modified":"2026-02-14T10:51:44","modified_gmt":"2026-02-14T10:51:44","slug":"jeu-responsable","status":"publish","type":"page","link":"https:\/\/ibet365.club\/fr\/jeu-responsable\/","title":{"rendered":"Jeu responsable"},"content":{"rendered":"\n<div class=\"wp-block-columns alignfull has-ast-global-color-4-background-color has-background is-layout-flex wp-container-core-columns-is-layout-28f84493 wp-block-columns-is-layout-flex\">\n<div class=\"wp-block-column is-layout-constrained wp-block-column-is-layout-constrained\">\n<h3 class=\"wp-block-heading\">Jeu responsable<\/h3>\n\n\n\n<p>Vous pouvez d\u00e9finir vos limites<\/p>\n\n\n\n<p><strong>Notre engagement en faveur du jeu responsable<\/strong><\/p>\n\n\n\n<p>L&rsquo;une des valeurs fondamentales d&rsquo;ibet est la transparence. Nous allons encore plus loin en vous offrant une visibilit\u00e9 compl\u00e8te sur votre activit\u00e9 de jeu&nbsp;: les montants mis\u00e9s, les gains et les pertes. Il est donc de notre int\u00e9r\u00eat et de notre engagement de veiller constamment \u00e0 ce que les jeux ne soient pas utilis\u00e9s \u00e0 mauvais escient et que nos clients puissent jouer en toute s\u00e9curit\u00e9, de mani\u00e8re responsable et transparente.<\/p>\n\n\n\n<p><strong>Comment jouer de mani\u00e8re responsable ?<\/strong><\/p>\n\n\n\n<ul class=\"wp-block-list\">\n<li>Consid\u00e9rez les jeux comme un divertissement, et non comme une source de revenus.<\/li>\n\n\n\n<li>Ne jouez qu&rsquo;avec l&rsquo;argent que vous pouvez vous permettre de perdre. Utilisez des limites de d\u00e9p\u00f4t et de d\u00e9penses pour contr\u00f4ler vos finances.<\/li>\n\n\n\n<li>Ne jamais courir apr\u00e8s les pertes \u2013 cela conduit souvent \u00e0 des probl\u00e8mes.<\/li>\n\n\n\n<li>Suivez votre temps de jeu. Les limites de session vous permettent de contr\u00f4ler votre dur\u00e9e de connexion.<\/li>\n\n\n\n<li>Il est important d&rsquo;alterner les jeux vid\u00e9o avec d&rsquo;autres activit\u00e9s. Si les jeux vid\u00e9o deviennent votre seul divertissement, il est conseill\u00e9 de faire une pause et de vous demander si vous y prenez toujours autant de plaisir.<\/li>\n\n\n\n<li>Faites des pauses r\u00e9guli\u00e8res. Jouer longtemps peut vous faire perdre la notion du temps.<\/li>\n\n\n\n<li>Ne jouez pas sous l&rsquo;influence de l&rsquo;alcool, ni lorsque vous \u00eates triste ou stress\u00e9 \u2013 cela alt\u00e8re votre capacit\u00e9 de prise de d\u00e9cision.<\/li>\n\n\n\n<li>R\u00e9fl\u00e9chissez au temps et \u00e0 l&rsquo;argent que vous consacrez aux jeux d&rsquo;argent. Vous pouvez suivre votre activit\u00e9 dans l&rsquo;historique de votre compte en ligne.<\/li>\n\n\n\n<li>Familiarisez-vous avec les chances de gagner et le fonctionnement des produits.<\/li>\n\n\n\n<li>Si vous avez besoin de parler \u00e0 quelqu&rsquo;un de votre probl\u00e8me de jeu, contactez un organisme de soutien aux personnes d\u00e9pendantes au jeu.<\/li>\n<\/ul>\n\n\n\n<p><strong>Qu\u2019est-ce que le jeu pathologique&nbsp;?<\/strong><\/p>\n\n\n\n<p>Le jeu pathologique se caract\u00e9rise par une pratique excessive du jeu qui met en p\u00e9ril, perturbe ou nuit \u00e0 la vie familiale, aux relations personnelles ou aux loisirs. On d\u00e9crit souvent un joueur pathologique comme une personne qui consacre au jeu plus de temps et\/ou d&rsquo;argent qu&rsquo;elle ne peut se le permettre.<\/p>\n\n\n\n<p><strong>Signes avant-coureurs d&rsquo;un jeu probl\u00e9matique<\/strong><\/p>\n\n\n\n<ul class=\"wp-block-list\">\n<li>Vous consacrez plus de temps et d&rsquo;argent aux jeux de hasard que vous ne pouvez vous le permettre.<\/li>\n\n\n\n<li>Vous avez du mal \u00e0 limiter ou \u00e0 arr\u00eater de jouer.<\/li>\n\n\n\n<li>Conflits avec la famille ou les amis au sujet de l&rsquo;argent et des jeux d&rsquo;argent.<\/li>\n\n\n\n<li>Diminution de l&rsquo;envie de faire des choses que vous appr\u00e9ciez habituellement.<\/li>\n\n\n\n<li>Pens\u00e9es ou discussions constantes sur le jeu.<\/li>\n\n\n\n<li>Vous mentez ou cachez vos jeux d&rsquo;argent.<\/li>\n\n\n\n<li>Vous tentez de rattraper vos pertes ou de vous sortir de vos probl\u00e8mes financiers par le jeu.<\/li>\n\n\n\n<li>Vous jouez jusqu&rsquo;\u00e0 \u00e9puisement de l&rsquo;argent.<\/li>\n\n\n\n<li>Vous empruntez de l&rsquo;argent, vendez des biens, contractez des pr\u00eats ou ignorez vos factures pour financer vos jeux d&rsquo;argent.<\/li>\n\n\n\n<li>Il faut miser plus gros ou jouer pendant plus longtemps pour obtenir la m\u00eame sensation.<\/li>\n\n\n\n<li>Le travail, les \u00e9tudes, la famille ou les t\u00e2ches m\u00e9nag\u00e8res sont n\u00e9glig\u00e9s \u00e0 cause du jeu.<\/li>\n\n\n\n<li>Sentiments d&rsquo;inqui\u00e9tude, de culpabilit\u00e9, de d\u00e9pression ou d&rsquo;irritation.<\/li>\n<\/ul>\n\n\n\n<p><strong>Des outils qui aident<\/strong><\/p>\n\n\n\n<p>Les outils suivants vous aideront \u00e0 garder le contr\u00f4le de votre jeu. Vous pouvez configurer les commandes du jeu ici.<\/p>\n\n\n\n<p><strong>Limite de d\u00e9p\u00f4t<\/strong><\/p>\n\n\n\n<p>Les limites de d\u00e9p\u00f4t vous permettent de contr\u00f4ler le montant que vous pouvez d\u00e9poser par jour, semaine ou mois.<br>Une fois la limite atteinte, vous ne pourrez plus effectuer de d\u00e9p\u00f4t jusqu&rsquo;\u00e0 la r\u00e9initialisation de la p\u00e9riode. Vous pourrez toujours utiliser les autres services ibet et jouer avec les fonds disponibles sur votre compte.<br><strong>D\u00e9finissez une limite de d\u00e9p\u00f4t ici.<\/strong><\/p>\n\n\n\n<p><strong>Faites une pause<\/strong><\/p>\n\n\n\n<p>Si vous souhaitez faire une courte pause dans vos jeux et paris, vous pouvez activer une interruption de 24 heures, 7 jours, 30 jours ou 90 jours.<br>Pendant cette interruption, vous ne pourrez pas utiliser votre compte pour jouer, mais vous pourrez vous connecter pour retirer votre solde restant .<br><strong>D\u00e9finissez une dur\u00e9e d&rsquo;interruption ici.<\/strong><\/p>\n\n\n\n<p><strong>Autotest<\/strong><\/p>\n\n\n\n<p>Les Joueurs Anonymes proposent un test simple sur leur site web pour \u00e9valuer si votre pratique du jeu vous pose probl\u00e8me.<br><strong>Faites le test ici.<\/strong><\/p>\n\n\n\n<p><strong>Auto-arr\u00eat<\/strong><\/p>\n\n\n\n<p>Cet outil vous permet de vous auto-exclure des jeux pour une p\u00e9riode d\u00e9termin\u00e9e. Vous ne pourrez pas vous connecter tant que la suspension n&rsquo;aura pas expir\u00e9.<br><strong>Activez l&rsquo;auto-exclusion ici.<\/strong><\/p>\n\n\n\n<p><strong>Qui peut m&rsquo;aider ?<\/strong><\/p>\n\n\n\n<p>Vers qui pouvez-vous \u2013 ou une personne de votre entourage \u2013 vous adresser en cas de probl\u00e8me&nbsp;?<\/p>\n\n\n\n<p>Il peut \u00eatre difficile d&rsquo;admettre avoir un probl\u00e8me, et c&rsquo;est grave. Le jeu pathologique peut ruiner des vies. Pourtant, chaque jour, des personnes demandent de l&rsquo;aide, et c&rsquo;est un signe de courage. Vous trouverez ci-dessous des organismes qui aident quotidiennement les personnes souffrant de jeu pathologique.<\/p>\n\n\n\n<p><strong>Organisations<\/strong><\/p>\n\n\n\n<p><strong>Gambling Therapy <\/strong>\u2013 <a href=\"http:\/\/www.gamblingtherapy.org\/\" target=\"_blank\" rel=\"noreferrer noopener\">www.gamblingtherapy.org<\/a><br>Service mondial offrant gratuitement des conseils pratiques et un soutien \u00e9motionnel \u00e0 toute personne souffrant de probl\u00e8mes de jeu.<\/p>\n\n\n\n<p><strong>Les Joueurs Anonymes <\/strong>( <a href=\"http:\/\/www.gamblersanonymous.org.uk\/\" target=\"_blank\" rel=\"noreferrer noopener\">www.gamblersanonymous.org.uk<\/a><br>) proposent des forums, des espaces de discussion, des ressources et surtout un outil de recherche de r\u00e9unions. Des r\u00e9unions ont lieu quotidiennement en Angleterre, au Pays de Galles et en Irlande du Nord.<\/p>\n\n\n\n<p><strong>Dunlewey Services de traitement des d\u00e9pendances <\/strong>\u2013 <a href=\"http:\/\/www.dunlewey.org\/\" target=\"_blank\" rel=\"noreferrer noopener\">www.dunlewey.org<\/a><br>Programme gratuit et confidentiel de soutien et de mentorat pour les personnes ayant des probl\u00e8mes de toxicomanie ou de jeu, que ce soit les leurs ou ceux d&rsquo;un proche.<\/p>\n\n\n\n<p><strong>Blocage des sites de jeux d&rsquo;argent<\/strong><\/p>\n\n\n\n<p><strong>Gamban <\/strong>\u2013 <a href=\"http:\/\/www.gamban.com\/\" target=\"_blank\" rel=\"noreferrer noopener\">www.gamban.com<\/a><br>Si vous souhaitez bloquer l&rsquo;acc\u00e8s \u00e0 tous les sites de jeux d&rsquo;argent, Gamban est une organisation ind\u00e9pendante qui propose une application bloquant les sites et applications de jeux d&rsquo;argent sur mobile, tablette et ordinateur.<\/p>\n\n\n\n<p><strong>Conseils en mati\u00e8re de dettes et de finances<\/strong><\/p>\n\n\n\n<p>Les jeux d&rsquo;argent peuvent entra\u00eener des probl\u00e8mes de remboursement de pr\u00eats et de dettes de cartes de cr\u00e9dit. N&rsquo;essayez pas de rembourser vos dettes en jouant. Demandez plut\u00f4t l&rsquo;aide d&rsquo;organismes qui peuvent vous accompagner dans l&rsquo;\u00e9laboration d&rsquo;un plan de remboursement.<\/p>\n\n\n\n<p><strong>My Money Steps <\/strong>\u2013 <a href=\"http:\/\/www.mymoneysteps.org\/\" target=\"_blank\" rel=\"noreferrer noopener\">www.mymoneysteps.org<\/a><br>propose des solutions pour g\u00e9rer ses dettes et \u00e9labore un plan d&rsquo;action personnel.<\/p>\n\n\n\n<p><strong>Aider un ami<\/strong><\/p>\n\n\n\n<p><strong>Reconna\u00eetre les signaux<\/strong><\/p>\n\n\n\n<p>\u00c9l\u00e9ments \u00e0 surveiller lorsqu&rsquo;un proche risque de se nuire par le jeu&nbsp;:<\/p>\n\n\n\n<ul class=\"wp-block-list\">\n<li><strong>Activit\u00e9 principale : <\/strong>Parler et revivre sans cesse ses gains aux jeux de hasard.<\/li>\n\n\n\n<li><strong>Tol\u00e9rance : <\/strong>Il faut relever les enjeux pour obtenir le m\u00eame r\u00e9sultat.<\/li>\n\n\n\n<li><strong>Incapacit\u00e9 \u00e0 arr\u00eater : <\/strong>J&rsquo;ai essay\u00e9, mais j&rsquo;ai \u00e9chou\u00e9.<\/li>\n\n\n\n<li><strong>Irritabilit\u00e9 : <\/strong>Devient irritable lorsqu&rsquo;il ne peut pas jouer.<\/li>\n\n\n\n<li><strong>\u00c9vasion : <\/strong>Utilise les jeux pour \u00e9chapper aux probl\u00e8mes \u00e0 la maison ou au travail.<\/li>\n\n\n\n<li><strong>Poursuivre ses pertes : <\/strong>tenter de r\u00e9cup\u00e9rer l&rsquo;argent perdu.<\/li>\n\n\n\n<li><strong>Se cacher : <\/strong>jouer discr\u00e8tement au t\u00e9l\u00e9phone, par exemple sous la table.<\/li>\n\n\n\n<li><strong>Emprunter de l&rsquo;argent : <\/strong>Demandez de l&rsquo;argent \u00e0 vos amis pour jouer.<\/li>\n\n\n\n<li><strong>Mensonges\u00a0: <\/strong>nier ou minimiser les jeux d\u2019argent et les pertes.<\/li>\n<\/ul>\n\n\n\n<p><strong>Pensez-vous que vous ou quelqu&rsquo;un d&rsquo;autre avez un probl\u00e8me ?<\/strong><\/p>\n\n\n\n<p>Si vous remarquez plusieurs de ces signes chez un ami, abordez le sujet calmement. Une simple question comme&nbsp;: \u00ab&nbsp;Dis, j\u2019ai remarqu\u00e9 que tu joues beaucoup ces derniers temps, comment te sens-tu&nbsp;?&nbsp;\u00bb peut suffire \u00e0 briser la glace.<br>Le soutien est essentiel. Partager ses inqui\u00e9tudes, c\u2019est s\u2019en lib\u00e9rer \u00e0 moiti\u00e9. Consultez la section <strong>\u00ab&nbsp;Qui peut vous aider&nbsp;\u00bb <\/strong>pour savoir comment nous contacter.<\/p>\n\n\n\n<p><strong>Protection des mineurs<\/strong><\/p>\n\n\n\n<p>Nous n&rsquo;acceptons aucun enfant sur notre site. Nous v\u00e9rifions l&rsquo;\u00e2ge de chaque client pour nous assurer qu&rsquo;il a 18 ans ou plus.<br>Si la v\u00e9rification \u00e9lectronique s&rsquo;av\u00e8re impossible, le compte sera suspendu et un justificatif sera demand\u00e9.<\/p>\n\n\n\n<p>Nous savons que les enfants utilisent parfois les t\u00e9l\u00e9phones, tablettes et ordinateurs de leurs parents \u2013 et que vous pouvez \u00eatre connect\u00e9(e). C\u2019est pourquoi les entreprises de jeux vid\u00e9o et les parents doivent collaborer pour prot\u00e9ger les enfants des jeux d\u2019argent.<\/p>\n\n\n\n<p><strong>Conseils pour prot\u00e9ger les mineurs<\/strong><\/p>\n\n\n\n<ul class=\"wp-block-list\">\n<li>Gardez vos identifiants, mots de passe et informations de paiement hors de port\u00e9e \u2013 ne les notez pas sur un bout de papier ou sur votre ordinateur.<\/li>\n\n\n\n<li>Ne sauvegardez pas vos mots de passe et n&rsquo;utilisez pas la saisie automatique sur les appareils partag\u00e9s.<\/li>\n\n\n\n<li>D\u00e9connectez-vous toujours si des enfants sont \u00e0 proximit\u00e9.<\/li>\n\n\n\n<li>parental \/le filtrage web des logiciels de contr\u00f4le , tels que Net Nanny, permettent de bloquer les sites de jeux d&rsquo;argent sur ordinateur et mobile.<\/li>\n\n\n\n<li>Parlez \u00e0 vos enfants, d\u00e8s leur plus jeune \u00e2ge, de la l\u00e9galit\u00e9 et des risques li\u00e9s aux jeux d&rsquo;argent.<\/li>\n\n\n\n<li>Limitez le temps pass\u00e9 devant les \u00e9crans par vos enfants.<\/li>\n\n\n\n<li>Utilisez les fonctions de contr\u00f4le parental int\u00e9gr\u00e9es sur votre mobile\/tablette\/ordinateur\/t\u00e9l\u00e9viseur.<\/li>\n<\/ul>\n<\/div>\n<\/div>\n\n\n\n<div class=\"wp-block-columns alignfull has-black-background-color has-background is-layout-flex wp-container-core-columns-is-layout-28f84493 wp-block-columns-is-layout-flex\">\n<div class=\"wp-block-column is-layout-constrained wp-block-column-is-layout-constrained\">\n<div class=\"wp-block-columns is-layout-flex wp-container-core-columns-is-layout-28f84493 wp-block-columns-is-layout-flex\">\n<div class=\"wp-block-column is-layout-flow wp-block-column-is-layout-flow\">\n<div class=\"wp-block-columns is-not-stacked-on-mobile is-layout-flex wp-container-core-columns-is-layout-28f84493 wp-block-columns-is-layout-flex\">\n<div class=\"wp-block-column is-vertically-aligned-center is-layout-flow wp-block-column-is-layout-flow\">\n<figure class=\"wp-block-image aligncenter size-full\"><img decoding=\"async\" src=\"https:\/\/ibet-se.com\/wp-content\/uploads\/2025\/07\/Bank-Transfer-copy.webp\" alt=\"Bank Transfer\" class=\"wp-image-182\"\/><\/figure>\n<\/div>\n\n\n\n<div class=\"wp-block-column is-vertically-aligned-center is-layout-flow wp-block-column-is-layout-flow\">\n<figure class=\"wp-block-image aligncenter size-full\"><img decoding=\"async\" src=\"https:\/\/ibet-se.com\/wp-content\/uploads\/2025\/07\/VISA-copy.webp\" alt=\"Visa\" class=\"wp-image-186\"\/><\/figure>\n<\/div>\n\n\n\n<div class=\"wp-block-column is-vertically-aligned-center is-layout-flow wp-block-column-is-layout-flow\">\n<figure class=\"wp-block-image aligncenter size-full\"><img decoding=\"async\" src=\"https:\/\/ibet-se.com\/wp-content\/uploads\/2025\/07\/100-Secure-copy.webp\" alt=\"100% Secure\" class=\"wp-image-181\"\/><\/figure>\n<\/div>\n<\/div>\n<\/div>\n\n\n\n<div class=\"wp-block-column is-layout-flow wp-block-column-is-layout-flow\">\n<div class=\"wp-block-columns is-not-stacked-on-mobile is-layout-flex wp-container-core-columns-is-layout-28f84493 wp-block-columns-is-layout-flex\">\n<div class=\"wp-block-column is-vertically-aligned-center is-layout-flow wp-block-column-is-layout-flow\">\n<figure class=\"wp-block-image aligncenter size-full is-resized\"><img decoding=\"async\" src=\"https:\/\/ibet-se.com\/wp-content\/uploads\/2025\/07\/Mifinity-copy.webp\" alt=\"Mifinity\" class=\"wp-image-185\" style=\"width:100px\"\/><\/figure>\n<\/div>\n\n\n\n<div class=\"wp-block-column is-vertically-aligned-center is-layout-flow wp-block-column-is-layout-flow\">\n<figure class=\"wp-block-image aligncenter size-full\"><img decoding=\"async\" src=\"https:\/\/ibet-se.com\/wp-content\/uploads\/2025\/07\/flykk-copy.webp\" alt=\"Flykk\" class=\"wp-image-183\"\/><\/figure>\n<\/div>\n\n\n\n<div class=\"wp-block-column is-vertically-aligned-center is-layout-flow wp-block-column-is-layout-flow\">\n<figure class=\"wp-block-image aligncenter size-full is-resized\"><img decoding=\"async\" src=\"https:\/\/ibet-se.com\/wp-content\/uploads\/2025\/07\/Jetonbank-copy.webp\" alt=\"Jeton Bank\" class=\"wp-image-184\" style=\"width:100px\"\/><\/figure>\n<\/div>\n<\/div>\n<\/div>\n\n\n\n<div class=\"wp-block-column is-layout-flow wp-block-column-is-layout-flow\">\n<div class=\"wp-block-columns is-not-stacked-on-mobile is-layout-flex wp-container-core-columns-is-layout-28f84493 wp-block-columns-is-layout-flex\">\n<div class=\"wp-block-column is-vertically-aligned-center is-layout-flow wp-block-column-is-layout-flow\">\n<figure class=\"wp-block-image aligncenter size-full is-resized\"><img decoding=\"async\" src=\"https:\/\/ibet-se.com\/wp-content\/uploads\/2025\/07\/Trustly-copy.webp\" alt=\"Trustly\" class=\"wp-image-189\" style=\"width:100px\"\/><\/figure>\n<\/div>\n\n\n\n<div class=\"wp-block-column is-vertically-aligned-center is-layout-flow wp-block-column-is-layout-flow\">\n<figure class=\"wp-block-image aligncenter size-full\"><img decoding=\"async\" src=\"https:\/\/ibet-se.com\/wp-content\/uploads\/2025\/07\/Ellipse-1-copy.webp\" alt=\"Mastercard\" class=\"wp-image-187\"\/><\/figure>\n<\/div>\n\n\n\n<div class=\"wp-block-column is-vertically-aligned-center is-layout-flow wp-block-column-is-layout-flow\">\n<figure class=\"wp-block-image aligncenter size-full\"><img decoding=\"async\" src=\"https:\/\/ibet-se.com\/wp-content\/uploads\/2025\/07\/Neosurf-copy.webp\" alt=\"Neosurf\" class=\"wp-image-188\"\/><\/figure>\n<\/div>\n<\/div>\n<\/div>\n<\/div>\n<\/div>\n<\/div>\n","protected":false},"excerpt":{"rendered":"<p>Jeu responsable Vous pouvez d\u00e9finir vos limites Notre engagement en faveur du jeu responsable L&rsquo;une des valeurs fondamentales d&rsquo;ibet est [&hellip;]<\/p>\n","protected":false},"author":7,"featured_media":0,"parent":0,"menu_order":0,"comment_status":"closed","ping_status":"closed","template":"","meta":{"site-sidebar-layout":"default","site-content-layout":"","ast-site-content-layout":"default","site-content-style":"default","site-sidebar-style":"default","ast-global-header-display":"","ast-banner-title-visibility":"","ast-main-header-display":"","ast-hfb-above-header-display":"","ast-hfb-below-header-display":"","ast-hfb-mobile-header-display":"","site-post-title":"disabled","ast-breadcrumbs-content":"","ast-featured-img":"","footer-sml-layout":"","ast-disable-related-posts":"","theme-transparent-header-meta":"","adv-header-id-meta":"","stick-header-meta":"","header-above-stick-meta":"","header-main-stick-meta":"","header-below-stick-meta":"","astra-migrate-meta-layouts":"default","ast-page-background-enabled":"default","ast-page-background-meta":{"desktop":{"background-color":"var(--ast-global-color-5)","background-image":"","background-repeat":"repeat","background-position":"center center","background-size":"auto","background-attachment":"scroll","background-type":"","background-media":"","overlay-type":"","overlay-color":"","overlay-opacity":"","overlay-gradient":""},"tablet":{"background-color":"","background-image":"","background-repeat":"repeat","background-position":"center center","background-size":"auto","background-attachment":"scroll","background-type":"","background-media":"","overlay-type":"","overlay-color":"","overlay-opacity":"","overlay-gradient":""},"mobile":{"background-color":"","background-image":"","background-repeat":"repeat","background-position":"center center","background-size":"auto","background-attachment":"scroll","background-type":"","background-media":"","overlay-type":"","overlay-color":"","overlay-opacity":"","overlay-gradient":""}},"ast-content-background-meta":{"desktop":{"background-color":"var(--ast-global-color-4)","background-image":"","background-repeat":"repeat","background-position":"center center","background-size":"auto","background-attachment":"scroll","background-type":"","background-media":"","overlay-type":"","overlay-color":"","overlay-opacity":"","overlay-gradient":""},"tablet":{"background-color":"var(--ast-global-color-4)","background-image":"","background-repeat":"repeat","background-position":"center center","background-size":"auto","background-attachment":"scroll","background-type":"","background-media":"","overlay-type":"","overlay-color":"","overlay-opacity":"","overlay-gradient":""},"mobile":{"background-color":"var(--ast-global-color-4)","background-image":"","background-repeat":"repeat","background-position":"center center","background-size":"auto","background-attachment":"scroll","background-type":"","background-media":"","overlay-type":"","overlay-color":"","overlay-opacity":"","overlay-gradient":""}},"footnotes":""},"class_list":["post-154","page","type-page","status-publish","hentry"],"_links":{"self":[{"href":"https:\/\/ibet365.club\/fr\/wp-json\/wp\/v2\/pages\/154","targetHints":{"allow":["GET"]}}],"collection":[{"href":"https:\/\/ibet365.club\/fr\/wp-json\/wp\/v2\/pages"}],"about":[{"href":"https:\/\/ibet365.club\/fr\/wp-json\/wp\/v2\/types\/page"}],"author":[{"embeddable":true,"href":"https:\/\/ibet365.club\/fr\/wp-json\/wp\/v2\/users\/7"}],"replies":[{"embeddable":true,"href":"https:\/\/ibet365.club\/fr\/wp-json\/wp\/v2\/comments?post=154"}],"version-history":[{"count":2,"href":"https:\/\/ibet365.club\/fr\/wp-json\/wp\/v2\/pages\/154\/revisions"}],"predecessor-version":[{"id":197,"href":"https:\/\/ibet365.club\/fr\/wp-json\/wp\/v2\/pages\/154\/revisions\/197"}],"wp:attachment":[{"href":"https:\/\/ibet365.club\/fr\/wp-json\/wp\/v2\/media?parent=154"}],"curies":[{"name":"wp","href":"https:\/\/api.w.org\/{rel}","templated":true}]}}