{"id":166,"date":"2025-09-06T09:17:44","date_gmt":"2025-09-06T09:17:44","guid":{"rendered":"https:\/\/ibet365.club\/?page_id=166"},"modified":"2026-02-14T10:51:44","modified_gmt":"2026-02-14T10:51:44","slug":"politique-de-confidentialite","status":"publish","type":"page","link":"https:\/\/ibet365.club\/fr\/politique-de-confidentialite\/","title":{"rendered":"politique de confidentialit\u00e9"},"content":{"rendered":"\n<div class=\"wp-block-columns alignfull has-ast-global-color-4-background-color has-background is-layout-flex wp-container-core-columns-is-layout-28f84493 wp-block-columns-is-layout-flex\">\n<div class=\"wp-block-column is-layout-constrained wp-block-column-is-layout-constrained\">\n<h3 class=\"wp-block-heading\" id=\"h-integritetspolicy\">politique de confidentialit\u00e9<\/h3>\n\n\n\n<p><strong>Politique de protection des donn\u00e9es et de cookies<\/strong><\/p>\n\n\n\n<p><strong>1. Introduction<\/strong><\/p>\n\n\n\n<p>Chez ibet, nous privil\u00e9gions la transparence et prenons votre vie priv\u00e9e tr\u00e8s au s\u00e9rieux. Nous vous remercions de nous confier vos informations personnelles et tenons \u00e0 vous expliquer clairement comment elles sont utilis\u00e9es.<\/p>\n\n\n\n<p>La pr\u00e9sente politique de confidentialit\u00e9 explique comment et pourquoi vos donn\u00e9es personnelles sont collect\u00e9es lors de votre utilisation de notre site web www.ibet.com et de ses variantes, notamment nos applications mobiles (le \u00ab&nbsp;Site&nbsp;\u00bb), pourquoi elles sont collect\u00e9es et comment elles sont prot\u00e9g\u00e9es. Nous avons mis en place des mesures de s\u00e9curit\u00e9 pour prot\u00e9ger vos donn\u00e9es et les traiter conform\u00e9ment \u00e0 la r\u00e9glementation applicable en mati\u00e8re de protection des donn\u00e9es.<\/p>\n\n\n\n<p>La pr\u00e9sente politique d\u00e9crit la mani\u00e8re dont nous traitons vos donn\u00e9es personnelles et s&rsquo;applique \u00e0 Claymore Group Limited , qui exploite le site www.ibet.com. Dans la pr\u00e9sente politique, la soci\u00e9t\u00e9 est d\u00e9sign\u00e9e par les termes \u00ab Nous \u00bb, \u00ab Notre \u00bb ou \u00ab Nos \u00bb.<\/p>\n\n\n\n<p><strong>2. Quelles informations recueillons-nous aupr\u00e8s de vous ?<\/strong><\/p>\n\n\n\n<p><strong>2.1 Informations que vous fournissez vous-m\u00eame<\/strong><\/p>\n\n\n\n<p>Nous recueillons les informations que vous nous fournissez volontairement lorsque vous utilisez nos services, par exemple lors de votre inscription en tant que client ibet . Certaines informations sont obligatoires pour cr\u00e9er un compte&nbsp;:<\/p>\n\n\n\n<ul class=\"wp-block-list\">\n<li>Coordonn\u00e9es : nom, pr\u00e9nom, adresse, \u00e2ge, date de naissance, sexe, adresse e-mail, num\u00e9ro de t\u00e9l\u00e9phone, code postal.<\/li>\n\n\n\n<li>Informations financi\u00e8res : coordonn\u00e9es bancaires et historique des transactions (d\u00e9p\u00f4ts et retraits effectu\u00e9s par notre interm\u00e9diaire).<\/li>\n\n\n\n<li>En raison des exigences l\u00e9gales en mati\u00e8re de lutte contre le blanchiment d&rsquo;argent (LCB), nous devons parfois demander des documents suppl\u00e9mentaires tels qu&rsquo;une pi\u00e8ce d&rsquo;identit\u00e9 avec photo, une preuve de l&rsquo;origine des fonds, une preuve d&rsquo;adresse, etc.<\/li>\n<\/ul>\n\n\n\n<p><strong>2.2 Informations provenant de tiers<\/strong><\/p>\n\n\n\n<p>Nous pouvons compl\u00e9ter les informations que nous recueillons directement aupr\u00e8s de vous par des donn\u00e9es provenant de sources externes, telles que des bases de donn\u00e9es publiques, des fournisseurs de donn\u00e9es d\u00e9mographiques ou d&rsquo;autres partenaires. Afin de respecter les obligations r\u00e9glementaires, nous recueillons \u00e9galement des informations KYC (\u00ab&nbsp;Connaissance du client&nbsp;\u00bb). Ton Client ) aupr\u00e8s de fournisseurs tiers sp\u00e9cialis\u00e9s.<\/p>\n\n\n\n<p><strong>2.3 Informations collect\u00e9es automatiquement \u00e0 partir de votre appareil<\/strong><\/p>\n\n\n\n<p>Nous et nos fournisseurs tiers pouvons collecter automatiquement des donn\u00e9es \u00e0 partir de votre appareil&nbsp;:<\/p>\n\n\n\n<ul class=\"wp-block-list\">\n<li>Votre navigateur ou appareil recueille\u00a0: votre adresse IP, le type d\u2019appareil, la langue et le type de navigateur. Cela nous permet de garantir le bon fonctionnement des services.<\/li>\n\n\n\n<li>Utilisation de l&rsquo;application\u00a0: lors du t\u00e9l\u00e9chargement et de l&rsquo;utilisation de nos applications, nous pouvons suivre des donn\u00e9es d&rsquo;utilisation telles que la date et l&rsquo;heure de connexion de l&rsquo;application \u00e0 nos serveurs et les fichiers t\u00e9l\u00e9charg\u00e9s.<\/li>\n<\/ul>\n\n\n\n<p>Pour plus d&rsquo;informations sur notre utilisation des cookies, veuillez consulter notre Politique relative aux cookies.<\/p>\n\n\n\n<p><strong>3. Comment utilisons-nous vos donn\u00e9es personnelles ?<\/strong><\/p>\n\n\n\n<p>Nous traitons les donn\u00e9es personnelles uniquement conform\u00e9ment \u00e0 la pr\u00e9sente politique. Ces informations sont utilis\u00e9es, entre autres, pour&nbsp;:<\/p>\n\n\n\n<ul class=\"wp-block-list\">\n<li>g\u00e9rer votre inscription, cr\u00e9er et maintenir votre compte (y compris la v\u00e9rification de l&rsquo;\u00e2ge et la protection contre la fraude)\u00a0;<\/li>\n\n\n\n<li>administrer les jeux auxquels vous participez et vous informer des gains ou des bonus\u00a0;<\/li>\n\n\n\n<li>exploiter, am\u00e9liorer et adapter nos services et analyser le comportement des utilisateurs\u00a0;<\/li>\n\n\n\n<li>veiller \u00e0 ce que le contenu du site Web soit pr\u00e9sent\u00e9 de la meilleure fa\u00e7on possible pour vous et votre appareil\u00a0;<\/li>\n\n\n\n<li>envoyer des informations de service concernant votre compte et les offres, ainsi que des communications marketing (vous pouvez modifier les param\u00e8tres de votre compte \u00e0 tout moment et vous d\u00e9sinscrire des communications marketing).<\/li>\n<\/ul>\n\n\n\n<p>Nous pouvons \u00e9galement utiliser ces donn\u00e9es \u00e0 des fins de recherche, notamment pour l&rsquo;analyse de l&rsquo;exp\u00e9rience client, l&rsquo;am\u00e9lioration des produits et l&rsquo;\u00e9valuation des campagnes.<\/p>\n\n\n\n<p>Nous ne vendons ni ne partageons jamais vos informations \u00e0 des fins de marketing sans votre consentement explicite.<\/p>\n\n\n\n<p><strong>4. Avec qui partageons-nous vos informations ?<\/strong><\/p>\n\n\n\n<p>Vos informations peuvent \u00eatre partag\u00e9es avec des tiers afin de fournir nos services, par exemple&nbsp;:<\/p>\n\n\n\n<ul class=\"wp-block-list\">\n<li>Fournisseurs de services voix et SMS.<\/li>\n\n\n\n<li>Prestataires de services de paiement pour les d\u00e9p\u00f4ts et les retraits.<\/li>\n\n\n\n<li>Fournisseurs de solutions en mati\u00e8re de risques, de fraude et de conformit\u00e9.<\/li>\n\n\n\n<li>Des partenaires qui am\u00e9liorent votre exp\u00e9rience client (uniquement avec votre consentement).<\/li>\n\n\n\n<li>Recherche et analyse (vous pouvez vous opposer \u00e0 tout moment au traitement \u00e0 des fins statistiques\/de profilage en contactant dpo@ibet.com).<\/li>\n<\/ul>\n\n\n\n<p>Si la loi l&rsquo;exige, des informations peuvent \u00eatre communiqu\u00e9es aux autorit\u00e9s, aux organismes de r\u00e9glementation ou aux organisations sportives aux fins d&rsquo;enqu\u00eates sur des crimes ou des violations des r\u00e8gles.<\/p>\n\n\n\n<p><strong>5. Combien de temps conservons-nous vos informations ?<\/strong><\/p>\n\n\n\n<p>Nous ne conserverons vos donn\u00e9es que pendant la dur\u00e9e n\u00e9cessaire aux fins d\u00e9crites dans la pr\u00e9sente politique. Apr\u00e8s la fermeture de votre compte ibet , nous ne conserverons les donn\u00e9es que dans la mesure n\u00e9cessaire au respect de nos obligations l\u00e9gales (par exemple, la l\u00e9gislation fiscale et la r\u00e9glementation en mati\u00e8re de lutte contre le blanchiment d&rsquo;argent) ou au r\u00e8glement des litiges. Pour conna\u00eetre les dur\u00e9es de conservation applicables dans votre juridiction, veuillez contacter dpo@ibet.com.<\/p>\n\n\n\n<p><strong>6. S\u00e9curit\u00e9, v\u00e9rification d&rsquo;identit\u00e9 et pr\u00e9vention de la fraude<\/strong><\/p>\n\n\n\n<p>Lorsque vous vous connectez depuis un nouvel appareil, nous vous en informerons afin d&#8217;emp\u00eacher tout acc\u00e8s non autoris\u00e9. Nous collecterons des donn\u00e9es telles que le type d&rsquo;appareil, le fabricant, l&rsquo;adresse IP, le fuseau horaire, le syst\u00e8me d&rsquo;exploitation, la r\u00e9solution et l&rsquo;heure de connexion.<\/p>\n\n\n\n<p>ibet s&rsquo;engage activement \u00e0 pr\u00e9server l&rsquo;int\u00e9grit\u00e9 du sport et \u00e0 pr\u00e9venir la manipulation de matchs. Cet engagement se traduit notamment par sa coop\u00e9ration avec l&rsquo;Association internationale pour l&rsquo;int\u00e9grit\u00e9 des paris (IBIA).<\/p>\n\n\n\n<p>Si n\u00e9cessaire, nous pouvons v\u00e9rifier votre identit\u00e9 gr\u00e2ce \u00e0 des partenariats avec des fournisseurs tels que SCHUFA (Allemagne), GB Group Plc (Royaume-Uni) ou Iovation. Inc. (\u00c9tats-Unis). Nous pouvons \u00e9galement effectuer des contr\u00f4les de s\u00e9curit\u00e9 \u00e0 tout moment afin de valider l&rsquo;identit\u00e9, l&rsquo;\u00e2ge, les informations de compte et les transactions.<\/p>\n\n\n\n<p><strong>7. Vos droits<\/strong><\/p>\n\n\n\n<p>Vous avez le droit de demander gratuitement des informations sur les donn\u00e9es que nous conservons vous concernant, leur provenance, les destinataires de ces donn\u00e9es et les raisons de leur conservation. Vous avez \u00e9galement le droit de&nbsp;:<\/p>\n\n\n\n<ul class=\"wp-block-list\">\n<li>demander la rectification, le compl\u00e9ment ou la suppression de vos donn\u00e9es personnelles,<\/li>\n\n\n\n<li>obtenir vos donn\u00e9es en vue de leur transfert \u00e0 une autre organisation,<\/li>\n\n\n\n<li>s&rsquo;opposer \u00e0 certains traitements (par exemple, le profilage),<\/li>\n\n\n\n<li>retirer son consentement,<\/li>\n\n\n\n<li>D\u00e9poser une plainte aupr\u00e8s d&rsquo;une autorit\u00e9 de contr\u00f4le (autorit\u00e9 principale\u00a0: Office de l&rsquo;information et de la protection des donn\u00e9es) Commissaire \u00e0 Malte).<\/li>\n<\/ul>\n\n\n\n<p>Il existe certaines exceptions, par exemple si la divulgation r\u00e9v\u00e9lerait des informations concernant une autre personne ou si des lois (par exemple, la lutte contre le blanchiment d&rsquo;argent) exigent un stockage continu.<\/p>\n\n\n\n<p><strong>8. Contenu externe et cookies<\/strong><\/p>\n\n\n\n<p><strong>8.1 Contenu externe<\/strong><\/p>\n\n\n\n<p>Nous utilisons parfois du contenu JavaScript actif provenant de fournisseurs externes. Cela peut impliquer que le fournisseur re\u00e7oive des donn\u00e9es relatives \u00e0 votre visite, m\u00eame en dehors de l&rsquo;UE. Vous pouvez emp\u00eacher cela en utilisant un bloqueur JavaScript (par exemple, NoScript ) ou en d\u00e9sactivant JavaScript dans votre navigateur. Veuillez noter que certaines fonctionnalit\u00e9s pourraient alors ne plus fonctionner.<\/p>\n\n\n\n<p><strong>8.2 Cookies<\/strong><\/p>\n\n\n\n<p>Nous utilisons des cookies sur le site web, dans les applications et les newsletters afin d&rsquo;am\u00e9liorer l&rsquo;exp\u00e9rience utilisateur, d&rsquo;activer des fonctionnalit\u00e9s et d&rsquo;effectuer des analyses. Les cookies sont de petits fichiers texte stock\u00e9s sur votre appareil et pouvant contenir des donn\u00e9es (personnelles) telles que l&rsquo;adresse IP, le syst\u00e8me d&rsquo;exploitation, les acc\u00e8s aux fichiers et l&rsquo;heure.<\/p>\n\n\n\n<p>Vous pouvez configurer votre navigateur pour recevoir des notifications, autoriser les cookies au cas par cas ou les bloquer. Pour une exp\u00e9rience optimale, nous vous recommandons d&rsquo;accepter nos cookies.<\/p>\n\n\n\n<p><strong>Types de cookies que nous utilisons&nbsp;:<\/strong><\/p>\n\n\n\n<ul class=\"wp-block-list\">\n<li><strong>Cookies n\u00e9cessaires <\/strong>\u2013 indispensables au fonctionnement du site web, ils ne collectent pas de donn\u00e9es personnelles.<\/li>\n\n\n\n<li><strong>Cookies de performance <\/strong>\u2013 analysent le comportement de mani\u00e8re anonyme afin d&rsquo;am\u00e9liorer les performances.<\/li>\n\n\n\n<li><strong>Cookies fonctionnels <\/strong>\u2013 m\u00e9morisent les choix de l\u2019utilisateur (par exemple, la langue), peuvent contenir des donn\u00e9es personnelles.<\/li>\n\n\n\n<li><strong>Cookies publicitaires <\/strong>\u2013 utilis\u00e9s pour afficher du contenu pertinent et susceptibles d\u2019\u00eatre partag\u00e9s avec des tiers.<\/li>\n\n\n\n<li><strong>Les cookies tiers <\/strong>sont d\u00e9pos\u00e9s par des fournisseurs externes et sont soumis \u00e0 leurs politiques.<\/li>\n<\/ul>\n\n\n\n<p><strong>8.3 Outils tiers<\/strong><\/p>\n\n\n\n<p>Nous utilisons actuellement, entre autres&nbsp;:<\/p>\n\n\n\n<ul class=\"wp-block-list\">\n<li><strong>Google Analytics <\/strong>\u2013 pour les statistiques web (avec anonymisation de l&rsquo;adresse IP).<\/li>\n\n\n\n<li><strong>Iovation <\/strong>\u2013 pour l&rsquo;analyse du comportement des utilisateurs et la protection contre la fraude.<\/li>\n\n\n\n<li><strong>API Google et Google Tag Manager <\/strong>\u2013 diverses interfaces de programmation d&rsquo;applications et scripts de Google.<\/li>\n<\/ul>\n\n\n\n<p><strong>9. S\u00e9curit\u00e9 des donn\u00e9es<\/strong><\/p>\n\n\n\n<p>Nous mettons en \u0153uvre des mesures techniques et organisationnelles pour prot\u00e9ger les donn\u00e9es personnelles contre tout acc\u00e8s non autoris\u00e9, perte ou alt\u00e9ration. Veuillez noter que les communications par courriel ne peuvent \u00eatre totalement s\u00e9curis\u00e9es&nbsp;; nous recommandons l\u2019envoi de courrier postal pour les informations sensibles.<\/p>\n\n\n\n<p><strong>10. Qui sommes-nous et comment nous contacter<\/strong><\/p>\n\n\n\n<p>Pour toute question concernant vos droits ou la pr\u00e9sente politique, veuillez contacter notre d\u00e9l\u00e9gu\u00e9 \u00e0 la protection des donn\u00e9es \u00e0 l&rsquo;adresse dpo@ibet.com.<\/p>\n\n\n\n<p><strong>Claymore Malta Ltd<\/strong><br>Level 3 (Suite No.3333), Tower Business Centre<br>Triq It-Torri, Swatar<br>Birkirkara BKR 4013, MalteE-mail&nbsp;: support@ibet.com<\/p>\n\n\n\n<p>Claymore Malta Ltd est une soci\u00e9t\u00e9 bas\u00e9e \u00e0 Malte et conforme au RGPD. Nous appliquons les principes suivants&nbsp;: l\u00e9galit\u00e9, loyaut\u00e9, transparence, limitation des finalit\u00e9s, minimisation des donn\u00e9es, exactitude, limitation de la conservation, respect de la vie priv\u00e9e et confidentialit\u00e9 , et responsabilit\u00e9.<\/p>\n\n\n\n<p><strong>11. Modifications de la politique<\/strong><\/p>\n\n\n\n<p>Nous pouvons \u00eatre amen\u00e9s \u00e0 modifier cette politique et vous en informerons en publiant les modifications sur le Site et en vous envoyant un courriel ou un message. Vous aurez la possibilit\u00e9 d&rsquo;accepter toute modification importante. Les modifications entreront en vigueur d\u00e8s leur publication et votre utilisation continue du Site vaudra acceptation.<\/p>\n\n\n\n<p><strong>Version 2.1, Date de publication : 06\/03\/2025<\/strong><\/p>\n<\/div>\n<\/div>\n\n\n\n<div class=\"wp-block-columns alignfull has-black-background-color has-background is-layout-flex wp-container-core-columns-is-layout-28f84493 wp-block-columns-is-layout-flex\">\n<div class=\"wp-block-column is-layout-constrained wp-block-column-is-layout-constrained\">\n<div class=\"wp-block-columns is-layout-flex wp-container-core-columns-is-layout-28f84493 wp-block-columns-is-layout-flex\">\n<div class=\"wp-block-column is-layout-flow wp-block-column-is-layout-flow\">\n<div class=\"wp-block-columns is-not-stacked-on-mobile is-layout-flex wp-container-core-columns-is-layout-28f84493 wp-block-columns-is-layout-flex\">\n<div class=\"wp-block-column is-vertically-aligned-center is-layout-flow wp-block-column-is-layout-flow\">\n<figure class=\"wp-block-image aligncenter size-full\"><img decoding=\"async\" src=\"https:\/\/ibet-se.com\/wp-content\/uploads\/2025\/07\/Bank-Transfer-copy.webp\" alt=\"Bank Transfer\" class=\"wp-image-182\"\/><\/figure>\n<\/div>\n\n\n\n<div class=\"wp-block-column is-vertically-aligned-center is-layout-flow wp-block-column-is-layout-flow\">\n<figure class=\"wp-block-image aligncenter size-full\"><img decoding=\"async\" src=\"https:\/\/ibet-se.com\/wp-content\/uploads\/2025\/07\/VISA-copy.webp\" alt=\"Visa\" class=\"wp-image-186\"\/><\/figure>\n<\/div>\n\n\n\n<div class=\"wp-block-column is-vertically-aligned-center is-layout-flow wp-block-column-is-layout-flow\">\n<figure class=\"wp-block-image aligncenter size-full\"><img decoding=\"async\" src=\"https:\/\/ibet-se.com\/wp-content\/uploads\/2025\/07\/100-Secure-copy.webp\" alt=\"100% Secure\" class=\"wp-image-181\"\/><\/figure>\n<\/div>\n<\/div>\n<\/div>\n\n\n\n<div class=\"wp-block-column is-layout-flow wp-block-column-is-layout-flow\">\n<div class=\"wp-block-columns is-not-stacked-on-mobile is-layout-flex wp-container-core-columns-is-layout-28f84493 wp-block-columns-is-layout-flex\">\n<div class=\"wp-block-column is-vertically-aligned-center is-layout-flow wp-block-column-is-layout-flow\">\n<figure class=\"wp-block-image aligncenter size-full is-resized\"><img decoding=\"async\" src=\"https:\/\/ibet-se.com\/wp-content\/uploads\/2025\/07\/Mifinity-copy.webp\" alt=\"Mifinity\" class=\"wp-image-185\" style=\"width:100px\"\/><\/figure>\n<\/div>\n\n\n\n<div class=\"wp-block-column is-vertically-aligned-center is-layout-flow wp-block-column-is-layout-flow\">\n<figure class=\"wp-block-image aligncenter size-full\"><img decoding=\"async\" src=\"https:\/\/ibet-se.com\/wp-content\/uploads\/2025\/07\/flykk-copy.webp\" alt=\"Flykk\" class=\"wp-image-183\"\/><\/figure>\n<\/div>\n\n\n\n<div class=\"wp-block-column is-vertically-aligned-center is-layout-flow wp-block-column-is-layout-flow\">\n<figure class=\"wp-block-image aligncenter size-full is-resized\"><img decoding=\"async\" src=\"https:\/\/ibet-se.com\/wp-content\/uploads\/2025\/07\/Jetonbank-copy.webp\" alt=\"Jeton Bank\" class=\"wp-image-184\" style=\"width:100px\"\/><\/figure>\n<\/div>\n<\/div>\n<\/div>\n\n\n\n<div class=\"wp-block-column is-layout-flow wp-block-column-is-layout-flow\">\n<div class=\"wp-block-columns is-not-stacked-on-mobile is-layout-flex wp-container-core-columns-is-layout-28f84493 wp-block-columns-is-layout-flex\">\n<div class=\"wp-block-column is-vertically-aligned-center is-layout-flow wp-block-column-is-layout-flow\">\n<figure class=\"wp-block-image aligncenter size-full is-resized\"><img decoding=\"async\" src=\"https:\/\/ibet-se.com\/wp-content\/uploads\/2025\/07\/Trustly-copy.webp\" alt=\"Trustly\" class=\"wp-image-189\" style=\"width:100px\"\/><\/figure>\n<\/div>\n\n\n\n<div class=\"wp-block-column is-vertically-aligned-center is-layout-flow wp-block-column-is-layout-flow\">\n<figure class=\"wp-block-image aligncenter size-full\"><img decoding=\"async\" src=\"https:\/\/ibet-se.com\/wp-content\/uploads\/2025\/07\/Ellipse-1-copy.webp\" alt=\"Mastercard\" class=\"wp-image-187\"\/><\/figure>\n<\/div>\n\n\n\n<div class=\"wp-block-column is-vertically-aligned-center is-layout-flow wp-block-column-is-layout-flow\">\n<figure class=\"wp-block-image aligncenter size-full\"><img decoding=\"async\" src=\"https:\/\/ibet-se.com\/wp-content\/uploads\/2025\/07\/Neosurf-copy.webp\" alt=\"Neosurf\" class=\"wp-image-188\"\/><\/figure>\n<\/div>\n<\/div>\n<\/div>\n<\/div>\n<\/div>\n<\/div>\n","protected":false},"excerpt":{"rendered":"<p>politique de confidentialit\u00e9 Politique de protection des donn\u00e9es et de cookies 1. Introduction Chez ibet, nous privil\u00e9gions la transparence et [&hellip;]<\/p>\n","protected":false},"author":7,"featured_media":0,"parent":0,"menu_order":0,"comment_status":"closed","ping_status":"closed","template":"","meta":{"site-sidebar-layout":"default","site-content-layout":"","ast-site-content-layout":"default","site-content-style":"default","site-sidebar-style":"default","ast-global-header-display":"","ast-banner-title-visibility":"","ast-main-header-display":"","ast-hfb-above-header-display":"","ast-hfb-below-header-display":"","ast-hfb-mobile-header-display":"","site-post-title":"disabled","ast-breadcrumbs-content":"","ast-featured-img":"","footer-sml-layout":"","ast-disable-related-posts":"","theme-transparent-header-meta":"","adv-header-id-meta":"","stick-header-meta":"","header-above-stick-meta":"","header-main-stick-meta":"","header-below-stick-meta":"","astra-migrate-meta-layouts":"default","ast-page-background-enabled":"default","ast-page-background-meta":{"desktop":{"background-color":"var(--ast-global-color-5)","background-image":"","background-repeat":"repeat","background-position":"center center","background-size":"auto","background-attachment":"scroll","background-type":"","background-media":"","overlay-type":"","overlay-color":"","overlay-opacity":"","overlay-gradient":""},"tablet":{"background-color":"","background-image":"","background-repeat":"repeat","background-position":"center center","background-size":"auto","background-attachment":"scroll","background-type":"","background-media":"","overlay-type":"","overlay-color":"","overlay-opacity":"","overlay-gradient":""},"mobile":{"background-color":"","background-image":"","background-repeat":"repeat","background-position":"center center","background-size":"auto","background-attachment":"scroll","background-type":"","background-media":"","overlay-type":"","overlay-color":"","overlay-opacity":"","overlay-gradient":""}},"ast-content-background-meta":{"desktop":{"background-color":"var(--ast-global-color-4)","background-image":"","background-repeat":"repeat","background-position":"center center","background-size":"auto","background-attachment":"scroll","background-type":"","background-media":"","overlay-type":"","overlay-color":"","overlay-opacity":"","overlay-gradient":""},"tablet":{"background-color":"var(--ast-global-color-4)","background-image":"","background-repeat":"repeat","background-position":"center center","background-size":"auto","background-attachment":"scroll","background-type":"","background-media":"","overlay-type":"","overlay-color":"","overlay-opacity":"","overlay-gradient":""},"mobile":{"background-color":"var(--ast-global-color-4)","background-image":"","background-repeat":"repeat","background-position":"center center","background-size":"auto","background-attachment":"scroll","background-type":"","background-media":"","overlay-type":"","overlay-color":"","overlay-opacity":"","overlay-gradient":""}},"footnotes":""},"class_list":["post-166","page","type-page","status-publish","hentry"],"_links":{"self":[{"href":"https:\/\/ibet365.club\/fr\/wp-json\/wp\/v2\/pages\/166","targetHints":{"allow":["GET"]}}],"collection":[{"href":"https:\/\/ibet365.club\/fr\/wp-json\/wp\/v2\/pages"}],"about":[{"href":"https:\/\/ibet365.club\/fr\/wp-json\/wp\/v2\/types\/page"}],"author":[{"embeddable":true,"href":"https:\/\/ibet365.club\/fr\/wp-json\/wp\/v2\/users\/7"}],"replies":[{"embeddable":true,"href":"https:\/\/ibet365.club\/fr\/wp-json\/wp\/v2\/comments?post=166"}],"version-history":[{"count":1,"href":"https:\/\/ibet365.club\/fr\/wp-json\/wp\/v2\/pages\/166\/revisions"}],"predecessor-version":[{"id":200,"href":"https:\/\/ibet365.club\/fr\/wp-json\/wp\/v2\/pages\/166\/revisions\/200"}],"wp:attachment":[{"href":"https:\/\/ibet365.club\/fr\/wp-json\/wp\/v2\/media?parent=166"}],"curies":[{"name":"wp","href":"https:\/\/api.w.org\/{rel}","templated":true}]}}