{"id":155,"date":"2025-09-06T09:12:12","date_gmt":"2025-09-06T09:12:12","guid":{"rendered":"https:\/\/ibet365.club\/?page_id=155"},"modified":"2026-02-14T10:51:17","modified_gmt":"2026-02-14T10:51:17","slug":"ansvarlig-spilling","status":"publish","type":"page","link":"https:\/\/ibet365.club\/no\/ansvarlig-spilling\/","title":{"rendered":"Ansvarlig spilling"},"content":{"rendered":"\n<div class=\"wp-block-columns alignfull has-ast-global-color-4-background-color has-background is-layout-flex wp-container-core-columns-is-layout-28f84493 wp-block-columns-is-layout-flex\">\n<div class=\"wp-block-column is-layout-constrained wp-block-column-is-layout-constrained\">\n<h3 class=\"wp-block-heading\">Ansvarlig spilling<\/h3>\n\n\n\n<p>Du kan sette dine grenser<\/p>\n\n\n\n<p><strong>V\u00e5r forpliktelse til ansvarlig spilling<\/strong><\/p>\n\n\n\n<p>En av ibets kjerneverdier er \u00e5penhet. Vi tar dette et skritt videre ved \u00e5 gi deg innsikt i hvordan du spiller \u2013 hvor mye, n\u00e5r du vinner og taper. Det er derfor i v\u00e5r interesse og forpliktelse \u00e5 kontinuerlig s\u00f8rge for at spill ikke misbrukes, og at kundene v\u00e5re kan spille trygt, ansvarlig og p\u00e5 en transparent m\u00e5te.<\/p>\n\n\n\n<p><strong>Hvordan spiller jeg ansvarlig?<\/strong><\/p>\n\n\n\n<ul class=\"wp-block-list\">\n<li>Se p\u00e5 spill som underholdning, ikke som en inntektskilde.<\/li>\n\n\n\n<li>Spill bare med penger du har r\u00e5d til \u00e5 tape. Bruk innskudds- og forbruksgrenser for \u00e5 holde oversikt over bel\u00f8pene dine.<\/li>\n\n\n\n<li>Aldri jag etter tap \u2013 det f\u00f8rer ofte til problemer.<\/li>\n\n\n\n<li>Spor hvor mye tid du bruker p\u00e5 \u00e5 spille spill. \u00d8ktgrenser lar deg kontrollere hvor lenge du kan v\u00e6re innlogget.<\/li>\n\n\n\n<li>Balanse spilling med andre aktiviteter. Hvis spilling blir din eneste underholdning, b\u00f8r du ta en pause og tenke p\u00e5 om det fortsatt er g\u00f8y.<\/li>\n\n\n\n<li>Ta regelmessige pauser. Langvarig spilling kan f\u00f8re til at du mister tidsforst\u00e5elsen.<\/li>\n\n\n\n<li>Ikke spill under p\u00e5virkning av alkohol eller n\u00e5r du er trist eller stresset \u2013 det svekker beslutningsevnen din.<\/li>\n\n\n\n<li>Reflekter over hvor mye tid og penger du bruker p\u00e5 gambling. Du kan spore aktiviteten din i kontohistorikken din p\u00e5 nettet.<\/li>\n\n\n\n<li>Gj\u00f8r deg kjent med vinnersjansene og hvordan produktene fungerer.<\/li>\n\n\n\n<li>Hvis du trenger \u00e5 snakke med noen om spilleproblemet ditt, kan du kontakte en st\u00f8tteorganisasjon for spilleavhengighet.<\/li>\n<\/ul>\n\n\n\n<p><strong>Hva er problemgambling?<\/strong><\/p>\n\n\n\n<p>Problemgambling inneb\u00e6rer gambling i en grad som setter familieliv, personlige forhold eller fritidsaktiviteter i fare, forstyrrer eller skader dem. En problemgambler beskrives ofte som en person som bruker mer tid og\/eller penger p\u00e5 gambling enn personen har r\u00e5d til.<\/p>\n\n\n\n<p><strong>Varseltegn p\u00e5 problemgambling<\/strong><\/p>\n\n\n\n<ul class=\"wp-block-list\">\n<li>Du bruker mer tid og penger p\u00e5 gambling enn du har r\u00e5d til.<\/li>\n\n\n\n<li>Du har problemer med \u00e5 begrense eller slutte med pengespill.<\/li>\n\n\n\n<li>Konflikter med familie eller venner om penger og gambling.<\/li>\n\n\n\n<li>Redusert lyst til \u00e5 gj\u00f8re ting du vanligvis liker.<\/li>\n\n\n\n<li>Konstante tanker eller snakk om gambling.<\/li>\n\n\n\n<li>Du lyver om eller skjuler gambling.<\/li>\n\n\n\n<li>Du jager tap eller pr\u00f8ver \u00e5 spille deg ut av \u00f8konomiske problemer.<\/li>\n\n\n\n<li>Du spiller til pengene g\u00e5r tom.<\/li>\n\n\n\n<li>Du l\u00e5ner penger, selger ting, tar opp l\u00e5n eller ignorerer regninger for \u00e5 finansiere pengespill.<\/li>\n\n\n\n<li>Du m\u00e5 spille med h\u00f8yere innsatser eller over lengre tid for \u00e5 f\u00e5 den samme gevinsten.<\/li>\n\n\n\n<li>Arbeid, studier, familie eller husholdning blir neglisjert p\u00e5 grunn av gambling.<\/li>\n\n\n\n<li>F\u00f8lelser av bekymring, skyld, depresjon eller irritasjon.<\/li>\n<\/ul>\n\n\n\n<p><strong>Verkt\u00f8y som hjelper<\/strong><\/p>\n\n\n\n<p>F\u00f8lgende verkt\u00f8y vil hjelpe deg med \u00e5 holde kontroll over spillingen din. Du kan konfigurere spillkontroller her.<\/p>\n\n\n\n<p><strong>Innskuddsgrense<\/strong><\/p>\n\n\n\n<p>Innskuddsgrenser lar deg kontrollere hvor mye penger du har lov til \u00e5 sette inn per kalenderdag, uke eller m\u00e5ned.<br>N\u00e5r grensen er n\u00e5dd, kan du ikke sette inn mer f\u00f8r perioden er tilbakestilt. Du kan fortsatt bruke andre ibet- tjenester og spille med midlene som allerede er tilgjengelige p\u00e5 kontoen din.<br><strong>Angi en innskuddsgrense her.<\/strong><\/p>\n\n\n\n<p><strong>Ta en pause<\/strong><\/p>\n\n\n\n<p>Hvis du \u00f8nsker \u00e5 ta en kort pause fra spilling og tipping, kan du aktivere en pause p\u00e5 24 timer, 7 dager, 30 dager eller 90 dager.<br>I l\u00f8pet av pausen kan du ikke bruke kontoen din til gambling, men du kan logge inn for \u00e5 ta ut eventuell gjenv\u00e6rende saldo .<br><strong>Angi en pause her.<\/strong><\/p>\n\n\n\n<p><strong>Selvtest<\/strong><\/p>\n\n\n\n<p>Gamblers Anonymous tilbyr en enkel test p\u00e5 nettsiden sin for \u00e5 vurdere om spillingen din for\u00e5rsaker problemer.<br><strong>Ta testen her.<\/strong><\/p>\n\n\n\n<p><strong>Selvutkobling<\/strong><\/p>\n\n\n\n<p>Dette verkt\u00f8yet lar deg selvekskludere deg selv fra spill i en valgt periode. Du vil ikke kunne logge inn f\u00f8r suspensjonen er utl\u00f8pt.<br><strong>Angi selvekskludering her.<\/strong><\/p>\n\n\n\n<p><strong>Hvem kan hjelpe?<\/strong><\/p>\n\n\n\n<p>Hvor kan du \u2013 eller noen du kjenner \u2013 henvende deg hvis det oppst\u00e5r et problem?<\/p>\n\n\n\n<p>Det kan v\u00e6re vanskelig \u00e5 innr\u00f8mme at man har et problem \u2013 og det er alvorlig. Spilleavhengighet kan \u00f8delegge liv. Men folk ber om hjelp hver dag, og det er et tegn p\u00e5 styrke \u00e5 gj\u00f8re det. Nedenfor finner du organisasjoner som hjelper folk med spilleavhengighet hver dag.<\/p>\n\n\n\n<p><strong>Organisasjoner<\/strong><\/p>\n\n\n\n<p><strong>Spillterapi <\/strong>\u2013 <a href=\"http:\/\/www.gamblingtherapy.org\/\" target=\"_blank\" rel=\"noreferrer noopener\">www.gamblingtherapy.org Global<\/a><br><strong>tjeneste <\/strong>som tilbyr gratis praktiske r\u00e5d og emosjonell st\u00f8tte til alle som er rammet av spilleproblemer.<\/p>\n\n\n\n<p><strong>Gamblers Anonymous <\/strong>\u2013 <a href=\"http:\/\/www.gamblersanonymous.org.uk\/\" target=\"_blank\" rel=\"noreferrer noopener\">www.gamblersanonymous.org.uk<\/a><br>Tilbyr forum, chatterom, materiell og, viktigst av alt, muligheten til \u00e5 s\u00f8ke etter m\u00f8ter. M\u00f8ter holdes daglig i England, Wales og Ulster.<\/p>\n\n\n\n<p><strong>Dunlewey Avhengighetstjenester <\/strong>\u2013 <strong>www.dunlewey.org Gratis og konfidensielt st\u00f8tte- og veiledningsprogram for de som har problemer med sitt eget eller en <\/strong><a href=\"http:\/\/www.dunlewey.org\/\" target=\"_blank\" rel=\"noreferrer noopener\">av<\/a><br>sine n\u00e6rmestes rusmisbruk eller spilleavhengighet.<\/p>\n\n\n\n<p><strong>Blokkering av gamblingnettsteder<\/strong><\/p>\n\n\n\n<p><strong>Gamban <\/strong>\u2013 <a href=\"http:\/\/www.gamban.com\/\" target=\"_blank\" rel=\"noreferrer noopener\">www.gamban.com<\/a><br>Hvis du vil blokkere tilgang til alle gamblingnettsteder, finnes Gamban, en uavhengig organisasjon som tilbyr en app som blokkerer gamblingnettsteder og -apper p\u00e5 mobil, nettbrett og datamaskin.<\/p>\n\n\n\n<p><strong>Gjelds- og \u00f8konomisk r\u00e5dgivning<\/strong><\/p>\n\n\n\n<p>Spilling kan f\u00f8re til problemer med l\u00e5n og kredittkortgjeld. Ikke pr\u00f8v \u00e5 spille for \u00e5 betale ned gjelden din. S\u00f8k heller hjelp fra organisasjoner som kan hjelpe deg med \u00e5 lage en plan.<\/p>\n\n\n\n<p><strong>My Money Steps <\/strong>\u2013 <a href=\"http:\/\/www.mymoneysteps.org\/\" target=\"_blank\" rel=\"noreferrer noopener\">www.mymoneysteps.org<\/a><br>Foresl\u00e5r alternativer for gjeldsh\u00e5ndtering og utvikler en personlig handlingsplan.<\/p>\n\n\n\n<p><strong>Hjelp en venn<\/strong><\/p>\n\n\n\n<p><strong>Gjenkjenn signalene<\/strong><\/p>\n\n\n\n<p>Ting du b\u00f8r v\u00e6re oppmerksom p\u00e5 n\u00e5r noen som st\u00e5r deg n\u00e6r kan v\u00e6re i faresonen for \u00e5 skade seg selv gjennom gambling:<\/p>\n\n\n\n<ul class=\"wp-block-list\">\n<li><strong>Travelhet: <\/strong>Stadig snakke om og gjenoppleve gevinster fra gambling.<\/li>\n\n\n\n<li><strong>Toleranse: <\/strong>M\u00e5 \u00f8ke innsatsen for det samme sparket.<\/li>\n\n\n\n<li><strong>Manglende evne til \u00e5 slutte: <\/strong>Har pr\u00f8vd, men mislyktes.<\/li>\n\n\n\n<li><strong>Irritabilitet: <\/strong>Blir irritabel n\u00e5r han ikke kan spille.<\/li>\n\n\n\n<li><strong>Flukt: <\/strong>Bruker spill for \u00e5 unnslippe problemer hjemme eller p\u00e5 jobb.<\/li>\n\n\n\n<li><strong>Jage tap: <\/strong>Pr\u00f8ve \u00e5 vinne tilbake tapte penger.<\/li>\n\n\n\n<li><strong>Gjemme seg: <\/strong>Snikspill p\u00e5 telefonen, f.eks. under bordet.<\/li>\n\n\n\n<li><strong>L\u00e5n penger: <\/strong>Be venner om penger for \u00e5 spille.<\/li>\n\n\n\n<li><strong>L\u00f8gner: <\/strong>\u00c5 benekte eller bagatellisere gambling og tap.<\/li>\n<\/ul>\n\n\n\n<p><strong>Tror du at du eller noen andre har et problem?<\/strong><\/p>\n\n\n\n<p>Hvis du ser flere av signalene hos en venn, ta det opp rolig. Et enkelt sp\u00f8rsm\u00e5l som: \u00abHei, jeg har lagt merke til at du har spilt mye i det siste \u2013 hvordan har du det?\u00bb kan v\u00e6re nok til \u00e5 \u00e5pne opp.<br>St\u00f8tte er n\u00f8kkelen. En delt bekymring er en halvert bekymring. Se delen <strong>Hvem kan hjelpe <\/strong>for m\u00e5ter \u00e5 ta kontakt p\u00e5.<\/p>\n\n\n\n<p><strong>Beskyttelse av mindre\u00e5rige<\/strong><\/p>\n\n\n\n<p>Vi \u00f8nsker ikke at barn skal leke \u2013 ingen barn i det hele tatt. Vi utf\u00f8rer aldersverifisering p\u00e5 alle kontoer for \u00e5 sikre at kundene er 18 \u00e5r eller eldre.<br>Hvis vi ikke kan bekrefte alderen elektronisk, vil kontoen bli suspendert og vi vil be om bevis.<\/p>\n\n\n\n<p>Vi vet at barn noen ganger bruker foreldrenes telefoner, nettbrett og datamaskiner \u2013 og at du kan v\u00e6re innlogget. Derfor m\u00e5 spillselskaper og foreldre samarbeide for \u00e5 beskytte barn mot pengespill.<\/p>\n\n\n\n<p><strong>Tips for \u00e5 beskytte mindre\u00e5rige<\/strong><\/p>\n\n\n\n<ul class=\"wp-block-list\">\n<li>Oppbevar brukernavn, passord og betalingsdetaljer utilgjengelig \u2013 ikke p\u00e5 et papirark p\u00e5 datamaskinen din.<\/li>\n\n\n\n<li>Ikke lagre passord og ikke bruk autofyll p\u00e5 delte enheter.<\/li>\n\n\n\n<li>Logg alltid ut hvis det er barn i n\u00e6rheten.<\/li>\n\n\n\n<li>Installer nettblokkering\/ foreldreblokkering kontroll , som for eksempel Net Nanny, for \u00e5 blokkere gamblingnettsteder p\u00e5 b\u00e5de datamaskin og mobil.<\/li>\n\n\n\n<li>Snakk med barna dine om lovligheten og risikoen ved gambling i ung alder.<\/li>\n\n\n\n<li>Begrens barnas skjermtid.<\/li>\n\n\n\n<li>Bruk innebygde foreldrekontroller p\u00e5 mobil\/nettbrett\/datamaskin\/TV.<\/li>\n<\/ul>\n<\/div>\n<\/div>\n\n\n\n<div class=\"wp-block-columns alignfull has-black-background-color has-background is-layout-flex wp-container-core-columns-is-layout-28f84493 wp-block-columns-is-layout-flex\">\n<div class=\"wp-block-column is-layout-constrained wp-block-column-is-layout-constrained\">\n<div class=\"wp-block-columns is-layout-flex wp-container-core-columns-is-layout-28f84493 wp-block-columns-is-layout-flex\">\n<div class=\"wp-block-column is-layout-flow wp-block-column-is-layout-flow\">\n<div class=\"wp-block-columns is-not-stacked-on-mobile is-layout-flex wp-container-core-columns-is-layout-28f84493 wp-block-columns-is-layout-flex\">\n<div class=\"wp-block-column is-vertically-aligned-center is-layout-flow wp-block-column-is-layout-flow\">\n<figure class=\"wp-block-image aligncenter size-full\"><img decoding=\"async\" src=\"https:\/\/ibet-se.com\/wp-content\/uploads\/2025\/07\/Bank-Transfer-copy.webp\" alt=\"Bank Transfer\" class=\"wp-image-182\"\/><\/figure>\n<\/div>\n\n\n\n<div class=\"wp-block-column is-vertically-aligned-center is-layout-flow wp-block-column-is-layout-flow\">\n<figure class=\"wp-block-image aligncenter size-full\"><img decoding=\"async\" src=\"https:\/\/ibet-se.com\/wp-content\/uploads\/2025\/07\/VISA-copy.webp\" alt=\"Visa\" class=\"wp-image-186\"\/><\/figure>\n<\/div>\n\n\n\n<div class=\"wp-block-column is-vertically-aligned-center is-layout-flow wp-block-column-is-layout-flow\">\n<figure class=\"wp-block-image aligncenter size-full\"><img decoding=\"async\" src=\"https:\/\/ibet-se.com\/wp-content\/uploads\/2025\/07\/100-Secure-copy.webp\" alt=\"100% Secure\" class=\"wp-image-181\"\/><\/figure>\n<\/div>\n<\/div>\n<\/div>\n\n\n\n<div class=\"wp-block-column is-layout-flow wp-block-column-is-layout-flow\">\n<div class=\"wp-block-columns is-not-stacked-on-mobile is-layout-flex wp-container-core-columns-is-layout-28f84493 wp-block-columns-is-layout-flex\">\n<div class=\"wp-block-column is-vertically-aligned-center is-layout-flow wp-block-column-is-layout-flow\">\n<figure class=\"wp-block-image aligncenter size-full is-resized\"><img decoding=\"async\" src=\"https:\/\/ibet-se.com\/wp-content\/uploads\/2025\/07\/Mifinity-copy.webp\" alt=\"Mifinity\" class=\"wp-image-185\" style=\"width:100px\"\/><\/figure>\n<\/div>\n\n\n\n<div class=\"wp-block-column is-vertically-aligned-center is-layout-flow wp-block-column-is-layout-flow\">\n<figure class=\"wp-block-image aligncenter size-full\"><img decoding=\"async\" src=\"https:\/\/ibet-se.com\/wp-content\/uploads\/2025\/07\/flykk-copy.webp\" alt=\"Flykk\" class=\"wp-image-183\"\/><\/figure>\n<\/div>\n\n\n\n<div class=\"wp-block-column is-vertically-aligned-center is-layout-flow wp-block-column-is-layout-flow\">\n<figure class=\"wp-block-image aligncenter size-full is-resized\"><img decoding=\"async\" src=\"https:\/\/ibet-se.com\/wp-content\/uploads\/2025\/07\/Jetonbank-copy.webp\" alt=\"Jeton Bank\" class=\"wp-image-184\" style=\"width:100px\"\/><\/figure>\n<\/div>\n<\/div>\n<\/div>\n\n\n\n<div class=\"wp-block-column is-layout-flow wp-block-column-is-layout-flow\">\n<div class=\"wp-block-columns is-not-stacked-on-mobile is-layout-flex wp-container-core-columns-is-layout-28f84493 wp-block-columns-is-layout-flex\">\n<div class=\"wp-block-column is-vertically-aligned-center is-layout-flow wp-block-column-is-layout-flow\">\n<figure class=\"wp-block-image aligncenter size-full is-resized\"><img decoding=\"async\" src=\"https:\/\/ibet-se.com\/wp-content\/uploads\/2025\/07\/Trustly-copy.webp\" alt=\"Trustly\" class=\"wp-image-189\" style=\"width:100px\"\/><\/figure>\n<\/div>\n\n\n\n<div class=\"wp-block-column is-vertically-aligned-center is-layout-flow wp-block-column-is-layout-flow\">\n<figure class=\"wp-block-image aligncenter size-full\"><img decoding=\"async\" src=\"https:\/\/ibet-se.com\/wp-content\/uploads\/2025\/07\/Ellipse-1-copy.webp\" alt=\"Mastercard\" class=\"wp-image-187\"\/><\/figure>\n<\/div>\n\n\n\n<div class=\"wp-block-column is-vertically-aligned-center is-layout-flow wp-block-column-is-layout-flow\">\n<figure class=\"wp-block-image aligncenter size-full\"><img decoding=\"async\" src=\"https:\/\/ibet-se.com\/wp-content\/uploads\/2025\/07\/Neosurf-copy.webp\" alt=\"Neosurf\" class=\"wp-image-188\"\/><\/figure>\n<\/div>\n<\/div>\n<\/div>\n<\/div>\n<\/div>\n<\/div>\n","protected":false},"excerpt":{"rendered":"<p>Ansvarlig spilling Du kan sette dine grenser V\u00e5r forpliktelse til ansvarlig spilling En av ibets kjerneverdier er \u00e5penhet. Vi tar [&hellip;]<\/p>\n","protected":false},"author":7,"featured_media":0,"parent":0,"menu_order":0,"comment_status":"closed","ping_status":"closed","template":"","meta":{"site-sidebar-layout":"default","site-content-layout":"","ast-site-content-layout":"default","site-content-style":"default","site-sidebar-style":"default","ast-global-header-display":"","ast-banner-title-visibility":"","ast-main-header-display":"","ast-hfb-above-header-display":"","ast-hfb-below-header-display":"","ast-hfb-mobile-header-display":"","site-post-title":"disabled","ast-breadcrumbs-content":"","ast-featured-img":"","footer-sml-layout":"","ast-disable-related-posts":"","theme-transparent-header-meta":"","adv-header-id-meta":"","stick-header-meta":"","header-above-stick-meta":"","header-main-stick-meta":"","header-below-stick-meta":"","astra-migrate-meta-layouts":"default","ast-page-background-enabled":"default","ast-page-background-meta":{"desktop":{"background-color":"var(--ast-global-color-5)","background-image":"","background-repeat":"repeat","background-position":"center center","background-size":"auto","background-attachment":"scroll","background-type":"","background-media":"","overlay-type":"","overlay-color":"","overlay-opacity":"","overlay-gradient":""},"tablet":{"background-color":"","background-image":"","background-repeat":"repeat","background-position":"center center","background-size":"auto","background-attachment":"scroll","background-type":"","background-media":"","overlay-type":"","overlay-color":"","overlay-opacity":"","overlay-gradient":""},"mobile":{"background-color":"","background-image":"","background-repeat":"repeat","background-position":"center center","background-size":"auto","background-attachment":"scroll","background-type":"","background-media":"","overlay-type":"","overlay-color":"","overlay-opacity":"","overlay-gradient":""}},"ast-content-background-meta":{"desktop":{"background-color":"var(--ast-global-color-4)","background-image":"","background-repeat":"repeat","background-position":"center center","background-size":"auto","background-attachment":"scroll","background-type":"","background-media":"","overlay-type":"","overlay-color":"","overlay-opacity":"","overlay-gradient":""},"tablet":{"background-color":"var(--ast-global-color-4)","background-image":"","background-repeat":"repeat","background-position":"center center","background-size":"auto","background-attachment":"scroll","background-type":"","background-media":"","overlay-type":"","overlay-color":"","overlay-opacity":"","overlay-gradient":""},"mobile":{"background-color":"var(--ast-global-color-4)","background-image":"","background-repeat":"repeat","background-position":"center center","background-size":"auto","background-attachment":"scroll","background-type":"","background-media":"","overlay-type":"","overlay-color":"","overlay-opacity":"","overlay-gradient":""}},"footnotes":""},"class_list":["post-155","page","type-page","status-publish","hentry"],"_links":{"self":[{"href":"https:\/\/ibet365.club\/no\/wp-json\/wp\/v2\/pages\/155","targetHints":{"allow":["GET"]}}],"collection":[{"href":"https:\/\/ibet365.club\/no\/wp-json\/wp\/v2\/pages"}],"about":[{"href":"https:\/\/ibet365.club\/no\/wp-json\/wp\/v2\/types\/page"}],"author":[{"embeddable":true,"href":"https:\/\/ibet365.club\/no\/wp-json\/wp\/v2\/users\/7"}],"replies":[{"embeddable":true,"href":"https:\/\/ibet365.club\/no\/wp-json\/wp\/v2\/comments?post=155"}],"version-history":[{"count":1,"href":"https:\/\/ibet365.club\/no\/wp-json\/wp\/v2\/pages\/155\/revisions"}],"predecessor-version":[{"id":201,"href":"https:\/\/ibet365.club\/no\/wp-json\/wp\/v2\/pages\/155\/revisions\/201"}],"wp:attachment":[{"href":"https:\/\/ibet365.club\/no\/wp-json\/wp\/v2\/media?parent=155"}],"curies":[{"name":"wp","href":"https:\/\/api.w.org\/{rel}","templated":true}]}}