{"id":167,"date":"2025-09-06T09:17:44","date_gmt":"2025-09-06T09:17:44","guid":{"rendered":"https:\/\/ibet365.club\/?page_id=167"},"modified":"2026-02-14T10:51:18","modified_gmt":"2026-02-14T10:51:18","slug":"personvernerklaering","status":"publish","type":"page","link":"https:\/\/ibet365.club\/no\/personvernerklaering\/","title":{"rendered":"Personvernerkl\u00e6ring"},"content":{"rendered":"\n<div class=\"wp-block-columns alignfull has-ast-global-color-4-background-color has-background is-layout-flex wp-container-core-columns-is-layout-28f84493 wp-block-columns-is-layout-flex\">\n<div class=\"wp-block-column is-layout-constrained wp-block-column-is-layout-constrained\">\n<h3 class=\"wp-block-heading\" id=\"h-integritetspolicy\">Personvernerkl\u00e6ring<\/h3>\n\n\n\n<p><strong>Retningslinjer for databeskyttelse og informasjonskapsler<\/strong><\/p>\n\n\n\n<p><strong>1. Innledning<\/strong><\/p>\n\n\n\n<p>Hos ibet verdsetter vi \u00e5penhet og tar personvernet ditt sv\u00e6rt alvorlig. Vi setter pris p\u00e5 at du deler din personlige informasjon med oss, og vi \u00f8nsker \u00e5 v\u00e6re tydelige p\u00e5 hvordan den brukes.<\/p>\n\n\n\n<p>Denne personvernerkl\u00e6ringen forklarer hvordan og hvorfor dine personopplysninger samles inn ved bruk av nettstedet v\u00e5rt www.ibet.com og dets varianter, inkludert v\u00e5re mobilapper (\u00abNettstedet\u00bb), hvorfor de samles inn og hvordan de er beskyttet. Vi har implementert sikkerhetstiltak for \u00e5 beskytte dataene dine og h\u00e5ndterer dem i samsvar med gjeldende personvernforskrifter.<\/p>\n\n\n\n<p>Denne policyen beskriver hvordan vi h\u00e5ndterer dine personopplysninger og gjelder for Claymore Group Limited , som driver www.ibet.com. I denne policyen omtales selskapet som \u00abvi\u00bb, \u00aboss\u00bb eller \u00abv\u00e5r\u00bb.<\/p>\n\n\n\n<p><strong>2. Hvilken informasjon samler vi inn fra deg?<\/strong><\/p>\n\n\n\n<p><strong>2.1 Informasjon du selv oppgir<\/strong><\/p>\n\n\n\n<p>Vi samler inn informasjon som du frivillig oppgir n\u00e5r du bruker tjenestene, for eksempel n\u00e5r du registrerer deg som ibet- kunde. Noe informasjon er obligatorisk for \u00e5 opprette en konto:<\/p>\n\n\n\n<ul class=\"wp-block-list\">\n<li>Kontaktinformasjon: navn, etternavn, adresse, alder, f\u00f8dselsdato, kj\u00f8nn, e-postadresse, telefonnummer, postnummer.<\/li>\n\n\n\n<li>Finansiell informasjon: bankdetaljer og transaksjonshistorikk (innskudd og uttak gjennom oss).<\/li>\n\n\n\n<li>P\u00e5 grunn av lovkrav mot hvitvasking av penger, m\u00e5 vi noen ganger be om ytterligere dokumenter som legitimasjon med bilde, bevis p\u00e5 formueopprinnelse, bevis p\u00e5 adresse osv.<\/li>\n<\/ul>\n\n\n\n<p><strong>2.2 Tredjepartsinformasjon<\/strong><\/p>\n\n\n\n<p>Vi kan supplere informasjonen vi samler inn direkte fra deg med data fra eksterne kilder, for eksempel offentlige databaser, leverand\u00f8rer av demografiske data eller andre partnere. For \u00e5 oppfylle regulatoriske krav samler vi ogs\u00e5 inn KYC-informasjon (\u00ab Kjenn din kunde \u00bb). Din Kunde \u201d) fra spesialiserte tredjepartsleverand\u00f8rer.<\/p>\n\n\n\n<p><strong>2.3 Informasjon som samles inn automatisk fra enheten din<\/strong><\/p>\n\n\n\n<p>Vi og v\u00e5re tredjepartsleverand\u00f8rer kan samle inn data automatisk fra enheten din:<\/p>\n\n\n\n<ul class=\"wp-block-list\">\n<li>Gjennom nettleseren eller enheten din: IP-adresse, enhetstype, spr\u00e5k og nettlesertype. Dette hjelper oss med \u00e5 sikre at tjenestene fungerer som de skal.<\/li>\n\n\n\n<li>appbruk : N\u00e5r du laster ned og bruker appene v\u00e5re, kan vi spore bruksdata, for eksempel dato og klokkeslett appen kobler seg til serverne v\u00e5re, og hvilke filer som lastes ned.<\/li>\n<\/ul>\n\n\n\n<p>For mer informasjon om hvordan vi bruker informasjonskapsler, se v\u00e5r policy for informasjonskapsler.<\/p>\n\n\n\n<p><strong>3. Hvordan bruker vi dine personopplysninger?<\/strong><\/p>\n\n\n\n<p>Vi behandler kun personopplysninger i samsvar med denne policyen. Informasjonen brukes blant annet til \u00e5:<\/p>\n\n\n\n<ul class=\"wp-block-list\">\n<li>administrere registreringen din, opprette og vedlikeholde kontoen din (inkludert aldersbekreftelse og svindelbeskyttelse);<\/li>\n\n\n\n<li>administrere spillene du deltar i og informere deg om gevinster eller bonuser;<\/li>\n\n\n\n<li>drifte, forbedre og tilpasse tjenestene v\u00e5re og analysere brukeratferd;<\/li>\n\n\n\n<li>s\u00f8rge for at innholdet p\u00e5 nettstedet presenteres p\u00e5 best mulig m\u00e5te for deg og enheten din;<\/li>\n\n\n\n<li>sende tjenesteinformasjon om kontoen din og tilbud, samt markedsf\u00f8ringskommunikasjon (du kan n\u00e5r som helst endre kontoinnstillingene dine og velge bort markedsf\u00f8ring).<\/li>\n<\/ul>\n\n\n\n<p>Vi kan ogs\u00e5 bruke data til forskning, for eksempel analyse av kundeopplevelse, produktforbedring og kampanjeevaluering.<\/p>\n\n\n\n<p>Vi selger aldri informasjonen din eller deler den til markedsf\u00f8ringsform\u00e5l uten ditt uttrykkelige samtykke.<\/p>\n\n\n\n<p><strong>4. Hvem deler vi informasjonen din med?<\/strong><\/p>\n\n\n\n<p>Din informasjon kan bli delt med tredjeparter med det form\u00e5l \u00e5 levere tjenestene v\u00e5re, for eksempel:<\/p>\n\n\n\n<ul class=\"wp-block-list\">\n<li>Leverand\u00f8rer av tale- og SMS-tjenester.<\/li>\n\n\n\n<li>Betalingsleverand\u00f8rer for innskudd og uttak.<\/li>\n\n\n\n<li>Leverand\u00f8rer av risiko, svindel og samsvar.<\/li>\n\n\n\n<li>Partnere som forbedrer kundeopplevelsen din (kun med ditt samtykke).<\/li>\n\n\n\n<li>Forskning og analyse (du kan n\u00e5r som helst protestere mot behandling for statistiske\/profileringsform\u00e5l ved \u00e5 kontakte dpo@ibet.com).<\/li>\n<\/ul>\n\n\n\n<p>Hvis det er p\u00e5krevd ved lov, kan informasjon gis til myndigheter, tilsynsorganer eller idrettsorganisasjoner med det form\u00e5l \u00e5 etterforske forbrytelser eller regelbrudd.<\/p>\n\n\n\n<p><strong>5. Hvor lenge lagrer vi informasjonen din?<\/strong><\/p>\n\n\n\n<p>Vi vil kun oppbevare dataene dine s\u00e5 lenge det er n\u00f8dvendig for form\u00e5lene som er angitt i denne policyen. Etter at ibet- kontoen din er stengt, vil vi kun oppbevare data i den grad det er n\u00f8dvendig for \u00e5 overholde juridiske forpliktelser (f.eks. skattelovgivning, AML-lovgivning) eller for \u00e5 l\u00f8se tvister. For detaljer om oppbevaringsperioder i din jurisdiksjon, vennligst kontakt dpo@ibet.com.<\/p>\n\n\n\n<p><strong>6. Sikkerhet, identitetskontroll og svindelforebygging<\/strong><\/p>\n\n\n\n<p>N\u00e5r du logger deg p\u00e5 fra en ny enhet, vil vi varsle deg for \u00e5 forhindre uautorisert tilgang. Vi samler inn data som enhetstype, produsent, IP-adresse, tidssone, operativsystem, oppl\u00f8sning og p\u00e5loggingstidspunkt.<\/p>\n\n\n\n<p>ibet jobber aktivt for \u00e5 opprettholde sportsintegritet og forhindre kampfiksing. Dette gj\u00f8res blant annet gjennom samarbeid med International Betting Integrity Association (IBIA).<\/p>\n\n\n\n<p>Om n\u00f8dvendig kan vi bekrefte identiteten din gjennom samarbeid med leverand\u00f8rer som SCHUFA (Tyskland), GB Group Plc (Storbritannia) eller Iovation. Inc. (USA). Vi kan ogs\u00e5 utf\u00f8re sikkerhetskontroller n\u00e5r som helst for \u00e5 validere identitet, alder, kontodetaljer og transaksjoner.<\/p>\n\n\n\n<p><strong>7. Dine rettigheter<\/strong><\/p>\n\n\n\n<p>Du har rett til \u00e5 be om kostnadsfri informasjon om hvilke data vi lagrer om deg, hvor de kommer fra, hvem som har mottatt dem og hvorfor de er lagret. Du har ogs\u00e5 rett til \u00e5:<\/p>\n\n\n\n<ul class=\"wp-block-list\">\n<li>be om korrigering, fullf\u00f8ring eller sletting av dine personopplysninger,<\/li>\n\n\n\n<li>innhente dataene dine for overf\u00f8ring til en annen organisasjon,<\/li>\n\n\n\n<li>protestere mot bestemt behandling (f.eks. profilering),<\/li>\n\n\n\n<li>trekke tilbake samtykke,<\/li>\n\n\n\n<li>sende inn en klage til en tilsynsmyndighet (hovedmyndighet: Kontoret for informasjons- og databeskyttelse kommisjon\u00e6r p\u00e5 Malta).<\/li>\n<\/ul>\n\n\n\n<p>Visse unntak finnes, for eksempel hvis utlevering ville avsl\u00f8re informasjon om en annen person, eller hvis lover (f.eks. AML) krever fortsatt lagring.<\/p>\n\n\n\n<p><strong>8. Eksternt innhold og informasjonskapsler<\/strong><\/p>\n\n\n\n<p><strong>8.1 Eksternt innhold<\/strong><\/p>\n\n\n\n<p>Vi bruker noen ganger aktivt JavaScript-innhold fra eksterne leverand\u00f8rer. Dette kan bety at leverand\u00f8ren mottar data om bes\u00f8ket ditt, selv utenfor EU. Du kan forhindre dette med en JavaScript-blokkering (f.eks. NoScript ) eller ved \u00e5 deaktivere JavaScript i nettleseren din. V\u00e6r oppmerksom p\u00e5 at noen funksjoner da kan slutte \u00e5 virke.<\/p>\n\n\n\n<p><strong>8.2 Informasjonskapsler<\/strong><\/p>\n\n\n\n<p>Vi bruker informasjonskapsler p\u00e5 nettstedet, i apper og nyhetsbrev for \u00e5 forbedre brukeropplevelsen, aktivere funksjoner og utf\u00f8re analyser. Informasjonskapsler er sm\u00e5 tekstfiler som lagres p\u00e5 enheten din og kan inneholde (personlige) data som IP-adresse, operativsystem, filtilgang og klokkeslett.<\/p>\n\n\n\n<p>Du kan angi at nettleseren din skal motta varsler, tillate informasjonskapsler fra tilfelle til tilfelle eller blokkere dem. For best mulig opplevelse anbefaler vi at du godtar informasjonskapslene v\u00e5re.<\/p>\n\n\n\n<p><strong>Typer informasjonskapsler vi bruker:<\/strong><\/p>\n\n\n\n<ul class=\"wp-block-list\">\n<li><strong>N\u00f8dvendige informasjonskapsler <\/strong>\u2013 kreves for at nettstedet skal fungere, samler ikke inn personopplysninger.<\/li>\n\n\n\n<li><strong>Ytelsesinformasjonskapsler <\/strong>\u2013 analyserer atferd anonymt for \u00e5 forbedre ytelsen.<\/li>\n\n\n\n<li><strong>Funksjonelle informasjonskapsler <\/strong>\u2013 husker brukervalg (f.eks. spr\u00e5k), kan inneholde personopplysninger.<\/li>\n\n\n\n<li><strong>Annonseinformasjonskapsler <\/strong>\u2013 brukes til \u00e5 vise relevant innhold og kan deles med tredjeparter.<\/li>\n\n\n\n<li><strong>Tredjeparts informasjonskapsler <\/strong>\u2013 settes av eksterne leverand\u00f8rer og er underlagt deres retningslinjer.<\/li>\n<\/ul>\n\n\n\n<p><strong>8.3 Tredjepartsverkt\u00f8y<\/strong><\/p>\n\n\n\n<p>Vi bruker for tiden blant annet:<\/p>\n\n\n\n<ul class=\"wp-block-list\">\n<li><strong>Google Analytics <\/strong>\u2013 for nettstatistikk (med IP-anonymisering).<\/li>\n\n\n\n<li><strong>Iovation <\/strong>\u2013 for analyse av brukeratferd og beskyttelse mot svindel.<\/li>\n\n\n\n<li><strong>Google API-er og Google Tag Manager <\/strong>\u2013 diverse applikasjonsprogrammeringsgrensesnitt og skript fra Google.<\/li>\n<\/ul>\n\n\n\n<p><strong>9. Datasikkerhet<\/strong><\/p>\n\n\n\n<p>Vi bruker tekniske og organisatoriske tiltak for \u00e5 beskytte personopplysninger mot uautorisert tilgang, tap eller endring. V\u00e6r oppmerksom p\u00e5 at e-postkommunikasjon ikke kan beskyttes fullt ut; vi anbefaler vanlig post for sensitiv informasjon.<\/p>\n\n\n\n<p><strong>10. Hvem vi er og hvordan du kan kontakte oss<\/strong><\/p>\n\n\n\n<p>Hvis du har sp\u00f8rsm\u00e5l om dine rettigheter eller denne policyen, kan du kontakte v\u00e5r personvernombud p\u00e5 dpo@ibet.com.<\/p>\n\n\n\n<p><strong>Claymore Malta Ltd<\/strong><br>niv\u00e5 3 (suite nr. 3333), Tower Business Center<br>Triq It-Torri, Swatar<br>Birkirkara BKR 4013, MaltaE-post: support@ibet.com<\/p>\n\n\n\n<p>Claymore Malta Ltd er basert p\u00e5 Malta og overholder GDPR. Vi anvender prinsippene om: lovlighet, rettferdighet, \u00e5penhet, form\u00e5lsbegrensning, dataminimering, n\u00f8yaktighet, lagringsbegrensning, personvern\/ konfidensialitet og ansvarlighet.<\/p>\n\n\n\n<p><strong>11. Endringer i retningslinjene<\/strong><\/p>\n\n\n\n<p>Vi kan oppdatere denne policyen og vil varsle deg ved \u00e5 legge ut endringene p\u00e5 nettstedet og sende deg en e-post eller melding. Du vil f\u00e5 muligheten til \u00e5 godta eventuelle vesentlige endringer. Endringene trer i kraft n\u00e5r de publiseres, og din fortsatte bruk vil bli ansett som aksept.<\/p>\n\n\n\n<p><strong>Versjon 2.1, Utgivelsesdato: 06.03.2025<\/strong><\/p>\n<\/div>\n<\/div>\n\n\n\n<div class=\"wp-block-columns alignfull has-black-background-color has-background is-layout-flex wp-container-core-columns-is-layout-28f84493 wp-block-columns-is-layout-flex\">\n<div class=\"wp-block-column is-layout-constrained wp-block-column-is-layout-constrained\">\n<div class=\"wp-block-columns is-layout-flex wp-container-core-columns-is-layout-28f84493 wp-block-columns-is-layout-flex\">\n<div class=\"wp-block-column is-layout-flow wp-block-column-is-layout-flow\">\n<div class=\"wp-block-columns is-not-stacked-on-mobile is-layout-flex wp-container-core-columns-is-layout-28f84493 wp-block-columns-is-layout-flex\">\n<div class=\"wp-block-column is-vertically-aligned-center is-layout-flow wp-block-column-is-layout-flow\">\n<figure class=\"wp-block-image aligncenter size-full\"><img decoding=\"async\" src=\"https:\/\/ibet-se.com\/wp-content\/uploads\/2025\/07\/Bank-Transfer-copy.webp\" alt=\"Bank Transfer\" class=\"wp-image-182\"\/><\/figure>\n<\/div>\n\n\n\n<div class=\"wp-block-column is-vertically-aligned-center is-layout-flow wp-block-column-is-layout-flow\">\n<figure class=\"wp-block-image aligncenter size-full\"><img decoding=\"async\" src=\"https:\/\/ibet-se.com\/wp-content\/uploads\/2025\/07\/VISA-copy.webp\" alt=\"Visa\" class=\"wp-image-186\"\/><\/figure>\n<\/div>\n\n\n\n<div class=\"wp-block-column is-vertically-aligned-center is-layout-flow wp-block-column-is-layout-flow\">\n<figure class=\"wp-block-image aligncenter size-full\"><img decoding=\"async\" src=\"https:\/\/ibet-se.com\/wp-content\/uploads\/2025\/07\/100-Secure-copy.webp\" alt=\"100% Secure\" class=\"wp-image-181\"\/><\/figure>\n<\/div>\n<\/div>\n<\/div>\n\n\n\n<div class=\"wp-block-column is-layout-flow wp-block-column-is-layout-flow\">\n<div class=\"wp-block-columns is-not-stacked-on-mobile is-layout-flex wp-container-core-columns-is-layout-28f84493 wp-block-columns-is-layout-flex\">\n<div class=\"wp-block-column is-vertically-aligned-center is-layout-flow wp-block-column-is-layout-flow\">\n<figure class=\"wp-block-image aligncenter size-full is-resized\"><img decoding=\"async\" src=\"https:\/\/ibet-se.com\/wp-content\/uploads\/2025\/07\/Mifinity-copy.webp\" alt=\"Mifinity\" class=\"wp-image-185\" style=\"width:100px\"\/><\/figure>\n<\/div>\n\n\n\n<div class=\"wp-block-column is-vertically-aligned-center is-layout-flow wp-block-column-is-layout-flow\">\n<figure class=\"wp-block-image aligncenter size-full\"><img decoding=\"async\" src=\"https:\/\/ibet-se.com\/wp-content\/uploads\/2025\/07\/flykk-copy.webp\" alt=\"Flykk\" class=\"wp-image-183\"\/><\/figure>\n<\/div>\n\n\n\n<div class=\"wp-block-column is-vertically-aligned-center is-layout-flow wp-block-column-is-layout-flow\">\n<figure class=\"wp-block-image aligncenter size-full is-resized\"><img decoding=\"async\" src=\"https:\/\/ibet-se.com\/wp-content\/uploads\/2025\/07\/Jetonbank-copy.webp\" alt=\"Jeton Bank\" class=\"wp-image-184\" style=\"width:100px\"\/><\/figure>\n<\/div>\n<\/div>\n<\/div>\n\n\n\n<div class=\"wp-block-column is-layout-flow wp-block-column-is-layout-flow\">\n<div class=\"wp-block-columns is-not-stacked-on-mobile is-layout-flex wp-container-core-columns-is-layout-28f84493 wp-block-columns-is-layout-flex\">\n<div class=\"wp-block-column is-vertically-aligned-center is-layout-flow wp-block-column-is-layout-flow\">\n<figure class=\"wp-block-image aligncenter size-full is-resized\"><img decoding=\"async\" src=\"https:\/\/ibet-se.com\/wp-content\/uploads\/2025\/07\/Trustly-copy.webp\" alt=\"Trustly\" class=\"wp-image-189\" style=\"width:100px\"\/><\/figure>\n<\/div>\n\n\n\n<div class=\"wp-block-column is-vertically-aligned-center is-layout-flow wp-block-column-is-layout-flow\">\n<figure class=\"wp-block-image aligncenter size-full\"><img decoding=\"async\" src=\"https:\/\/ibet-se.com\/wp-content\/uploads\/2025\/07\/Ellipse-1-copy.webp\" alt=\"Mastercard\" class=\"wp-image-187\"\/><\/figure>\n<\/div>\n\n\n\n<div class=\"wp-block-column is-vertically-aligned-center is-layout-flow wp-block-column-is-layout-flow\">\n<figure class=\"wp-block-image aligncenter size-full\"><img decoding=\"async\" src=\"https:\/\/ibet-se.com\/wp-content\/uploads\/2025\/07\/Neosurf-copy.webp\" alt=\"Neosurf\" class=\"wp-image-188\"\/><\/figure>\n<\/div>\n<\/div>\n<\/div>\n<\/div>\n<\/div>\n<\/div>\n","protected":false},"excerpt":{"rendered":"<p>Personvernerkl\u00e6ring Retningslinjer for databeskyttelse og informasjonskapsler 1. Innledning Hos ibet verdsetter vi \u00e5penhet og tar personvernet ditt sv\u00e6rt alvorlig. Vi [&hellip;]<\/p>\n","protected":false},"author":7,"featured_media":0,"parent":0,"menu_order":0,"comment_status":"closed","ping_status":"closed","template":"","meta":{"site-sidebar-layout":"default","site-content-layout":"","ast-site-content-layout":"default","site-content-style":"default","site-sidebar-style":"default","ast-global-header-display":"","ast-banner-title-visibility":"","ast-main-header-display":"","ast-hfb-above-header-display":"","ast-hfb-below-header-display":"","ast-hfb-mobile-header-display":"","site-post-title":"disabled","ast-breadcrumbs-content":"","ast-featured-img":"","footer-sml-layout":"","ast-disable-related-posts":"","theme-transparent-header-meta":"","adv-header-id-meta":"","stick-header-meta":"","header-above-stick-meta":"","header-main-stick-meta":"","header-below-stick-meta":"","astra-migrate-meta-layouts":"default","ast-page-background-enabled":"default","ast-page-background-meta":{"desktop":{"background-color":"var(--ast-global-color-5)","background-image":"","background-repeat":"repeat","background-position":"center center","background-size":"auto","background-attachment":"scroll","background-type":"","background-media":"","overlay-type":"","overlay-color":"","overlay-opacity":"","overlay-gradient":""},"tablet":{"background-color":"","background-image":"","background-repeat":"repeat","background-position":"center center","background-size":"auto","background-attachment":"scroll","background-type":"","background-media":"","overlay-type":"","overlay-color":"","overlay-opacity":"","overlay-gradient":""},"mobile":{"background-color":"","background-image":"","background-repeat":"repeat","background-position":"center center","background-size":"auto","background-attachment":"scroll","background-type":"","background-media":"","overlay-type":"","overlay-color":"","overlay-opacity":"","overlay-gradient":""}},"ast-content-background-meta":{"desktop":{"background-color":"var(--ast-global-color-4)","background-image":"","background-repeat":"repeat","background-position":"center center","background-size":"auto","background-attachment":"scroll","background-type":"","background-media":"","overlay-type":"","overlay-color":"","overlay-opacity":"","overlay-gradient":""},"tablet":{"background-color":"var(--ast-global-color-4)","background-image":"","background-repeat":"repeat","background-position":"center center","background-size":"auto","background-attachment":"scroll","background-type":"","background-media":"","overlay-type":"","overlay-color":"","overlay-opacity":"","overlay-gradient":""},"mobile":{"background-color":"var(--ast-global-color-4)","background-image":"","background-repeat":"repeat","background-position":"center center","background-size":"auto","background-attachment":"scroll","background-type":"","background-media":"","overlay-type":"","overlay-color":"","overlay-opacity":"","overlay-gradient":""}},"footnotes":""},"class_list":["post-167","page","type-page","status-publish","hentry"],"_links":{"self":[{"href":"https:\/\/ibet365.club\/no\/wp-json\/wp\/v2\/pages\/167","targetHints":{"allow":["GET"]}}],"collection":[{"href":"https:\/\/ibet365.club\/no\/wp-json\/wp\/v2\/pages"}],"about":[{"href":"https:\/\/ibet365.club\/no\/wp-json\/wp\/v2\/types\/page"}],"author":[{"embeddable":true,"href":"https:\/\/ibet365.club\/no\/wp-json\/wp\/v2\/users\/7"}],"replies":[{"embeddable":true,"href":"https:\/\/ibet365.club\/no\/wp-json\/wp\/v2\/comments?post=167"}],"version-history":[{"count":1,"href":"https:\/\/ibet365.club\/no\/wp-json\/wp\/v2\/pages\/167\/revisions"}],"predecessor-version":[{"id":204,"href":"https:\/\/ibet365.club\/no\/wp-json\/wp\/v2\/pages\/167\/revisions\/204"}],"wp:attachment":[{"href":"https:\/\/ibet365.club\/no\/wp-json\/wp\/v2\/media?parent=167"}],"curies":[{"name":"wp","href":"https:\/\/api.w.org\/{rel}","templated":true}]}}