{"id":156,"date":"2025-09-06T09:12:12","date_gmt":"2025-09-06T09:12:12","guid":{"rendered":"https:\/\/ibet365.club\/?page_id=156"},"modified":"2026-02-14T10:50:49","modified_gmt":"2026-02-14T10:50:49","slug":"jogo-responsavel","status":"publish","type":"page","link":"https:\/\/ibet365.club\/pt-br\/jogo-responsavel\/","title":{"rendered":"Jogo Respons\u00e1vel"},"content":{"rendered":"\n<div class=\"wp-block-columns alignfull has-ast-global-color-4-background-color has-background is-layout-flex wp-container-core-columns-is-layout-28f84493 wp-block-columns-is-layout-flex\">\n<div class=\"wp-block-column is-layout-constrained wp-block-column-is-layout-constrained\">\n<h3 class=\"wp-block-heading\">Jogo Respons\u00e1vel<\/h3>\n\n\n\n<p>Voc\u00ea pode definir seus limites.<\/p>\n\n\n\n<p><strong>Nosso compromisso com o jogo respons\u00e1vel<\/strong><\/p>\n\n\n\n<p>Um dos valores fundamentais da iBet \u00e9 a transpar\u00eancia. Levamos isso um passo adiante, oferecendo informa\u00e7\u00f5es detalhadas sobre como voc\u00ea joga \u2013 quanto aposta, quando ganha e quando perde. Portanto, \u00e9 do nosso interesse e compromisso garantir constantemente que os jogos n\u00e3o sejam usados indevidamente e que nossos clientes possam jogar com seguran\u00e7a, responsabilidade e transpar\u00eancia.<\/p>\n\n\n\n<p><strong>Como posso jogar de forma respons\u00e1vel?<\/strong><\/p>\n\n\n\n<ul class=\"wp-block-list\">\n<li>Encare os jogos como entretenimento, n\u00e3o como uma fonte de renda.<\/li>\n\n\n\n<li>Aposte apenas com dinheiro que voc\u00ea pode perder. Use limites de dep\u00f3sito e de gastos para controlar seus valores.<\/li>\n\n\n\n<li>Nunca tente recuperar perdas \u2013 isso geralmente leva a problemas.<\/li>\n\n\n\n<li>Monitore quanto tempo voc\u00ea passa jogando. Os limites de sess\u00e3o permitem que voc\u00ea controle por quanto tempo pode permanecer conectado.<\/li>\n\n\n\n<li>Equilibre os jogos com outras atividades. Se os jogos se tornarem sua \u00fanica forma de entretenimento, voc\u00ea deve fazer uma pausa e refletir se ainda se diverte com eles.<\/li>\n\n\n\n<li>Fa\u00e7a pausas regulares. Jogar por muito tempo pode fazer voc\u00ea perder a no\u00e7\u00e3o do tempo.<\/li>\n\n\n\n<li>N\u00e3o jogue sob a influ\u00eancia de \u00e1lcool ou quando estiver triste ou estressado \u2013 isso prejudica sua capacidade de tomar decis\u00f5es.<\/li>\n\n\n\n<li>Reflita sobre quanto tempo e dinheiro voc\u00ea gasta em jogos de azar. Voc\u00ea pode acompanhar sua atividade no hist\u00f3rico da sua conta online.<\/li>\n\n\n\n<li>Familiarize-se com as probabilidades de ganhar e como os produtos funcionam.<\/li>\n\n\n\n<li>Se voc\u00ea precisar conversar com algu\u00e9m sobre seu problema com jogos de azar, entre em contato com uma organiza\u00e7\u00e3o de apoio a viciados em jogos de azar.<\/li>\n<\/ul>\n\n\n\n<p><strong>O que \u00e9 o jogo problem\u00e1tico?<\/strong><\/p>\n\n\n\n<p>O jogo problem\u00e1tico envolve jogar em um n\u00edvel que coloca em risco, perturba ou prejudica a vida familiar, os relacionamentos pessoais ou as atividades de lazer. Um jogador problem\u00e1tico \u00e9 frequentemente descrito como algu\u00e9m que gasta mais tempo e\/ou dinheiro com jogos de azar do que pode arcar.<\/p>\n\n\n\n<p><strong>Sinais de alerta de problemas com jogos de azar<\/strong><\/p>\n\n\n\n<ul class=\"wp-block-list\">\n<li>Voc\u00ea gasta mais tempo e dinheiro com jogos de azar do que pode se dar ao luxo de perder.<\/li>\n\n\n\n<li>Voc\u00ea tem dificuldade em limitar ou parar de jogar.<\/li>\n\n\n\n<li>Conflitos com familiares ou amigos relacionados a dinheiro e jogos de azar.<\/li>\n\n\n\n<li>Diminui\u00e7\u00e3o da vontade de fazer coisas que normalmente lhe d\u00e3o prazer.<\/li>\n\n\n\n<li>Pensamentos ou conversas constantes sobre jogos de azar.<\/li>\n\n\n\n<li>Voc\u00ea mente ou esconde seu v\u00edcio em jogos de azar.<\/li>\n\n\n\n<li>Voc\u00ea est\u00e1 tentando recuperar perdas ou tentando sair de problemas financeiros jogando.<\/li>\n\n\n\n<li>Voc\u00ea joga at\u00e9 o dinheiro acabar.<\/li>\n\n\n\n<li>Voc\u00ea pega dinheiro emprestado, vende coisas, faz empr\u00e9stimos ou ignora contas para financiar jogos de azar.<\/li>\n\n\n\n<li>\u00c9 preciso jogar com apostas mais altas ou por per\u00edodos mais longos para obter a mesma emo\u00e7\u00e3o.<\/li>\n\n\n\n<li>O trabalho, os estudos, a fam\u00edlia e as tarefas dom\u00e9sticas ficam negligenciados devido ao v\u00edcio em jogos de azar.<\/li>\n\n\n\n<li>Sentimentos de preocupa\u00e7\u00e3o, culpa, depress\u00e3o ou irrita\u00e7\u00e3o.<\/li>\n<\/ul>\n\n\n\n<p><strong>Ferramentas que ajudam<\/strong><\/p>\n\n\n\n<p>As ferramentas a seguir ajudar\u00e3o voc\u00ea a manter o controle do seu jogo. Voc\u00ea pode configurar os controles do jogo aqui.<\/p>\n\n\n\n<p><strong>Limite de dep\u00f3sito<\/strong><\/p>\n\n\n\n<p>Os limites de dep\u00f3sito permitem que voc\u00ea controle quanto dinheiro pode depositar por dia, semana ou m\u00eas.<br>Assim que o limite for atingido, voc\u00ea n\u00e3o poder\u00e1 depositar mais nada at\u00e9 que o per\u00edodo seja reiniciado. Voc\u00ea ainda poder\u00e1 usar outros servi\u00e7os da iBet e jogar com os fundos j\u00e1 dispon\u00edveis em sua conta.<br><strong>Defina um limite de dep\u00f3sito aqui.<\/strong><\/p>\n\n\n\n<p><strong>Fa\u00e7a uma pausa<\/strong><\/p>\n\n\n\n<p>Se voc\u00ea deseja fazer uma pausa curta nos jogos e apostas, pode ativar um per\u00edodo de inatividade de 24 horas, 7 dias, 30 dias ou 90 dias.<br>Durante esse per\u00edodo, voc\u00ea n\u00e3o poder\u00e1 usar sua conta para jogos de azar, mas poder\u00e1 fazer login para sacar qualquer saldo restante .<br><strong>Defina um per\u00edodo de inatividade aqui.<\/strong><\/p>\n\n\n\n<p><strong>Autoteste<\/strong><\/p>\n\n\n\n<p>O Gamblers Anonymous oferece um teste simples em seu site para avaliar se o seu v\u00edcio em jogos de azar est\u00e1 causando problemas.<br><strong>Fa\u00e7a o teste aqui.<\/strong><\/p>\n\n\n\n<p><strong>Desligamento autom\u00e1tico<\/strong><\/p>\n\n\n\n<p>Esta ferramenta permite que voc\u00ea se autoexclua dos jogos por um per\u00edodo selecionado. Voc\u00ea n\u00e3o poder\u00e1 fazer login at\u00e9 que a suspens\u00e3o expire.<br><strong>Defina a autoexclus\u00e3o aqui.<\/strong><\/p>\n\n\n\n<p><strong>Quem pode ajudar?<\/strong><\/p>\n\n\n\n<p>A quem voc\u00ea \u2013 ou algu\u00e9m que voc\u00ea conhece \u2013 pode recorrer se houver um problema?<\/p>\n\n\n\n<p>Pode ser dif\u00edcil admitir que voc\u00ea tem um problema \u2013 e \u00e9 s\u00e9rio. O v\u00edcio em jogos de azar pode arruinar vidas. Mas as pessoas pedem ajuda todos os dias, e isso \u00e9 um sinal de for\u00e7a. Abaixo est\u00e3o algumas organiza\u00e7\u00f5es que ajudam pessoas com problemas de jogo diariamente.<\/p>\n\n\n\n<p><strong>Organiza\u00e7\u00f5es<\/strong><\/p>\n\n\n\n<p><strong>Gambling Therapy <\/strong>\u2013 <a href=\"http:\/\/www.gamblingtherapy.org\/\" target=\"_blank\" rel=\"noreferrer noopener\">www.gamblingtherapy.org<\/a><br>Servi\u00e7o global que oferece aconselhamento pr\u00e1tico gratuito e apoio emocional a qualquer pessoa afetada por problemas com jogos de azar.<\/p>\n\n\n\n<p><strong>Jogadores An\u00f4nimos <\/strong>\u2013 <a href=\"http:\/\/www.gamblersanonymous.org.uk\/\" target=\"_blank\" rel=\"noreferrer noopener\">www.gamblersanonymous.org.uk<\/a><br>Oferece f\u00f3runs, salas de bate-papo, materiais e, o mais importante, busca de reuni\u00f5es. As reuni\u00f5es acontecem diariamente na Inglaterra, Pa\u00eds de Gales e Irlanda do Norte.<\/p>\n\n\n\n<p><strong>Dunlewey Servi\u00e7os de Tratamento de Depend\u00eancia Qu\u00edmica <\/strong>\u2013 <a href=\"http:\/\/www.dunlewey.org\/\" target=\"_blank\" rel=\"noreferrer noopener\">www.dunlewey.org<\/a><br>Programa gratuito e confidencial de apoio e mentoria para pessoas que t\u00eam problemas com o uso de subst\u00e2ncias ou jogos de azar, seja para si mesmas ou para um ente querido.<\/p>\n\n\n\n<p><strong>Bloqueio de sites de jogos de azar<\/strong><\/p>\n\n\n\n<p><strong>Gamban <\/strong>\u2013 <a href=\"http:\/\/www.gamban.com\/\" target=\"_blank\" rel=\"noreferrer noopener\">www.gamban.com<\/a><br>Se voc\u00ea deseja bloquear o acesso a todos os sites de jogos de azar, existe o Gamban, uma organiza\u00e7\u00e3o independente que fornece um aplicativo que bloqueia sites e aplicativos de jogos de azar em celulares, tablets e computadores.<\/p>\n\n\n\n<p><strong>D\u00edvidas e aconselhamento financeiro<\/strong><\/p>\n\n\n\n<p>O v\u00edcio em jogos de azar pode levar a problemas com empr\u00e9stimos e d\u00edvidas de cart\u00e3o de cr\u00e9dito. N\u00e3o tente usar o jogo para pagar suas d\u00edvidas. Em vez disso, procure ajuda de organiza\u00e7\u00f5es que possam te auxiliar a elaborar um plano.<\/p>\n\n\n\n<p><strong>My Money Steps <\/strong>\u2013 <a href=\"http:\/\/www.mymoneysteps.org\/\" target=\"_blank\" rel=\"noreferrer noopener\">www.mymoneysteps.org<\/a><br>Sugere op\u00e7\u00f5es para gerenciar d\u00edvidas e desenvolve um plano de a\u00e7\u00e3o pessoal.<\/p>\n\n\n\n<p><strong>Ajude um amigo<\/strong><\/p>\n\n\n\n<p><strong>Reconhe\u00e7a os sinais<\/strong><\/p>\n\n\n\n<p>Sinais a ter em conta quando algu\u00e9m pr\u00f3ximo de si possa estar em risco de se prejudicar devido ao v\u00edcio do jogo:<\/p>\n\n\n\n<ul class=\"wp-block-list\">\n<li><strong>Ocupa\u00e7\u00e3o: <\/strong>Constantemente falando e relembrando vit\u00f3rias em jogos de azar.<\/li>\n\n\n\n<li><strong>Toler\u00e2ncia: <\/strong>\u00c9 preciso aumentar a intensidade para obter o mesmo efeito.<\/li>\n\n\n\n<li><strong>Impossibilidade de desistir: <\/strong>Tentei, mas n\u00e3o consegui.<\/li>\n\n\n\n<li><strong>Irritabilidade: <\/strong>Fica irrit\u00e1vel quando n\u00e3o pode brincar.<\/li>\n\n\n\n<li><strong>Escape: <\/strong>Usa jogos para escapar de problemas em casa ou no trabalho.<\/li>\n\n\n\n<li><strong>Recupera\u00e7\u00e3o de perdas: <\/strong>Tentativa de reaver o dinheiro perdido.<\/li>\n\n\n\n<li><strong>Esconder-se: <\/strong>Jogar furtivamente ao telefone, por exemplo, debaixo da mesa.<\/li>\n\n\n\n<li><strong>Pedir dinheiro emprestado: <\/strong>Pe\u00e7a dinheiro emprestado aos amigos para jogar.<\/li>\n\n\n\n<li><strong>Mentiras: <\/strong>Negar ou minimizar o envolvimento com jogos de azar e as perdas.<\/li>\n<\/ul>\n\n\n\n<p><strong>Voc\u00ea acha que voc\u00ea ou outra pessoa tem um problema?<\/strong><\/p>\n\n\n\n<p>Se voc\u00ea observar v\u00e1rios desses sinais em um amigo, converse sobre isso com calma. Uma pergunta simples como: &#8220;Ei, notei que voc\u00ea tem jogado muito ultimamente \u2013 como voc\u00ea est\u00e1 se sentindo?&#8221; pode ser suficiente para iniciar uma conversa franca.<br>O apoio \u00e9 fundamental. Uma preocupa\u00e7\u00e3o compartilhada \u00e9 uma preocupa\u00e7\u00e3o pela metade. Consulte a se\u00e7\u00e3o <strong>Quem Pode Ajudar <\/strong>para saber como entrar em contato.<\/p>\n\n\n\n<p><strong>Prote\u00e7\u00e3o de menores<\/strong><\/p>\n\n\n\n<p>N\u00e3o permitimos a participa\u00e7\u00e3o de crian\u00e7as \u2014 nenhuma crian\u00e7a, de forma alguma. Realizamos verifica\u00e7\u00e3o de idade em todas as contas para garantir que os clientes tenham 18 anos ou mais.<br>Caso n\u00e3o seja poss\u00edvel verificar a idade eletronicamente, a conta ser\u00e1 suspensa e solicitaremos comprova\u00e7\u00e3o.<\/p>\n\n\n\n<p>Sabemos que as crian\u00e7as \u00e0s vezes usam os celulares, tablets e computadores dos pais \u2013 e que voc\u00ea pode estar conectado a essas contas. \u00c9 por isso que as empresas de jogos e os pais precisam trabalhar juntos para proteger as crian\u00e7as do v\u00edcio em jogos de azar.<\/p>\n\n\n\n<p><strong>Dicas para proteger menores<\/strong><\/p>\n\n\n\n<ul class=\"wp-block-list\">\n<li>Mantenha nomes de usu\u00e1rio, senhas e dados de pagamento fora do alcance de todos \u2013 n\u00e3o anotados em um peda\u00e7o de papel no seu computador.<\/li>\n\n\n\n<li>N\u00e3o salve senhas e n\u00e3o use o preenchimento autom\u00e1tico em dispositivos compartilhados.<\/li>\n\n\n\n<li>Fa\u00e7a logout sempre que houver crian\u00e7as por perto.<\/li>\n\n\n\n<li>Instale um bloqueador de sites\/ controle parental. Controles , como o Net Nanny, podem ser usados para bloquear sites de jogos de azar tanto em computadores quanto em dispositivos m\u00f3veis.<\/li>\n\n\n\n<li>Converse com seus filhos sobre a legalidade e os riscos do jogo desde cedo.<\/li>\n\n\n\n<li>Limite o tempo que seus filhos passam em frente \u00e0s telas.<\/li>\n\n\n\n<li>Utilize os controles parentais integrados em dispositivos m\u00f3veis\/tablets\/computadores\/TVs.<\/li>\n<\/ul>\n<\/div>\n<\/div>\n\n\n\n<div class=\"wp-block-columns alignfull has-black-background-color has-background is-layout-flex wp-container-core-columns-is-layout-28f84493 wp-block-columns-is-layout-flex\">\n<div class=\"wp-block-column is-layout-constrained wp-block-column-is-layout-constrained\">\n<div class=\"wp-block-columns is-layout-flex wp-container-core-columns-is-layout-28f84493 wp-block-columns-is-layout-flex\">\n<div class=\"wp-block-column is-layout-flow wp-block-column-is-layout-flow\">\n<div class=\"wp-block-columns is-not-stacked-on-mobile is-layout-flex wp-container-core-columns-is-layout-28f84493 wp-block-columns-is-layout-flex\">\n<div class=\"wp-block-column is-vertically-aligned-center is-layout-flow wp-block-column-is-layout-flow\">\n<figure class=\"wp-block-image aligncenter size-full\"><img decoding=\"async\" src=\"https:\/\/ibet-se.com\/wp-content\/uploads\/2025\/07\/Bank-Transfer-copy.webp\" alt=\"Bank Transfer\" class=\"wp-image-182\"\/><\/figure>\n<\/div>\n\n\n\n<div class=\"wp-block-column is-vertically-aligned-center is-layout-flow wp-block-column-is-layout-flow\">\n<figure class=\"wp-block-image aligncenter size-full\"><img decoding=\"async\" src=\"https:\/\/ibet-se.com\/wp-content\/uploads\/2025\/07\/VISA-copy.webp\" alt=\"Visa\" class=\"wp-image-186\"\/><\/figure>\n<\/div>\n\n\n\n<div class=\"wp-block-column is-vertically-aligned-center is-layout-flow wp-block-column-is-layout-flow\">\n<figure class=\"wp-block-image aligncenter size-full\"><img decoding=\"async\" src=\"https:\/\/ibet-se.com\/wp-content\/uploads\/2025\/07\/100-Secure-copy.webp\" alt=\"100% Secure\" class=\"wp-image-181\"\/><\/figure>\n<\/div>\n<\/div>\n<\/div>\n\n\n\n<div class=\"wp-block-column is-layout-flow wp-block-column-is-layout-flow\">\n<div class=\"wp-block-columns is-not-stacked-on-mobile is-layout-flex wp-container-core-columns-is-layout-28f84493 wp-block-columns-is-layout-flex\">\n<div class=\"wp-block-column is-vertically-aligned-center is-layout-flow wp-block-column-is-layout-flow\">\n<figure class=\"wp-block-image aligncenter size-full is-resized\"><img decoding=\"async\" src=\"https:\/\/ibet-se.com\/wp-content\/uploads\/2025\/07\/Mifinity-copy.webp\" alt=\"Mifinity\" class=\"wp-image-185\" style=\"width:100px\"\/><\/figure>\n<\/div>\n\n\n\n<div class=\"wp-block-column is-vertically-aligned-center is-layout-flow wp-block-column-is-layout-flow\">\n<figure class=\"wp-block-image aligncenter size-full\"><img decoding=\"async\" src=\"https:\/\/ibet-se.com\/wp-content\/uploads\/2025\/07\/flykk-copy.webp\" alt=\"Flykk\" class=\"wp-image-183\"\/><\/figure>\n<\/div>\n\n\n\n<div class=\"wp-block-column is-vertically-aligned-center is-layout-flow wp-block-column-is-layout-flow\">\n<figure class=\"wp-block-image aligncenter size-full is-resized\"><img decoding=\"async\" src=\"https:\/\/ibet-se.com\/wp-content\/uploads\/2025\/07\/Jetonbank-copy.webp\" alt=\"Jeton Bank\" class=\"wp-image-184\" style=\"width:100px\"\/><\/figure>\n<\/div>\n<\/div>\n<\/div>\n\n\n\n<div class=\"wp-block-column is-layout-flow wp-block-column-is-layout-flow\">\n<div class=\"wp-block-columns is-not-stacked-on-mobile is-layout-flex wp-container-core-columns-is-layout-28f84493 wp-block-columns-is-layout-flex\">\n<div class=\"wp-block-column is-vertically-aligned-center is-layout-flow wp-block-column-is-layout-flow\">\n<figure class=\"wp-block-image aligncenter size-full is-resized\"><img decoding=\"async\" src=\"https:\/\/ibet-se.com\/wp-content\/uploads\/2025\/07\/Trustly-copy.webp\" alt=\"Trustly\" class=\"wp-image-189\" style=\"width:100px\"\/><\/figure>\n<\/div>\n\n\n\n<div class=\"wp-block-column is-vertically-aligned-center is-layout-flow wp-block-column-is-layout-flow\">\n<figure class=\"wp-block-image aligncenter size-full\"><img decoding=\"async\" src=\"https:\/\/ibet-se.com\/wp-content\/uploads\/2025\/07\/Ellipse-1-copy.webp\" alt=\"Mastercard\" class=\"wp-image-187\"\/><\/figure>\n<\/div>\n\n\n\n<div class=\"wp-block-column is-vertically-aligned-center is-layout-flow wp-block-column-is-layout-flow\">\n<figure class=\"wp-block-image aligncenter size-full\"><img decoding=\"async\" src=\"https:\/\/ibet-se.com\/wp-content\/uploads\/2025\/07\/Neosurf-copy.webp\" alt=\"Neosurf\" class=\"wp-image-188\"\/><\/figure>\n<\/div>\n<\/div>\n<\/div>\n<\/div>\n<\/div>\n<\/div>\n","protected":false},"excerpt":{"rendered":"<p>Jogo Respons\u00e1vel Voc\u00ea pode definir seus limites. Nosso compromisso com o jogo respons\u00e1vel Um dos valores fundamentais da iBet \u00e9 [&hellip;]<\/p>\n","protected":false},"author":7,"featured_media":0,"parent":0,"menu_order":0,"comment_status":"closed","ping_status":"closed","template":"","meta":{"site-sidebar-layout":"default","site-content-layout":"","ast-site-content-layout":"default","site-content-style":"default","site-sidebar-style":"default","ast-global-header-display":"","ast-banner-title-visibility":"","ast-main-header-display":"","ast-hfb-above-header-display":"","ast-hfb-below-header-display":"","ast-hfb-mobile-header-display":"","site-post-title":"disabled","ast-breadcrumbs-content":"","ast-featured-img":"","footer-sml-layout":"","ast-disable-related-posts":"","theme-transparent-header-meta":"","adv-header-id-meta":"","stick-header-meta":"","header-above-stick-meta":"","header-main-stick-meta":"","header-below-stick-meta":"","astra-migrate-meta-layouts":"default","ast-page-background-enabled":"default","ast-page-background-meta":{"desktop":{"background-color":"var(--ast-global-color-5)","background-image":"","background-repeat":"repeat","background-position":"center center","background-size":"auto","background-attachment":"scroll","background-type":"","background-media":"","overlay-type":"","overlay-color":"","overlay-opacity":"","overlay-gradient":""},"tablet":{"background-color":"","background-image":"","background-repeat":"repeat","background-position":"center center","background-size":"auto","background-attachment":"scroll","background-type":"","background-media":"","overlay-type":"","overlay-color":"","overlay-opacity":"","overlay-gradient":""},"mobile":{"background-color":"","background-image":"","background-repeat":"repeat","background-position":"center center","background-size":"auto","background-attachment":"scroll","background-type":"","background-media":"","overlay-type":"","overlay-color":"","overlay-opacity":"","overlay-gradient":""}},"ast-content-background-meta":{"desktop":{"background-color":"var(--ast-global-color-4)","background-image":"","background-repeat":"repeat","background-position":"center center","background-size":"auto","background-attachment":"scroll","background-type":"","background-media":"","overlay-type":"","overlay-color":"","overlay-opacity":"","overlay-gradient":""},"tablet":{"background-color":"var(--ast-global-color-4)","background-image":"","background-repeat":"repeat","background-position":"center center","background-size":"auto","background-attachment":"scroll","background-type":"","background-media":"","overlay-type":"","overlay-color":"","overlay-opacity":"","overlay-gradient":""},"mobile":{"background-color":"var(--ast-global-color-4)","background-image":"","background-repeat":"repeat","background-position":"center center","background-size":"auto","background-attachment":"scroll","background-type":"","background-media":"","overlay-type":"","overlay-color":"","overlay-opacity":"","overlay-gradient":""}},"footnotes":""},"class_list":["post-156","page","type-page","status-publish","hentry"],"_links":{"self":[{"href":"https:\/\/ibet365.club\/pt-br\/wp-json\/wp\/v2\/pages\/156","targetHints":{"allow":["GET"]}}],"collection":[{"href":"https:\/\/ibet365.club\/pt-br\/wp-json\/wp\/v2\/pages"}],"about":[{"href":"https:\/\/ibet365.club\/pt-br\/wp-json\/wp\/v2\/types\/page"}],"author":[{"embeddable":true,"href":"https:\/\/ibet365.club\/pt-br\/wp-json\/wp\/v2\/users\/7"}],"replies":[{"embeddable":true,"href":"https:\/\/ibet365.club\/pt-br\/wp-json\/wp\/v2\/comments?post=156"}],"version-history":[{"count":1,"href":"https:\/\/ibet365.club\/pt-br\/wp-json\/wp\/v2\/pages\/156\/revisions"}],"predecessor-version":[{"id":205,"href":"https:\/\/ibet365.club\/pt-br\/wp-json\/wp\/v2\/pages\/156\/revisions\/205"}],"wp:attachment":[{"href":"https:\/\/ibet365.club\/pt-br\/wp-json\/wp\/v2\/media?parent=156"}],"curies":[{"name":"wp","href":"https:\/\/api.w.org\/{rel}","templated":true}]}}