{"id":168,"date":"2025-09-06T09:17:44","date_gmt":"2025-09-06T09:17:44","guid":{"rendered":"https:\/\/ibet365.club\/?page_id=168"},"modified":"2026-02-14T10:50:49","modified_gmt":"2026-02-14T10:50:49","slug":"politica-de-privacidade","status":"publish","type":"page","link":"https:\/\/ibet365.club\/pt-br\/politica-de-privacidade\/","title":{"rendered":"Pol\u00edtica de Privacidade"},"content":{"rendered":"\n<div class=\"wp-block-columns alignfull has-ast-global-color-4-background-color has-background is-layout-flex wp-container-core-columns-is-layout-28f84493 wp-block-columns-is-layout-flex\">\n<div class=\"wp-block-column is-layout-constrained wp-block-column-is-layout-constrained\">\n<h3 class=\"wp-block-heading\" id=\"h-integritetspolicy\">Pol\u00edtica de Privacidade<\/h3>\n\n\n\n<p><strong>Pol\u00edtica de Prote\u00e7\u00e3o de Dados e Cookies<\/strong><\/p>\n\n\n\n<p><strong>1. Introdu\u00e7\u00e3o<\/strong><\/p>\n\n\n\n<p>Na ibet, valorizamos a transpar\u00eancia e levamos a sua privacidade muito a s\u00e9rio. Agradecemos por compartilhar suas informa\u00e7\u00f5es pessoais conosco e queremos ser claros sobre como elas s\u00e3o utilizadas.<\/p>\n\n\n\n<p>Esta Pol\u00edtica de Privacidade explica como e por que seus dados pessoais s\u00e3o coletados por meio do uso do nosso site www.ibet.com e suas variantes, incluindo nossos aplicativos m\u00f3veis (o \u201cSite\u201d), por que s\u00e3o coletados e como s\u00e3o protegidos. Implementamos medidas de seguran\u00e7a para proteger seus dados e trat\u00e1-los de acordo com as normas de prote\u00e7\u00e3o de dados aplic\u00e1veis.<\/p>\n\n\n\n<p>Esta pol\u00edtica descreve como tratamos os seus dados pessoais e aplica-se \u00e0 Claymore Group Limited , que opera o site www.ibet.com. Nesta pol\u00edtica, a empresa \u00e9 referida como \u201cN\u00f3s\u201d, \u201cNos\u201d ou \u201cNosso\u201d.<\/p>\n\n\n\n<p><strong>2. Que informa\u00e7\u00f5es coletamos de voc\u00ea?<\/strong><\/p>\n\n\n\n<p><strong>2.1 Informa\u00e7\u00f5es que voc\u00ea fornece a si mesmo<\/strong><\/p>\n\n\n\n<p>Coletamos informa\u00e7\u00f5es que voc\u00ea fornece voluntariamente ao usar os Servi\u00e7os, como ao se cadastrar como cliente da ibet . Algumas informa\u00e7\u00f5es s\u00e3o obrigat\u00f3rias para criar uma conta:<\/p>\n\n\n\n<ul class=\"wp-block-list\">\n<li>Informa\u00e7\u00f5es de contato: nome, sobrenome, endere\u00e7o, idade, data de nascimento, sexo, endere\u00e7o de e-mail, n\u00famero de telefone, c\u00f3digo postal.<\/li>\n\n\n\n<li>Informa\u00e7\u00f5es financeiras: dados banc\u00e1rios e hist\u00f3rico de transa\u00e7\u00f5es (dep\u00f3sitos e saques realizados atrav\u00e9s da nossa plataforma).<\/li>\n\n\n\n<li>Devido \u00e0s exig\u00eancias legais de combate \u00e0 lavagem de dinheiro (AML), por vezes precisamos solicitar documentos adicionais, como identifica\u00e7\u00e3o com foto, comprovante de origem dos recursos, comprovante de endere\u00e7o, etc.<\/li>\n<\/ul>\n\n\n\n<p><strong>2.2 Informa\u00e7\u00f5es de terceiros<\/strong><\/p>\n\n\n\n<p>Podemos complementar as informa\u00e7\u00f5es que coletamos diretamente de voc\u00ea com dados de fontes externas, como bancos de dados p\u00fablicos, fornecedores de dados demogr\u00e1ficos ou outros parceiros. Para atender aos requisitos regulamentares, tamb\u00e9m coletamos informa\u00e7\u00f5es KYC (&#8221; Conhe\u00e7a Seu Cliente &#8220;). Seu Cliente \u201d) de fornecedores terceirizados especializados.<\/p>\n\n\n\n<p><strong>2.3 Informa\u00e7\u00f5es coletadas automaticamente do seu dispositivo<\/strong><\/p>\n\n\n\n<p>N\u00f3s e nossos fornecedores terceirizados podemos coletar dados automaticamente do seu dispositivo:<\/p>\n\n\n\n<ul class=\"wp-block-list\">\n<li>Por meio do seu navegador ou dispositivo: endere\u00e7o IP, tipo de dispositivo, idioma e tipo de navegador. Isso nos ajuda a garantir que os servi\u00e7os funcionem corretamente.<\/li>\n\n\n\n<li>do uso do aplicativo : ao baixar e usar nossos aplicativos, podemos rastrear dados de uso, como a data e a hora em que o aplicativo se conecta aos nossos servidores e quais arquivos s\u00e3o baixados.<\/li>\n<\/ul>\n\n\n\n<p>Para obter mais informa\u00e7\u00f5es sobre como utilizamos cookies, consulte nossa Pol\u00edtica de Cookies.<\/p>\n\n\n\n<p><strong>3. Como utilizamos seus dados pessoais?<\/strong><\/p>\n\n\n\n<p>S\u00f3 processamos dados pessoais de acordo com esta pol\u00edtica. As informa\u00e7\u00f5es s\u00e3o utilizadas, entre outras coisas, para:<\/p>\n\n\n\n<ul class=\"wp-block-list\">\n<li>Gerencie seu cadastro, crie e mantenha sua conta (incluindo verifica\u00e7\u00e3o de idade e prote\u00e7\u00e3o contra fraudes);<\/li>\n\n\n\n<li>Administrar os jogos em que voc\u00ea participa e inform\u00e1-lo sobre ganhos ou b\u00f4nus;<\/li>\n\n\n\n<li>Operar, melhorar e adaptar os nossos servi\u00e7os e analisar o comportamento do utilizador;<\/li>\n\n\n\n<li>Garantir que o conte\u00fado do site seja apresentado da melhor forma poss\u00edvel para voc\u00ea e seu dispositivo;<\/li>\n\n\n\n<li>Enviar informa\u00e7\u00f5es de servi\u00e7o sobre sua conta e ofertas, bem como comunica\u00e7\u00f5es de marketing (voc\u00ea pode alterar as configura\u00e7\u00f5es da sua conta a qualquer momento e optar por n\u00e3o receber comunica\u00e7\u00f5es de marketing).<\/li>\n<\/ul>\n\n\n\n<p>Tamb\u00e9m podemos usar os dados para pesquisa, como an\u00e1lise da experi\u00eancia do cliente, melhoria de produtos e avalia\u00e7\u00e3o de campanhas.<\/p>\n\n\n\n<p>Nunca vendemos suas informa\u00e7\u00f5es nem as compartilhamos para fins de marketing sem o seu consentimento expresso.<\/p>\n\n\n\n<p><strong>4. Com quem compartilhamos suas informa\u00e7\u00f5es?<\/strong><\/p>\n\n\n\n<p>Suas informa\u00e7\u00f5es podem ser compartilhadas com terceiros para fins de presta\u00e7\u00e3o de nossos servi\u00e7os, por exemplo:<\/p>\n\n\n\n<ul class=\"wp-block-list\">\n<li>Prestadores de servi\u00e7os de voz e SMS.<\/li>\n\n\n\n<li>Fornecedores de servi\u00e7os de pagamento para dep\u00f3sitos e saques.<\/li>\n\n\n\n<li>Fornecedores de servi\u00e7os de risco, fraude e conformidade.<\/li>\n\n\n\n<li>Parceiros que melhoram a sua experi\u00eancia como cliente (apenas com o seu consentimento).<\/li>\n\n\n\n<li>Pesquisa e an\u00e1lise (voc\u00ea pode se opor ao processamento para fins estat\u00edsticos\/de cria\u00e7\u00e3o de perfis a qualquer momento, entrando em contato com dpo@ibet.com).<\/li>\n<\/ul>\n\n\n\n<p>Caso exigido por lei, as informa\u00e7\u00f5es poder\u00e3o ser fornecidas \u00e0s autoridades, \u00f3rg\u00e3os reguladores ou organiza\u00e7\u00f5es esportivas para fins de investiga\u00e7\u00e3o de crimes ou viola\u00e7\u00f5es de regras.<\/p>\n\n\n\n<p><strong>5. Por quanto tempo armazenamos suas informa\u00e7\u00f5es?<\/strong><\/p>\n\n\n\n<p>Conservaremos os seus dados apenas pelo tempo necess\u00e1rio para os fins descritos nesta pol\u00edtica. Ap\u00f3s o encerramento da sua conta ibet , conservaremos os dados apenas na medida do necess\u00e1rio para cumprir obriga\u00e7\u00f5es legais (por exemplo, legisla\u00e7\u00e3o fiscal, leis de combate \u00e0 lavagem de dinheiro) ou para resolver lit\u00edgios. Para obter detalhes sobre os per\u00edodos de reten\u00e7\u00e3o na sua jurisdi\u00e7\u00e3o, entre em contato com dpo@ibet.com.<\/p>\n\n\n\n<p><strong>6. Seguran\u00e7a, verifica\u00e7\u00e3o de identidade e preven\u00e7\u00e3o de fraudes<\/strong><\/p>\n\n\n\n<p>Ao iniciar sess\u00e3o a partir de um novo dispositivo, iremos notific\u00e1-lo para evitar acessos n\u00e3o autorizados. Iremos recolher dados como o tipo de dispositivo, fabricante, endere\u00e7o IP, fuso hor\u00e1rio, sistema operativo, resolu\u00e7\u00e3o e hora de in\u00edcio de sess\u00e3o.<\/p>\n\n\n\n<p>A ibet trabalha ativamente para manter a integridade do esporte e prevenir a manipula\u00e7\u00e3o de resultados. Isso \u00e9 feito, entre outras coisas, por meio da coopera\u00e7\u00e3o com a Associa\u00e7\u00e3o Internacional de Integridade nas Apostas (IBIA).<\/p>\n\n\n\n<p>Se necess\u00e1rio, podemos verificar sua identidade por meio de parcerias com fornecedores como SCHUFA (Alemanha), GB Group Plc (Reino Unido) ou Iovation. Inc. (EUA). Tamb\u00e9m podemos realizar verifica\u00e7\u00f5es de seguran\u00e7a a qualquer momento para validar identidade, idade, dados da conta e transa\u00e7\u00f5es.<\/p>\n\n\n\n<p><strong>7. Seus direitos<\/strong><\/p>\n\n\n\n<p>Voc\u00ea tem o direito de solicitar gratuitamente informa\u00e7\u00f5es sobre quais dados armazenamos a seu respeito, de onde eles v\u00eam, quem os recebeu e por que s\u00e3o armazenados. Voc\u00ea tamb\u00e9m tem o direito de:<\/p>\n\n\n\n<ul class=\"wp-block-list\">\n<li>solicitar a corre\u00e7\u00e3o, complementa\u00e7\u00e3o ou elimina\u00e7\u00e3o dos seus dados pessoais,<\/li>\n\n\n\n<li>Obter seus dados para transfer\u00eancia para outra organiza\u00e7\u00e3o.<\/li>\n\n\n\n<li>opor-se a certos processamentos (por exemplo, cria\u00e7\u00e3o de perfis),<\/li>\n\n\n\n<li>retirar o consentimento,<\/li>\n\n\n\n<li>Apresentar uma reclama\u00e7\u00e3o a uma autoridade de supervis\u00e3o (autoridade principal: Gabinete de Informa\u00e7\u00e3o e Prote\u00e7\u00e3o de Dados). Comiss\u00e1rio em Malta).<\/li>\n<\/ul>\n\n\n\n<p>Existem algumas exce\u00e7\u00f5es, por exemplo, se a divulga\u00e7\u00e3o revelar informa\u00e7\u00f5es sobre outra pessoa ou se as leis (como as de combate \u00e0 lavagem de dinheiro) exigirem o armazenamento cont\u00ednuo.<\/p>\n\n\n\n<p><strong>8. Conte\u00fado externo e cookies<\/strong><\/p>\n\n\n\n<p><strong>8.1 Conte\u00fado externo<\/strong><\/p>\n\n\n\n<p>Por vezes, utilizamos conte\u00fado JavaScript ativo de fornecedores externos. Isto pode significar que o fornecedor recebe dados sobre a sua visita, mesmo fora da UE. Pode impedir isto com um bloqueador de JavaScript (por exemplo, NoScript ) ou desativando o JavaScript no seu navegador. Tenha em aten\u00e7\u00e3o que algumas funcionalidades poder\u00e3o deixar de funcionar corretamente.<\/p>\n\n\n\n<p><strong>8.2 Cookies<\/strong><\/p>\n\n\n\n<p>Usamos cookies no site, nos aplicativos e nos boletins informativos para melhorar a experi\u00eancia do usu\u00e1rio, habilitar recursos e realizar an\u00e1lises. Os cookies s\u00e3o pequenos arquivos de texto armazenados no seu dispositivo e podem conter dados (pessoais) como endere\u00e7o IP, sistema operacional, acesso a arquivos e hor\u00e1rio.<\/p>\n\n\n\n<p>Voc\u00ea pode configurar seu navegador para receber notifica\u00e7\u00f5es, permitir cookies caso a caso ou bloque\u00e1-los. Para uma melhor experi\u00eancia, recomendamos aceitar nossos cookies.<\/p>\n\n\n\n<p><strong>Tipos de cookies que utilizamos:<\/strong><\/p>\n\n\n\n<ul class=\"wp-block-list\">\n<li><strong>Cookies necess\u00e1rios <\/strong>\u2013 essenciais para o funcionamento do site, n\u00e3o coletam dados pessoais.<\/li>\n\n\n\n<li><strong>Cookies de desempenho <\/strong>\u2013 analisam o comportamento anonimamente para melhorar o desempenho.<\/li>\n\n\n\n<li><strong>Cookies funcionais <\/strong>\u2013 memorizam as escolhas do usu\u00e1rio (por exemplo, o idioma) e podem conter dados pessoais.<\/li>\n\n\n\n<li><strong>Cookies de publicidade <\/strong>\u2013 usados para exibir conte\u00fado relevante e podem ser compartilhados com terceiros.<\/li>\n\n\n\n<li><strong>Cookies de terceiros <\/strong>\u2013 s\u00e3o definidos por fornecedores externos e est\u00e3o sujeitos \u00e0s suas pol\u00edticas.<\/li>\n<\/ul>\n\n\n\n<p><strong>8.3 Ferramentas de terceiros<\/strong><\/p>\n\n\n\n<p>Atualmente utilizamos, entre outras coisas:<\/p>\n\n\n\n<ul class=\"wp-block-list\">\n<li><strong>Google Analytics <\/strong>\u2013 para estat\u00edsticas da web (com anonimiza\u00e7\u00e3o de IP).<\/li>\n\n\n\n<li><strong>Iovation <\/strong>\u2013 para an\u00e1lise do comportamento do usu\u00e1rio e prote\u00e7\u00e3o contra fraudes.<\/li>\n\n\n\n<li><strong>APIs do Google e Google Tag Manager <\/strong>\u2013 diversas interfaces de programa\u00e7\u00e3o de aplicativos e scripts do Google.<\/li>\n<\/ul>\n\n\n\n<p><strong>9. Seguran\u00e7a de dados<\/strong><\/p>\n\n\n\n<p>Utilizamos medidas t\u00e9cnicas e organizacionais para proteger os dados pessoais contra acesso n\u00e3o autorizado, perda ou altera\u00e7\u00e3o. Observe que as comunica\u00e7\u00f5es por e-mail n\u00e3o podem ser totalmente protegidas; recomendamos o envio de informa\u00e7\u00f5es confidenciais por correio convencional.<\/p>\n\n\n\n<p><strong>10. Quem somos e como entrar em contato conosco<\/strong><\/p>\n\n\n\n<p>Para d\u00favidas sobre seus direitos ou sobre esta pol\u00edtica, entre em contato com nosso Encarregado de Prote\u00e7\u00e3o de Dados pelo e-mail dpo@ibet.com.<\/p>\n\n\n\n<p><strong>Claymore Malta Ltd<\/strong><br>N\u00edvel 3 (Su\u00edte No.3333), Tower Business Centre<br>Triq It-Torri, Swatar<br>Birkirkara BKR 4013, MaltaE-mail: support@ibet.com<\/p>\n\n\n\n<p>A Claymore Malta Ltd est\u00e1 sediada em Malta e cumpre o RGPD (Regulamento Geral sobre a Prote\u00e7\u00e3o de Dados). Aplicamos os princ\u00edpios da legalidade, equidade, transpar\u00eancia, limita\u00e7\u00e3o da finalidade, minimiza\u00e7\u00e3o de dados, exatid\u00e3o, limita\u00e7\u00e3o do armazenamento, privacidade\/ confidencialidade e responsabilidade.<\/p>\n\n\n\n<p><strong>11. Altera\u00e7\u00f5es \u00e0 pol\u00edtica<\/strong><\/p>\n\n\n\n<p>Podemos atualizar esta pol\u00edtica e notificaremos voc\u00ea publicando as altera\u00e7\u00f5es no Site e enviando um e-mail ou mensagem. Voc\u00ea ter\u00e1 a oportunidade de concordar com quaisquer altera\u00e7\u00f5es substanciais. As altera\u00e7\u00f5es entrar\u00e3o em vigor ap\u00f3s a publica\u00e7\u00e3o e seu uso cont\u00ednuo ser\u00e1 considerado como aceita\u00e7\u00e3o.<\/p>\n\n\n\n<p><strong>Vers\u00e3o 2.1, Data de lan\u00e7amento: 06\/03\/2025<\/strong><\/p>\n<\/div>\n<\/div>\n\n\n\n<div class=\"wp-block-columns alignfull has-black-background-color has-background is-layout-flex wp-container-core-columns-is-layout-28f84493 wp-block-columns-is-layout-flex\">\n<div class=\"wp-block-column is-layout-constrained wp-block-column-is-layout-constrained\">\n<div class=\"wp-block-columns is-layout-flex wp-container-core-columns-is-layout-28f84493 wp-block-columns-is-layout-flex\">\n<div class=\"wp-block-column is-layout-flow wp-block-column-is-layout-flow\">\n<div class=\"wp-block-columns is-not-stacked-on-mobile is-layout-flex wp-container-core-columns-is-layout-28f84493 wp-block-columns-is-layout-flex\">\n<div class=\"wp-block-column is-vertically-aligned-center is-layout-flow wp-block-column-is-layout-flow\">\n<figure class=\"wp-block-image aligncenter size-full\"><img decoding=\"async\" src=\"https:\/\/ibet-se.com\/wp-content\/uploads\/2025\/07\/Bank-Transfer-copy.webp\" alt=\"Bank Transfer\" class=\"wp-image-182\"\/><\/figure>\n<\/div>\n\n\n\n<div class=\"wp-block-column is-vertically-aligned-center is-layout-flow wp-block-column-is-layout-flow\">\n<figure class=\"wp-block-image aligncenter size-full\"><img decoding=\"async\" src=\"https:\/\/ibet-se.com\/wp-content\/uploads\/2025\/07\/VISA-copy.webp\" alt=\"Visa\" class=\"wp-image-186\"\/><\/figure>\n<\/div>\n\n\n\n<div class=\"wp-block-column is-vertically-aligned-center is-layout-flow wp-block-column-is-layout-flow\">\n<figure class=\"wp-block-image aligncenter size-full\"><img decoding=\"async\" src=\"https:\/\/ibet-se.com\/wp-content\/uploads\/2025\/07\/100-Secure-copy.webp\" alt=\"100% Secure\" class=\"wp-image-181\"\/><\/figure>\n<\/div>\n<\/div>\n<\/div>\n\n\n\n<div class=\"wp-block-column is-layout-flow wp-block-column-is-layout-flow\">\n<div class=\"wp-block-columns is-not-stacked-on-mobile is-layout-flex wp-container-core-columns-is-layout-28f84493 wp-block-columns-is-layout-flex\">\n<div class=\"wp-block-column is-vertically-aligned-center is-layout-flow wp-block-column-is-layout-flow\">\n<figure class=\"wp-block-image aligncenter size-full is-resized\"><img decoding=\"async\" src=\"https:\/\/ibet-se.com\/wp-content\/uploads\/2025\/07\/Mifinity-copy.webp\" alt=\"Mifinity\" class=\"wp-image-185\" style=\"width:100px\"\/><\/figure>\n<\/div>\n\n\n\n<div class=\"wp-block-column is-vertically-aligned-center is-layout-flow wp-block-column-is-layout-flow\">\n<figure class=\"wp-block-image aligncenter size-full\"><img decoding=\"async\" src=\"https:\/\/ibet-se.com\/wp-content\/uploads\/2025\/07\/flykk-copy.webp\" alt=\"Flykk\" class=\"wp-image-183\"\/><\/figure>\n<\/div>\n\n\n\n<div class=\"wp-block-column is-vertically-aligned-center is-layout-flow wp-block-column-is-layout-flow\">\n<figure class=\"wp-block-image aligncenter size-full is-resized\"><img decoding=\"async\" src=\"https:\/\/ibet-se.com\/wp-content\/uploads\/2025\/07\/Jetonbank-copy.webp\" alt=\"Jeton Bank\" class=\"wp-image-184\" style=\"width:100px\"\/><\/figure>\n<\/div>\n<\/div>\n<\/div>\n\n\n\n<div class=\"wp-block-column is-layout-flow wp-block-column-is-layout-flow\">\n<div class=\"wp-block-columns is-not-stacked-on-mobile is-layout-flex wp-container-core-columns-is-layout-28f84493 wp-block-columns-is-layout-flex\">\n<div class=\"wp-block-column is-vertically-aligned-center is-layout-flow wp-block-column-is-layout-flow\">\n<figure class=\"wp-block-image aligncenter size-full is-resized\"><img decoding=\"async\" src=\"https:\/\/ibet-se.com\/wp-content\/uploads\/2025\/07\/Trustly-copy.webp\" alt=\"Trustly\" class=\"wp-image-189\" style=\"width:100px\"\/><\/figure>\n<\/div>\n\n\n\n<div class=\"wp-block-column is-vertically-aligned-center is-layout-flow wp-block-column-is-layout-flow\">\n<figure class=\"wp-block-image aligncenter size-full\"><img decoding=\"async\" src=\"https:\/\/ibet-se.com\/wp-content\/uploads\/2025\/07\/Ellipse-1-copy.webp\" alt=\"Mastercard\" class=\"wp-image-187\"\/><\/figure>\n<\/div>\n\n\n\n<div class=\"wp-block-column is-vertically-aligned-center is-layout-flow wp-block-column-is-layout-flow\">\n<figure class=\"wp-block-image aligncenter size-full\"><img decoding=\"async\" src=\"https:\/\/ibet-se.com\/wp-content\/uploads\/2025\/07\/Neosurf-copy.webp\" alt=\"Neosurf\" class=\"wp-image-188\"\/><\/figure>\n<\/div>\n<\/div>\n<\/div>\n<\/div>\n<\/div>\n<\/div>\n","protected":false},"excerpt":{"rendered":"<p>Pol\u00edtica de Privacidade Pol\u00edtica de Prote\u00e7\u00e3o de Dados e Cookies 1. Introdu\u00e7\u00e3o Na ibet, valorizamos a transpar\u00eancia e levamos a [&hellip;]<\/p>\n","protected":false},"author":7,"featured_media":0,"parent":0,"menu_order":0,"comment_status":"closed","ping_status":"closed","template":"","meta":{"site-sidebar-layout":"default","site-content-layout":"","ast-site-content-layout":"default","site-content-style":"default","site-sidebar-style":"default","ast-global-header-display":"","ast-banner-title-visibility":"","ast-main-header-display":"","ast-hfb-above-header-display":"","ast-hfb-below-header-display":"","ast-hfb-mobile-header-display":"","site-post-title":"disabled","ast-breadcrumbs-content":"","ast-featured-img":"","footer-sml-layout":"","ast-disable-related-posts":"","theme-transparent-header-meta":"","adv-header-id-meta":"","stick-header-meta":"","header-above-stick-meta":"","header-main-stick-meta":"","header-below-stick-meta":"","astra-migrate-meta-layouts":"default","ast-page-background-enabled":"default","ast-page-background-meta":{"desktop":{"background-color":"var(--ast-global-color-5)","background-image":"","background-repeat":"repeat","background-position":"center center","background-size":"auto","background-attachment":"scroll","background-type":"","background-media":"","overlay-type":"","overlay-color":"","overlay-opacity":"","overlay-gradient":""},"tablet":{"background-color":"","background-image":"","background-repeat":"repeat","background-position":"center center","background-size":"auto","background-attachment":"scroll","background-type":"","background-media":"","overlay-type":"","overlay-color":"","overlay-opacity":"","overlay-gradient":""},"mobile":{"background-color":"","background-image":"","background-repeat":"repeat","background-position":"center center","background-size":"auto","background-attachment":"scroll","background-type":"","background-media":"","overlay-type":"","overlay-color":"","overlay-opacity":"","overlay-gradient":""}},"ast-content-background-meta":{"desktop":{"background-color":"var(--ast-global-color-4)","background-image":"","background-repeat":"repeat","background-position":"center center","background-size":"auto","background-attachment":"scroll","background-type":"","background-media":"","overlay-type":"","overlay-color":"","overlay-opacity":"","overlay-gradient":""},"tablet":{"background-color":"var(--ast-global-color-4)","background-image":"","background-repeat":"repeat","background-position":"center center","background-size":"auto","background-attachment":"scroll","background-type":"","background-media":"","overlay-type":"","overlay-color":"","overlay-opacity":"","overlay-gradient":""},"mobile":{"background-color":"var(--ast-global-color-4)","background-image":"","background-repeat":"repeat","background-position":"center center","background-size":"auto","background-attachment":"scroll","background-type":"","background-media":"","overlay-type":"","overlay-color":"","overlay-opacity":"","overlay-gradient":""}},"footnotes":""},"class_list":["post-168","page","type-page","status-publish","hentry"],"_links":{"self":[{"href":"https:\/\/ibet365.club\/pt-br\/wp-json\/wp\/v2\/pages\/168","targetHints":{"allow":["GET"]}}],"collection":[{"href":"https:\/\/ibet365.club\/pt-br\/wp-json\/wp\/v2\/pages"}],"about":[{"href":"https:\/\/ibet365.club\/pt-br\/wp-json\/wp\/v2\/types\/page"}],"author":[{"embeddable":true,"href":"https:\/\/ibet365.club\/pt-br\/wp-json\/wp\/v2\/users\/7"}],"replies":[{"embeddable":true,"href":"https:\/\/ibet365.club\/pt-br\/wp-json\/wp\/v2\/comments?post=168"}],"version-history":[{"count":1,"href":"https:\/\/ibet365.club\/pt-br\/wp-json\/wp\/v2\/pages\/168\/revisions"}],"predecessor-version":[{"id":208,"href":"https:\/\/ibet365.club\/pt-br\/wp-json\/wp\/v2\/pages\/168\/revisions\/208"}],"wp:attachment":[{"href":"https:\/\/ibet365.club\/pt-br\/wp-json\/wp\/v2\/media?parent=168"}],"curies":[{"name":"wp","href":"https:\/\/api.w.org\/{rel}","templated":true}]}}